{"id":90,"date":"2017-09-11T13:46:48","date_gmt":"2017-09-11T11:46:48","guid":{"rendered":"http:\/\/www.science-accueil.org\/?page_id=90"},"modified":"2025-07-31T14:09:27","modified_gmt":"2025-07-31T12:09:27","slug":"page-d-exemple","status":"publish","type":"page","link":"https:\/\/www.science-accueil.org\/en\/","title":{"rendered":"Home"},"content":{"rendered":"<div class=\"wpb-content-wrapper\"><p>[vc_row][vc_column]\n        <div class=\"wtitle\">\n         \n            <h2 style=\"background: ;color: #ff0000;border-color:#ff0000\">Scientist, landlords and institutions comments<\/h2>\n         \n        <\/div><div class=\"row\">\n                <div class=\"col-md-4\">\n                    <div class=\"wperson\">\n                        <div class=\"wperson-image\" style=\"background-image:url('https:\/\/www.science-accueil.org\/wp-content\/uploads\/2025\/07\/Picto-Temoignages-Chercheur.png')\"><\/div>\n                        <div class=\"wperson-title\">Pedro S.<\/div>\n                        <div class=\"wperson-subtitle\">Institut d\u2019Optique Graduate School<\/div>\n                        <div class=\"wperson-description\">Science Accueil has been extremely helpful during my residence permit process. Anne was always kind, responsive, and professional, and her guidance made everything much easier.<\/div>\n                    <\/div>\n                <\/div>\n                <div class=\"col-md-4\">\n                    <div class=\"wperson\">\n                        <div class=\"wperson-image\" style=\"background-image:url('https:\/\/www.science-accueil.org\/wp-content\/uploads\/2025\/07\/Picto-Temoignages-Chercheur.png')\"><\/div>\n                        <div class=\"wperson-title\">Magan H.<\/div>\n                        <div class=\"wperson-subtitle\">Doctorant \u00e0 l'Universit\u00e9 Paris-Saclay<\/div>\n                        <div class=\"wperson-description\">Ils sont tout simplement une bou\u00e9e de sauvetage pour les \u00e9tudiants internationaux !<\/div>\n                    <\/div>\n                <\/div>\n                <div class=\"col-md-4\">\n                    <div class=\"wperson\">\n                        <div class=\"wperson-image\" style=\"background-image:url('https:\/\/www.science-accueil.org\/wp-content\/uploads\/2021\/12\/Picto-Temoignages-Chercheuse-150x150-1.png')\"><\/div>\n                        <div class=\"wperson-title\">Sara S.<\/div>\n                        <div class=\"wperson-subtitle\">\u00c9cole Polytechnique<\/div>\n                        <div class=\"wperson-description\">C'est sans doute l'organisme le plus efficace de toute la France ! Je ne les remercierai jamais assez pour toute l'aide qu'ils m'ont apport\u00e9e (recherche d'un appartement, aide pour l'obtention du titre de s\u00e9jour, organisation d'activit\u00e9s sociales, etc.).<\/div>\n                    <\/div>\n                <\/div><\/div>[\/vc_column][\/vc_row][vc_row][vc_column][vc_empty_space][\/vc_column][\/vc_row][vc_row][vc_column]\n        <div class=\"wtitle\">\n         \n            <h2 style=\"background: #ffffff;color: #ff0000;border-color:#ff0000\">Move easier with Science Accueil !<\/h2>\n         \n        <\/div>[vc_column_text]Science Accueil accompagne la mobilit\u00e9 entrante des scientifiques internationaux.<\/p>\n<p>Aider les scientifiques \u00e0 se rep\u00e9rer dans le d\u00e9dale des d\u00e9marches administratives, \u00e0 trouver un logement, apprendre le fran\u00e7ais, cr\u00e9er des liens avec les habitants, faire des d\u00e9couvertes culturelles, afin qu&#8217;ils se sentent attendus, accueillis, appr\u00e9ci\u00e9s&#8230; tel est l&#8217;esprit Science Accueil.[\/vc_column_text][\/vc_column][\/vc_row][vc_row content_placement=&#8221;middle&#8221;][vc_column width=&#8221;1\/6&#8243;][vc_single_image image=&#8221;59&#8243; img_size=&#8221;medium&#8221;][\/vc_column][vc_column width=&#8221;1\/6&#8243;][vc_single_image image=&#8221;636&#8243; img_size=&#8221;medium&#8221;][\/vc_column][\/vc_row][vc_row][vc_column][\/vc_column][\/vc_row][vc_row][vc_column][\/vc_column][\/vc_row]<\/p>\n<\/div>","protected":false},"excerpt":{"rendered":"<p>[vc_row][vc_column][\/vc_column][\/vc_row][vc_row][vc_column][vc_empty_space][\/vc_column][\/vc_row][vc_row][vc_column][vc_column_text]Science Accueil accompagne la mobilit\u00e9 entrante des scientifiques internationaux. Aider les scientifiques \u00e0 se rep\u00e9rer dans le d\u00e9dale des d\u00e9marches administratives, \u00e0 trouver un logement, apprendre le fran\u00e7ais, cr\u00e9er des [&hellip;]<\/p>\n","protected":false},"author":1,"featured_media":0,"parent":0,"menu_order":0,"comment_status":"closed","ping_status":"open","template":"","meta":{"_acf_changed":false,"footnotes":""},"class_list":["post-90","page","type-page","status-publish","hentry"],"acf":[],"yoast_head":"<!-- This site is optimized with the Yoast SEO plugin v27.4 - https:\/\/yoast.com\/product\/yoast-seo-wordpress\/ -->\n<title>Home - Science Accueil<\/title>\n<meta name=\"robots\" content=\"index, follow, max-snippet:-1, max-image-preview:large, max-video-preview:-1\" \/>\n<link rel=\"canonical\" href=\"https:\/\/www.science-accueil.org\/en\/\" \/>\n<meta property=\"og:locale\" content=\"en_US\" \/>\n<meta property=\"og:type\" content=\"article\" \/>\n<meta property=\"og:title\" content=\"Home - Science Accueil\" \/>\n<meta property=\"og:description\" content=\"[vc_row][vc_column][\/vc_column][\/vc_row][vc_row][vc_column][vc_empty_space][\/vc_column][\/vc_row][vc_row][vc_column][vc_column_text]Science Accueil accompagne la mobilit\u00e9 entrante des scientifiques internationaux. Aider les scientifiques \u00e0 se rep\u00e9rer dans le d\u00e9dale des d\u00e9marches administratives, \u00e0 trouver un logement, apprendre le fran\u00e7ais, cr\u00e9er des [&hellip;]\" \/>\n<meta property=\"og:url\" content=\"https:\/\/www.science-accueil.org\/en\/\" \/>\n<meta property=\"og:site_name\" content=\"Science Accueil\" \/>\n<meta property=\"article:modified_time\" content=\"2025-07-31T12:09:27+00:00\" \/>\n<meta name=\"twitter:card\" content=\"summary_large_image\" \/>\n<meta name=\"twitter:label1\" content=\"Est. reading time\" \/>\n\t<meta name=\"twitter:data1\" content=\"1 minute\" \/>\n<script type=\"application\/ld+json\" class=\"yoast-schema-graph\">{\"@context\":\"https:\\\/\\\/schema.org\",\"@graph\":[{\"@type\":\"WebPage\",\"@id\":\"https:\\\/\\\/www.science-accueil.org\\\/en\\\/\",\"url\":\"https:\\\/\\\/www.science-accueil.org\\\/en\\\/\",\"name\":\"Home - Science Accueil\",\"isPartOf\":{\"@id\":\"https:\\\/\\\/www.science-accueil.org\\\/en\\\/#website\"},\"datePublished\":\"2017-09-11T11:46:48+00:00\",\"dateModified\":\"2025-07-31T12:09:27+00:00\",\"breadcrumb\":{\"@id\":\"https:\\\/\\\/www.science-accueil.org\\\/en\\\/#breadcrumb\"},\"inLanguage\":\"en-US\",\"potentialAction\":[{\"@type\":\"ReadAction\",\"target\":[\"https:\\\/\\\/www.science-accueil.org\\\/en\\\/\"]}]},{\"@type\":\"BreadcrumbList\",\"@id\":\"https:\\\/\\\/www.science-accueil.org\\\/en\\\/#breadcrumb\",\"itemListElement\":[{\"@type\":\"ListItem\",\"position\":1,\"name\":\"Home\",\"item\":\"https:\\\/\\\/www.science-accueil.org\\\/en\\\/\"},{\"@type\":\"ListItem\",\"position\":2,\"name\":\"Home\"}]},{\"@type\":\"WebSite\",\"@id\":\"https:\\\/\\\/www.science-accueil.org\\\/en\\\/#website\",\"url\":\"https:\\\/\\\/www.science-accueil.org\\\/en\\\/\",\"name\":\"Science Accueil\",\"description\":\"\",\"potentialAction\":[{\"@type\":\"SearchAction\",\"target\":{\"@type\":\"EntryPoint\",\"urlTemplate\":\"https:\\\/\\\/www.science-accueil.org\\\/en\\\/?s={search_term_string}\"},\"query-input\":{\"@type\":\"PropertyValueSpecification\",\"valueRequired\":true,\"valueName\":\"search_term_string\"}}],\"inLanguage\":\"en-US\"}]}<\/script>\n<!-- \/ Yoast SEO plugin. -->","yoast_head_json":{"title":"Home - Science Accueil","robots":{"index":"index","follow":"follow","max-snippet":"max-snippet:-1","max-image-preview":"max-image-preview:large","max-video-preview":"max-video-preview:-1"},"canonical":"https:\/\/www.science-accueil.org\/en\/","og_locale":"en_US","og_type":"article","og_title":"Home - Science Accueil","og_description":"[vc_row][vc_column][\/vc_column][\/vc_row][vc_row][vc_column][vc_empty_space][\/vc_column][\/vc_row][vc_row][vc_column][vc_column_text]Science Accueil accompagne la mobilit\u00e9 entrante des scientifiques internationaux. Aider les scientifiques \u00e0 se rep\u00e9rer dans le d\u00e9dale des d\u00e9marches administratives, \u00e0 trouver un logement, apprendre le fran\u00e7ais, cr\u00e9er des [&hellip;]","og_url":"https:\/\/www.science-accueil.org\/en\/","og_site_name":"Science Accueil","article_modified_time":"2025-07-31T12:09:27+00:00","twitter_card":"summary_large_image","twitter_misc":{"Est. reading time":"1 minute"},"schema":{"@context":"https:\/\/schema.org","@graph":[{"@type":"WebPage","@id":"https:\/\/www.science-accueil.org\/en\/","url":"https:\/\/www.science-accueil.org\/en\/","name":"Home - Science Accueil","isPartOf":{"@id":"https:\/\/www.science-accueil.org\/en\/#website"},"datePublished":"2017-09-11T11:46:48+00:00","dateModified":"2025-07-31T12:09:27+00:00","breadcrumb":{"@id":"https:\/\/www.science-accueil.org\/en\/#breadcrumb"},"inLanguage":"en-US","potentialAction":[{"@type":"ReadAction","target":["https:\/\/www.science-accueil.org\/en\/"]}]},{"@type":"BreadcrumbList","@id":"https:\/\/www.science-accueil.org\/en\/#breadcrumb","itemListElement":[{"@type":"ListItem","position":1,"name":"Home","item":"https:\/\/www.science-accueil.org\/en\/"},{"@type":"ListItem","position":2,"name":"Home"}]},{"@type":"WebSite","@id":"https:\/\/www.science-accueil.org\/en\/#website","url":"https:\/\/www.science-accueil.org\/en\/","name":"Science Accueil","description":"","potentialAction":[{"@type":"SearchAction","target":{"@type":"EntryPoint","urlTemplate":"https:\/\/www.science-accueil.org\/en\/?s={search_term_string}"},"query-input":{"@type":"PropertyValueSpecification","valueRequired":true,"valueName":"search_term_string"}}],"inLanguage":"en-US"}]}},"_links":{"self":[{"href":"https:\/\/www.science-accueil.org\/en\/wp-json\/wp\/v2\/pages\/90","targetHints":{"allow":["GET"]}}],"collection":[{"href":"https:\/\/www.science-accueil.org\/en\/wp-json\/wp\/v2\/pages"}],"about":[{"href":"https:\/\/www.science-accueil.org\/en\/wp-json\/wp\/v2\/types\/page"}],"author":[{"embeddable":true,"href":"https:\/\/www.science-accueil.org\/en\/wp-json\/wp\/v2\/users\/1"}],"replies":[{"embeddable":true,"href":"https:\/\/www.science-accueil.org\/en\/wp-json\/wp\/v2\/comments?post=90"}],"version-history":[{"count":5,"href":"https:\/\/www.science-accueil.org\/en\/wp-json\/wp\/v2\/pages\/90\/revisions"}],"predecessor-version":[{"id":23456,"href":"https:\/\/www.science-accueil.org\/en\/wp-json\/wp\/v2\/pages\/90\/revisions\/23456"}],"wp:attachment":[{"href":"https:\/\/www.science-accueil.org\/en\/wp-json\/wp\/v2\/media?parent=90"}],"curies":[{"name":"wp","href":"https:\/\/api.w.org\/{rel}","templated":true}]}}