{"id":5922,"date":"2020-01-13T15:29:24","date_gmt":"2020-01-13T14:29:24","guid":{"rendered":"http:\/\/www.science-accueil.org\/?page_id=5922"},"modified":"2026-01-21T12:20:34","modified_gmt":"2026-01-21T11:20:34","slug":"le-paris-de-la-belle-epoque","status":"publish","type":"page","link":"https:\/\/www.science-accueil.org\/en\/le-paris-de-la-belle-epoque\/","title":{"rendered":"Paris during the Belle \u00c9poque"},"content":{"rendered":"<div class=\"wpb-content-wrapper\"><p>[vc_row][vc_column]\n        <div class=\"wtitle\">\n         \n            <h1 style=\"background: #ff0000;color: #ffffff;border-color:#ffffff\">CULTURAL VISIT: PARIS DURING THE BELLE \u00c9POQUE<\/h1>\n         \n        <\/div>\n        <div class=\"wtitle\">\n         \n            <h1 style=\"background: #FFFFFF;color: #DD3333;border-color:#DD3333\">Saturday, February 7, 2026<\/h1>\n         \n        <\/div>[vc_column_text css=&#8221;&#8221;]The Belle \u00c9poque refers to an idealized period of prosperity, political stability, and optimism in France between the end of the 19th century and the start of World War I. Despite social inequalities and tensions, the Belle \u00c9poque was marked by significant economic growth, scientific and technical advances, and cultural and artistic flourishing.<\/p>\n<p>In Paris, the city was lit by electricity, the metro appeared, and shop windows sparkled at night. Caf\u00e9s, cabarets, and theaters flourished. In the wealthy neighborhoods, the bourgeoisie flaunted their wealth: long dresses, corsets, hats, canes, horse-drawn carriages, and then automobiles. The World&#8217;s Fairs (notably those of 1889 and 1900) celebrated science, industry, and peace. The Eiffel Tower, initially criticized, became the emblem of Paris and technical progress.[\/vc_column_text][vc_row_inner][vc_column_inner width=&#8221;1\/4&#8243;][vc_single_image image=&#8221;24329&#8243; img_size=&#8221;500&#215;400&#8243; css=&#8221;&#8221;][vc_single_image image=&#8221;24290&#8243; img_size=&#8221;500&#215;400&#8243; css=&#8221;&#8221;][\/vc_column_inner][vc_column_inner width=&#8221;1\/2&#8243;][vc_column_text css=&#8221;&#8221;]Immerse yourself in the hustle and bustle of Paris during the Belle \u00c9poque! Follow our history-loving tour guide through some of Paris&#8217;s most legendary locations: theaters, covered passages, famous brasseries, and more.<\/p>\n<p><em>Programme <\/em><\/p>\n<ul>\n<li>(1:30 p.m.: Optional self-guided tour of the Gr\u00e9vin Museum*)<\/li>\n<li><strong>3 p.m.<\/strong>: Start of the guided walking tour in Englis in front of the Gr\u00e9vin Museum<\/li>\n<li>5 p.m.: Tea time at the famous Parisian brasserie Le Grand Colbert<\/li>\n<li><strong>6 p.m.<\/strong>: End of the tour<\/li>\n<\/ul>\n<p>&nbsp;<\/p>\n<p>Participation fees: <strong>29<\/strong><span class=\"a_GcMg font-feature-liga-off font-feature-clig-off font-feature-calt-off text-decoration-none text-strikethrough-none\"><strong>\u20ac<\/strong> (guided tour in English + hot beverage &amp; pastry in a beautiful historical brasserie)<\/span><\/p>\n<p><em>*Optional, <\/em>entry ticket to the Gr\u00e9vin Wax Museum<em> +\u20ac24<\/em><\/p>\n<p>Payment upon registration (<a href=\"https:\/\/www.science-accueil.org\/en\/tarifs-et-conditions-generales-2\/\" target=\"_blank\" rel=\"noopener\"><strong>read the terms and conditions<\/strong><\/a>)[\/vc_column_text][vc_btn title=&#8221;Register now&#8221; color=&#8221;danger&#8221; css=&#8221;&#8221; link=&#8221;url:https%3A%2F%2Fdocs.google.com%2Fforms%2Fd%2Fe%2F1FAIpQLScSUNHfcfYs4kq9TZK4chcPgMN_b31a6EtjoKIBjQ7ZFHqG7g%2Fviewform|title:Je%20m&#8217;incris|target:_blank&#8221;][\/vc_column_inner][vc_column_inner width=&#8221;1\/4&#8243;][vc_single_image image=&#8221;24293&#8243; img_size=&#8221;500&#215;400&#8243; css=&#8221;&#8221;][vc_single_image image=&#8221;24296&#8243; img_size=&#8221;500&#215;400&#8243; css=&#8221;&#8221;][\/vc_column_inner][\/vc_row_inner][vc_row_inner][vc_column_inner width=&#8221;2\/3&#8243;]\n        <div class=\"wtitle\">\n         \n            <h5 style=\"background: #ffffff;color: #ff0000;border-color:#ff0000\">*Optional: visit the Gr\u00e9vin wax museum (self-guided tour with our group)<\/h5>\n         \n        <\/div>[vc_column_text css=&#8221;&#8221;]Visit the magnificent Mus\u00e9e Gr\u00e9vin, a true architectural heritage site, and discover its wax figures and reconstructions depicting kings, artists, scientists, and more. An immersive introduction to the era of our visit!<\/p>\n<p>Ticket: \u20ac24 (in addition to the tour participation fee)<\/p>\n<p><strong>This option must be booked before January 30. <\/strong>[\/vc_column_text][\/vc_column_inner][vc_column_inner width=&#8221;1\/3&#8243;][vc_single_image image=&#8221;24287&#8243; img_size=&#8221;medium&#8221; css=&#8221;&#8221;][\/vc_column_inner][\/vc_row_inner][vc_column_text css=&#8221;&#8221;]<em>Photo credits: (b<\/em><em>anner)<span class=\"a_GcMg font-feature-liga-off font-feature-clig-off font-feature-calt-off text-decoration-none text-strikethrough-none\">Tableau de Jean B\u00e9raud, <\/span><span class=\"a_GcMg font-feature-liga-off font-feature-clig-off font-feature-calt-off text-decoration-none text-strikethrough-none\">Apr\u00e8s l&#8217;Office \u00e0 l&#8217;Eglise de la Sainte-Trinit\u00e9 (<\/span><span class=\"a_GcMg font-feature-liga-off font-feature-clig-off font-feature-calt-off text-decoration-none text-strikethrough-none\">1900), <\/span>Private collection, long-term loan to the Mus\u00e9e d&#8217;Orsay<span class=\"a_GcMg font-feature-liga-off font-feature-clig-off font-feature-calt-off text-decoration-none text-strikethrough-none\"> ; \u00a0(Galerie Vivienne) Photo by Benh Lieu Song via Wikimedia Commons ; (Bouillon Chartier facade) Canva ; (Gr\u00e9vin museum facade) Chabe01, <a href=\"https:\/\/creativecommons.org\/licenses\/by-sa\/4.0\" target=\"_blank\" rel=\"noopener\">CC BY-SA 4.0<\/a>, via Wikimedia Commons<\/span><\/em>[\/vc_column_text][\/vc_column][\/vc_row]<\/p>\n<\/div>","protected":false},"excerpt":{"rendered":"<p>[vc_row][vc_column][vc_column_text css=&#8221;&#8221;]The Belle \u00c9poque refers to an idealized period of prosperity, political stability, and optimism in France between the end of the 19th century and the start of World War [&hellip;]<\/p>\n","protected":false},"author":7,"featured_media":0,"parent":0,"menu_order":0,"comment_status":"closed","ping_status":"closed","template":"","meta":{"_acf_changed":false,"footnotes":""},"class_list":["post-5922","page","type-page","status-publish","hentry"],"acf":[],"yoast_head":"<!-- This site is optimized with the Yoast SEO plugin v27.4 - https:\/\/yoast.com\/product\/yoast-seo-wordpress\/ -->\n<title>Paris during the Belle \u00c9poque - Science Accueil<\/title>\n<meta name=\"robots\" content=\"index, follow, max-snippet:-1, max-image-preview:large, max-video-preview:-1\" \/>\n<link rel=\"canonical\" href=\"https:\/\/www.science-accueil.org\/en\/le-paris-de-la-belle-epoque\/\" \/>\n<meta property=\"og:locale\" content=\"en_US\" \/>\n<meta property=\"og:type\" content=\"article\" \/>\n<meta property=\"og:title\" content=\"Paris during the Belle \u00c9poque - Science Accueil\" \/>\n<meta property=\"og:description\" content=\"[vc_row][vc_column][vc_column_text css=&#8221;&#8221;]The Belle \u00c9poque refers to an idealized period of prosperity, political stability, and optimism in France between the end of the 19th century and the start of World War [&hellip;]\" \/>\n<meta property=\"og:url\" content=\"https:\/\/www.science-accueil.org\/en\/le-paris-de-la-belle-epoque\/\" \/>\n<meta property=\"og:site_name\" content=\"Science Accueil\" \/>\n<meta property=\"article:modified_time\" content=\"2026-01-21T11:20:34+00:00\" \/>\n<meta name=\"twitter:card\" content=\"summary_large_image\" \/>\n<meta name=\"twitter:label1\" content=\"Est. reading time\" \/>\n\t<meta name=\"twitter:data1\" content=\"3 minutes\" \/>\n<script type=\"application\/ld+json\" class=\"yoast-schema-graph\">{\"@context\":\"https:\\\/\\\/schema.org\",\"@graph\":[{\"@type\":\"WebPage\",\"@id\":\"https:\\\/\\\/www.science-accueil.org\\\/en\\\/le-paris-de-la-belle-epoque\\\/\",\"url\":\"https:\\\/\\\/www.science-accueil.org\\\/en\\\/le-paris-de-la-belle-epoque\\\/\",\"name\":\"Paris during the Belle \u00c9poque - Science Accueil\",\"isPartOf\":{\"@id\":\"https:\\\/\\\/www.science-accueil.org\\\/en\\\/#website\"},\"datePublished\":\"2020-01-13T14:29:24+00:00\",\"dateModified\":\"2026-01-21T11:20:34+00:00\",\"breadcrumb\":{\"@id\":\"https:\\\/\\\/www.science-accueil.org\\\/en\\\/le-paris-de-la-belle-epoque\\\/#breadcrumb\"},\"inLanguage\":\"en-US\",\"potentialAction\":[{\"@type\":\"ReadAction\",\"target\":[\"https:\\\/\\\/www.science-accueil.org\\\/en\\\/le-paris-de-la-belle-epoque\\\/\"]}]},{\"@type\":\"BreadcrumbList\",\"@id\":\"https:\\\/\\\/www.science-accueil.org\\\/en\\\/le-paris-de-la-belle-epoque\\\/#breadcrumb\",\"itemListElement\":[{\"@type\":\"ListItem\",\"position\":1,\"name\":\"Home\",\"item\":\"https:\\\/\\\/www.science-accueil.org\\\/en\\\/\"},{\"@type\":\"ListItem\",\"position\":2,\"name\":\"Paris during the Belle \u00c9poque\"}]},{\"@type\":\"WebSite\",\"@id\":\"https:\\\/\\\/www.science-accueil.org\\\/en\\\/#website\",\"url\":\"https:\\\/\\\/www.science-accueil.org\\\/en\\\/\",\"name\":\"Science Accueil\",\"description\":\"\",\"potentialAction\":[{\"@type\":\"SearchAction\",\"target\":{\"@type\":\"EntryPoint\",\"urlTemplate\":\"https:\\\/\\\/www.science-accueil.org\\\/en\\\/?s={search_term_string}\"},\"query-input\":{\"@type\":\"PropertyValueSpecification\",\"valueRequired\":true,\"valueName\":\"search_term_string\"}}],\"inLanguage\":\"en-US\"}]}<\/script>\n<!-- \/ Yoast SEO plugin. -->","yoast_head_json":{"title":"Paris during the Belle \u00c9poque - Science Accueil","robots":{"index":"index","follow":"follow","max-snippet":"max-snippet:-1","max-image-preview":"max-image-preview:large","max-video-preview":"max-video-preview:-1"},"canonical":"https:\/\/www.science-accueil.org\/en\/le-paris-de-la-belle-epoque\/","og_locale":"en_US","og_type":"article","og_title":"Paris during the Belle \u00c9poque - Science Accueil","og_description":"[vc_row][vc_column][vc_column_text css=&#8221;&#8221;]The Belle \u00c9poque refers to an idealized period of prosperity, political stability, and optimism in France between the end of the 19th century and the start of World War [&hellip;]","og_url":"https:\/\/www.science-accueil.org\/en\/le-paris-de-la-belle-epoque\/","og_site_name":"Science Accueil","article_modified_time":"2026-01-21T11:20:34+00:00","twitter_card":"summary_large_image","twitter_misc":{"Est. reading time":"3 minutes"},"schema":{"@context":"https:\/\/schema.org","@graph":[{"@type":"WebPage","@id":"https:\/\/www.science-accueil.org\/en\/le-paris-de-la-belle-epoque\/","url":"https:\/\/www.science-accueil.org\/en\/le-paris-de-la-belle-epoque\/","name":"Paris during the Belle \u00c9poque - Science Accueil","isPartOf":{"@id":"https:\/\/www.science-accueil.org\/en\/#website"},"datePublished":"2020-01-13T14:29:24+00:00","dateModified":"2026-01-21T11:20:34+00:00","breadcrumb":{"@id":"https:\/\/www.science-accueil.org\/en\/le-paris-de-la-belle-epoque\/#breadcrumb"},"inLanguage":"en-US","potentialAction":[{"@type":"ReadAction","target":["https:\/\/www.science-accueil.org\/en\/le-paris-de-la-belle-epoque\/"]}]},{"@type":"BreadcrumbList","@id":"https:\/\/www.science-accueil.org\/en\/le-paris-de-la-belle-epoque\/#breadcrumb","itemListElement":[{"@type":"ListItem","position":1,"name":"Home","item":"https:\/\/www.science-accueil.org\/en\/"},{"@type":"ListItem","position":2,"name":"Paris during the Belle \u00c9poque"}]},{"@type":"WebSite","@id":"https:\/\/www.science-accueil.org\/en\/#website","url":"https:\/\/www.science-accueil.org\/en\/","name":"Science Accueil","description":"","potentialAction":[{"@type":"SearchAction","target":{"@type":"EntryPoint","urlTemplate":"https:\/\/www.science-accueil.org\/en\/?s={search_term_string}"},"query-input":{"@type":"PropertyValueSpecification","valueRequired":true,"valueName":"search_term_string"}}],"inLanguage":"en-US"}]}},"_links":{"self":[{"href":"https:\/\/www.science-accueil.org\/en\/wp-json\/wp\/v2\/pages\/5922","targetHints":{"allow":["GET"]}}],"collection":[{"href":"https:\/\/www.science-accueil.org\/en\/wp-json\/wp\/v2\/pages"}],"about":[{"href":"https:\/\/www.science-accueil.org\/en\/wp-json\/wp\/v2\/types\/page"}],"author":[{"embeddable":true,"href":"https:\/\/www.science-accueil.org\/en\/wp-json\/wp\/v2\/users\/7"}],"replies":[{"embeddable":true,"href":"https:\/\/www.science-accueil.org\/en\/wp-json\/wp\/v2\/comments?post=5922"}],"version-history":[{"count":6,"href":"https:\/\/www.science-accueil.org\/en\/wp-json\/wp\/v2\/pages\/5922\/revisions"}],"predecessor-version":[{"id":24351,"href":"https:\/\/www.science-accueil.org\/en\/wp-json\/wp\/v2\/pages\/5922\/revisions\/24351"}],"wp:attachment":[{"href":"https:\/\/www.science-accueil.org\/en\/wp-json\/wp\/v2\/media?parent=5922"}],"curies":[{"name":"wp","href":"https:\/\/api.w.org\/{rel}","templated":true}]}}