{"id":5362,"date":"2019-08-22T01:17:09","date_gmt":"2019-08-21T23:17:09","guid":{"rendered":"http:\/\/www.science-accueil.org\/assurance-maladie\/"},"modified":"2024-08-21T00:38:57","modified_gmt":"2024-08-20T22:38:57","slug":"assurance-maladie","status":"publish","type":"page","link":"https:\/\/www.science-accueil.org\/en\/assurance-maladie\/","title":{"rendered":"Assurance maladie"},"content":{"rendered":"<div class=\"wpb-content-wrapper\"><p>[vc_row][vc_column]\n        <div class=\"wtitle\">\n         \n            <h1 style=\"background: #26c3f0;color: ;border-color:\">L'assurance maladie (health insurance)<\/h1>\n         \n        <\/div>[vc_empty_space][\/vc_column][\/vc_row][vc_row][vc_column][vc_empty_space height=&#8221;16px&#8221;][vc_column_text]The Assurance Maladie puts its skills to work with numerous projects to secure the health of over million insured people. For over 70 years, the Assurance Maladie has played a major role in national solidarity.<\/p>\n<p>The key to the health system&#8217;s sustainability is a joint responsability and needs srong involvement from each player.[\/vc_column_text][\/vc_column][\/vc_row][vc_row][vc_column width=&#8221;1\/2&#8243;][vc_single_image image=&#8221;5267&#8243; img_size=&#8221;460&#215;350&#8243;][\/vc_column][vc_column width=&#8221;1\/2&#8243;][vc_empty_space height=&#8221;48px&#8221;][vc_column_text]In this health system, the Assurance Maladie has three tasks at hand :<\/p>\n<ul>\n<li>ensure universal access to rights and allow access to healthcare,<\/li>\n<li>preserve everyone&#8217;s personal health with ssupport,<\/li>\n<li>better the system&#8217;s efficiency.<\/li>\n<\/ul>\n<p>&nbsp;<\/p>\n<p>The Assurance Maladie wants to offer the best quality of service with all of these tasks. In order to do this, it relies on a proximity network and the commitment of 85 000 contributors that operate day by day, at a departmental, regional or national scale.[\/vc_column_text][\/vc_column][\/vc_row][vc_row][vc_column][vc_empty_space height=&#8221;4px&#8221;][\/vc_column][\/vc_row][vc_row][vc_column][vc_column_text]The &#8220;Caisse Primaire d\u2019Assurance Maladie de l\u2019Essonne&#8221; cares for over one million Essonne residents. It carries out its public service tasks withpeople who are insured, health professionnals and employers of the department. \u00a0Close to 1100 officers deploy their expertise to help the public, and live up to<strong> the strong values of the<\/strong>\u00a0<strong>Assurance Maladie: universality, solidarity, responsability and innovation<\/strong>.[\/vc_column_text][vc_empty_space height=&#8221;16px&#8221;][vc_empty_space height=&#8221;16px&#8221;][\/vc_column][\/vc_row][vc_row][vc_column]\n        <div class=\"wtitle\">\n         \n            <h2 style=\"background: #ffffff;color: #26c3f0;border-color:#26c3f0\">Which procedures are for you ?<\/h2>\n         \n        <\/div>[\/vc_column][\/vc_row][vc_row][vc_column]\n        <div class=\"wtitle\">\n         \n            <h5 style=\"background: #ffffff;color: #26c3f0;border-color:#26c3f0\">You are a student<\/h5>\n         \n        <\/div>[vc_column_text]If you are a student in France, you must go through simple procedures to anticipate your health-care costs coverage.[\/vc_column_text][\/vc_column][\/vc_row][vc_row][vc_column width=&#8221;1\/4&#8243;]<a href=\"http:\/\/www.science-accueil.org\/wp-content\/uploads\/2019\/08\/M\u00e9mo-\u00e9tudiants_rentr\u00e9e2019.pdf\">\n            <div class=\"wImageTitle\" style=\"background-image:url('https:\/\/www.science-accueil.org\/wp-content\/uploads\/2019\/08\/CPAM_m\u00e9mo-\u00e9tudiant-rentr\u00e9e_177x250.png');height:200px\"> <\/div>\n            <p class=\"wImageTitleLegend \">For students going back to school<\/p>\n        <\/a>[\/vc_column][vc_column width=&#8221;1\/4&#8243;]<a href=\"http:\/\/www.science-accueil.org\/wp-content\/uploads\/2019\/08\/M\u00e9mo-\u00e9tudiants-\u00e9trangers_rentr\u00e9e2019.pdf\">\n            <div class=\"wImageTitle\" style=\"background-image:url('https:\/\/www.science-accueil.org\/wp-content\/uploads\/2019\/08\/CPAM_m\u00e9mo-\u00e9tudiant-\u00e9trangers-rentr\u00e9e-2019_250x177.png');height:200px\"> <\/div>\n            <p class=\"wImageTitleLegend \">For foreign students<\/p>\n        <\/a>[\/vc_column][vc_column width=&#8221;1\/4&#8243;]<a href=\"http:\/\/www.science-accueil.org\/wp-content\/uploads\/2019\/08\/Flyer_Etudiants_etrangers_en-anglais.pdf\">\n            <div class=\"wImageTitle\" style=\"background-image:url('https:\/\/www.science-accueil.org\/wp-content\/uploads\/2019\/08\/CPAM_flyer-\u00e9tudiants-\u00e9trangers-en-anglais_210x250.png');height:250px\"> <\/div>\n            <p class=\"wImageTitleLegend \">Foreign students (flyer in English)<\/p>\n        <\/a>[\/vc_column][vc_column width=&#8221;1\/4&#8243;][\/vc_column][\/vc_row][vc_row][vc_column][vc_column_text]Foreign students, to have more information&#8230;<a href=\"https:\/\/etudiant-etranger.ameli.fr\/#\/\">click here, this page was made for you!<\/a>[\/vc_column_text][\/vc_column][\/vc_row][vc_row][vc_column]\n        <div class=\"wtitle\">\n         \n            <h5 style=\"background: #ffffff;color: #26c3f0;border-color:#26c3f0\">How to have health-care costs reimbursed?<\/h5>\n         \n        <\/div>[vc_column_text]On the website <a href=\"http:\/\/www.ameli.fr\/\">www.ameli.fr<\/a>, you can create an online login that will allow you to complete your procedures, keep up with your reimbursements, download your certificates\u2026. \u00bb<\/p>\n<p>[\/vc_column_text][\/vc_column][\/vc_row][vc_row][vc_column width=&#8221;1\/3&#8243;]<a href=\"http:\/\/www.science-accueil.org\/wp-content\/uploads\/2019\/08\/flyer-Ameli.pdf\">\n            <div class=\"wImageTitle\" style=\"background-image:url('https:\/\/www.science-accueil.org\/wp-content\/uploads\/2019\/08\/CPAM_flyer-Am\u00e9li_210x250.png');height:200px\"> <\/div>\n            <p class=\"wImageTitleLegend \">Create an ameli account<\/p>\n        <\/a>[\/vc_column][vc_column width=&#8221;1\/3&#8243;]<a href=\"http:\/\/www.science-accueil.org\/wp-content\/uploads\/2019\/08\/med-traitant.pdf\">\n            <div class=\"wImageTitle\" style=\"background-image:url('https:\/\/www.science-accueil.org\/wp-content\/uploads\/2019\/08\/CMAP_flyer_med-traitant_210x250.png');height:200px\"> <\/div>\n            <p class=\"wImageTitleLegend \">Declare a referring physician<\/p>\n        <\/a>[\/vc_column][vc_column width=&#8221;1\/3&#8243;]<a href=\"http:\/\/www.science-accueil.org\/wp-content\/uploads\/2019\/08\/Flyer_Essentiels_DMP_STDC.pdf\">\n            <div class=\"wImageTitle\" style=\"background-image:url('https:\/\/www.science-accueil.org\/wp-content\/uploads\/2019\/08\/CMAP_les-essentiels_210x250.png');height:200px\"> <\/div>\n            <p class=\"wImageTitleLegend \">Shared medical file<\/p>\n        <\/a>[\/vc_column][\/vc_row][vc_row][vc_column]\n        <div class=\"wtitle\">\n         \n            <h5 style=\"background: #ffffff;color: #26c3f0;border-color:#26c3f0\">Supplemental Health insurance<\/h5>\n         \n        <\/div>[vc_column_text]In some cases and based on your income, you can benefit from a &#8220;Couverture Maladie Universelle&#8221; (which reimburses 100% of your medical costs) or of an &#8220;Aide \u00e0 la Compl\u00e9mentaire Sant\u00e9&#8221;.[\/vc_column_text][\/vc_column][\/vc_row][vc_row][vc_column width=&#8221;1\/3&#8243;]<a href=\"http:\/\/www.science-accueil.org\/wp-content\/uploads\/2019\/08\/CMU-ACS.pdf\">\n            <div class=\"wImageTitle\" style=\"background-image:url('https:\/\/www.science-accueil.org\/wp-content\/uploads\/2019\/08\/CPAM_flyer-CMU-ACS_210x250.png');height:250px\"> <\/div>\n            <p class=\"wImageTitleLegend \">Compl\u00e9mentaire sant\u00e9<\/p>\n        <\/a>[\/vc_column][vc_column width=&#8221;1\/3&#8243;][\/vc_column][vc_column width=&#8221;1\/3&#8243;][\/vc_column][\/vc_row][vc_row][vc_column]\n        <div class=\"wtitle\">\n         \n            <h2 style=\"background: #ffffff;color: #26c3f0;border-color:#26c3f0\">More information...<\/h2>\n         \n        <\/div>[\/vc_column][\/vc_row][vc_row][vc_column][vc_column_text]In order to have more information, you can check out the website ameli.fr, visit us in person at the GATE, or (if you are encountering any difficulties) make an appointment with a CPAM at the GATE .[\/vc_column_text][\/vc_column][\/vc_row][vc_row][vc_column width=&#8221;1\/2&#8243;]\n        <div class=\"wImageTitle\" style=\"background-image:url('https:\/\/www.science-accueil.org\/wp-content\/uploads\/2019\/08\/Logo-CPAM_351x204.png');height:200px;\">\n         \n            <a style=\"background: rgba(38, 195, 240, 0.8);font-size:20px\" href=\"https:\/\/www.ameli.fr\/essonne\">ameli.fr<\/a>\n         \n        <\/div>[\/vc_column][vc_column width=&#8221;1\/2&#8243;]\n        <div class=\"wImageTitle\" style=\"background-image:url('https:\/\/www.science-accueil.org\/wp-content\/uploads\/2018\/09\/Bouton-GATE-V2.png');height:200px;\">\n         \n            <a style=\"background: rgba(38, 195, 240, 0.8);font-size:20px\" href=\"https:\/\/www.science-accueil.org\/pisa-infos-pratiques\/\">make an appointment at the GATE<\/a>\n         \n        <\/div>[\/vc_column][\/vc_row]<\/p>\n<\/div>","protected":false},"excerpt":{"rendered":"<p>[vc_row][vc_column][vc_empty_space][\/vc_column][\/vc_row][vc_row][vc_column][vc_empty_space height=&#8221;16px&#8221;][vc_column_text]The Assurance Maladie puts its skills to work with numerous projects to secure the health of over million insured people. For over 70 years, the Assurance Maladie has played [&hellip;]<\/p>\n","protected":false},"author":2,"featured_media":0,"parent":0,"menu_order":0,"comment_status":"closed","ping_status":"closed","template":"","meta":{"_acf_changed":false,"footnotes":""},"class_list":["post-5362","page","type-page","status-publish","hentry"],"acf":[],"yoast_head":"<!-- This site is optimized with the Yoast SEO plugin v27.4 - https:\/\/yoast.com\/product\/yoast-seo-wordpress\/ -->\n<title>Assurance maladie - Science Accueil<\/title>\n<meta name=\"robots\" content=\"index, follow, max-snippet:-1, max-image-preview:large, max-video-preview:-1\" \/>\n<link rel=\"canonical\" href=\"https:\/\/www.science-accueil.org\/en\/assurance-maladie\/\" \/>\n<meta property=\"og:locale\" content=\"en_US\" \/>\n<meta property=\"og:type\" content=\"article\" \/>\n<meta property=\"og:title\" content=\"Assurance maladie - Science Accueil\" \/>\n<meta property=\"og:description\" content=\"[vc_row][vc_column][vc_empty_space][\/vc_column][\/vc_row][vc_row][vc_column][vc_empty_space height=&#8221;16px&#8221;][vc_column_text]The Assurance Maladie puts its skills to work with numerous projects to secure the health of over million insured people. For over 70 years, the Assurance Maladie has played [&hellip;]\" \/>\n<meta property=\"og:url\" content=\"https:\/\/www.science-accueil.org\/en\/assurance-maladie\/\" \/>\n<meta property=\"og:site_name\" content=\"Science Accueil\" \/>\n<meta property=\"article:modified_time\" content=\"2024-08-20T22:38:57+00:00\" \/>\n<meta name=\"twitter:card\" content=\"summary_large_image\" \/>\n<meta name=\"twitter:label1\" content=\"Est. reading time\" \/>\n\t<meta name=\"twitter:data1\" content=\"3 minutes\" \/>\n<script type=\"application\/ld+json\" class=\"yoast-schema-graph\">{\"@context\":\"https:\\\/\\\/schema.org\",\"@graph\":[{\"@type\":\"WebPage\",\"@id\":\"https:\\\/\\\/www.science-accueil.org\\\/en\\\/assurance-maladie\\\/\",\"url\":\"https:\\\/\\\/www.science-accueil.org\\\/en\\\/assurance-maladie\\\/\",\"name\":\"Assurance maladie - Science Accueil\",\"isPartOf\":{\"@id\":\"https:\\\/\\\/www.science-accueil.org\\\/en\\\/#website\"},\"datePublished\":\"2019-08-21T23:17:09+00:00\",\"dateModified\":\"2024-08-20T22:38:57+00:00\",\"breadcrumb\":{\"@id\":\"https:\\\/\\\/www.science-accueil.org\\\/en\\\/assurance-maladie\\\/#breadcrumb\"},\"inLanguage\":\"en-US\",\"potentialAction\":[{\"@type\":\"ReadAction\",\"target\":[\"https:\\\/\\\/www.science-accueil.org\\\/en\\\/assurance-maladie\\\/\"]}]},{\"@type\":\"BreadcrumbList\",\"@id\":\"https:\\\/\\\/www.science-accueil.org\\\/en\\\/assurance-maladie\\\/#breadcrumb\",\"itemListElement\":[{\"@type\":\"ListItem\",\"position\":1,\"name\":\"Home\",\"item\":\"https:\\\/\\\/www.science-accueil.org\\\/en\\\/\"},{\"@type\":\"ListItem\",\"position\":2,\"name\":\"Assurance maladie\"}]},{\"@type\":\"WebSite\",\"@id\":\"https:\\\/\\\/www.science-accueil.org\\\/en\\\/#website\",\"url\":\"https:\\\/\\\/www.science-accueil.org\\\/en\\\/\",\"name\":\"Science Accueil\",\"description\":\"\",\"potentialAction\":[{\"@type\":\"SearchAction\",\"target\":{\"@type\":\"EntryPoint\",\"urlTemplate\":\"https:\\\/\\\/www.science-accueil.org\\\/en\\\/?s={search_term_string}\"},\"query-input\":{\"@type\":\"PropertyValueSpecification\",\"valueRequired\":true,\"valueName\":\"search_term_string\"}}],\"inLanguage\":\"en-US\"}]}<\/script>\n<!-- \/ Yoast SEO plugin. -->","yoast_head_json":{"title":"Assurance maladie - Science Accueil","robots":{"index":"index","follow":"follow","max-snippet":"max-snippet:-1","max-image-preview":"max-image-preview:large","max-video-preview":"max-video-preview:-1"},"canonical":"https:\/\/www.science-accueil.org\/en\/assurance-maladie\/","og_locale":"en_US","og_type":"article","og_title":"Assurance maladie - Science Accueil","og_description":"[vc_row][vc_column][vc_empty_space][\/vc_column][\/vc_row][vc_row][vc_column][vc_empty_space height=&#8221;16px&#8221;][vc_column_text]The Assurance Maladie puts its skills to work with numerous projects to secure the health of over million insured people. For over 70 years, the Assurance Maladie has played [&hellip;]","og_url":"https:\/\/www.science-accueil.org\/en\/assurance-maladie\/","og_site_name":"Science Accueil","article_modified_time":"2024-08-20T22:38:57+00:00","twitter_card":"summary_large_image","twitter_misc":{"Est. reading time":"3 minutes"},"schema":{"@context":"https:\/\/schema.org","@graph":[{"@type":"WebPage","@id":"https:\/\/www.science-accueil.org\/en\/assurance-maladie\/","url":"https:\/\/www.science-accueil.org\/en\/assurance-maladie\/","name":"Assurance maladie - Science Accueil","isPartOf":{"@id":"https:\/\/www.science-accueil.org\/en\/#website"},"datePublished":"2019-08-21T23:17:09+00:00","dateModified":"2024-08-20T22:38:57+00:00","breadcrumb":{"@id":"https:\/\/www.science-accueil.org\/en\/assurance-maladie\/#breadcrumb"},"inLanguage":"en-US","potentialAction":[{"@type":"ReadAction","target":["https:\/\/www.science-accueil.org\/en\/assurance-maladie\/"]}]},{"@type":"BreadcrumbList","@id":"https:\/\/www.science-accueil.org\/en\/assurance-maladie\/#breadcrumb","itemListElement":[{"@type":"ListItem","position":1,"name":"Home","item":"https:\/\/www.science-accueil.org\/en\/"},{"@type":"ListItem","position":2,"name":"Assurance maladie"}]},{"@type":"WebSite","@id":"https:\/\/www.science-accueil.org\/en\/#website","url":"https:\/\/www.science-accueil.org\/en\/","name":"Science Accueil","description":"","potentialAction":[{"@type":"SearchAction","target":{"@type":"EntryPoint","urlTemplate":"https:\/\/www.science-accueil.org\/en\/?s={search_term_string}"},"query-input":{"@type":"PropertyValueSpecification","valueRequired":true,"valueName":"search_term_string"}}],"inLanguage":"en-US"}]}},"_links":{"self":[{"href":"https:\/\/www.science-accueil.org\/en\/wp-json\/wp\/v2\/pages\/5362","targetHints":{"allow":["GET"]}}],"collection":[{"href":"https:\/\/www.science-accueil.org\/en\/wp-json\/wp\/v2\/pages"}],"about":[{"href":"https:\/\/www.science-accueil.org\/en\/wp-json\/wp\/v2\/types\/page"}],"author":[{"embeddable":true,"href":"https:\/\/www.science-accueil.org\/en\/wp-json\/wp\/v2\/users\/2"}],"replies":[{"embeddable":true,"href":"https:\/\/www.science-accueil.org\/en\/wp-json\/wp\/v2\/comments?post=5362"}],"version-history":[{"count":5,"href":"https:\/\/www.science-accueil.org\/en\/wp-json\/wp\/v2\/pages\/5362\/revisions"}],"predecessor-version":[{"id":21612,"href":"https:\/\/www.science-accueil.org\/en\/wp-json\/wp\/v2\/pages\/5362\/revisions\/21612"}],"wp:attachment":[{"href":"https:\/\/www.science-accueil.org\/en\/wp-json\/wp\/v2\/media?parent=5362"}],"curies":[{"name":"wp","href":"https:\/\/api.w.org\/{rel}","templated":true}]}}