{"id":5035,"date":"2018-05-12T05:24:03","date_gmt":"2018-05-12T03:24:03","guid":{"rendered":"http:\/\/www.science-accueil.org\/ecoles-d-ete-france-excellence\/"},"modified":"2019-08-06T14:29:46","modified_gmt":"2019-08-06T12:29:46","slug":"ecoles-d-ete-france-excellence","status":"publish","type":"page","link":"https:\/\/www.science-accueil.org\/en\/ecoles-d-ete-france-excellence\/","title":{"rendered":"Ecoles d&#8217;Et\u00e9 France Excellence"},"content":{"rendered":"<div class=\"wpb-content-wrapper\"><p>[vc_row][vc_column]\n        <div class=\"wtitle\">\n         \n            <h1 style=\"background: #36e1a7;color: #ffffff;border-color:#ffffff\">Les \u00e9coles d'\u00e9t\u00e9 France Excellence<\/h1>\n         \n        <\/div>[\/vc_column][\/vc_row][vc_row][vc_column][vc_column_text]Science Accueil est engag\u00e9e dans la pr\u00e9paration de l\u2019accueil d\u2019\u00e9tudiants chinois lors des \u00e9coles d\u2019\u00e9t\u00e9. En 2017, l\u2019Ambassade de France en Chine, l\u2019Universit\u00e9 d\u2019Evry et Polytechnique ont financ\u00e9 l&#8217;arriv\u00e9e d&#8217;une partie des \u00e9tudiants. L&#8217;autre partie ont \u00e9t\u00e9 pris en charge dans le cadre d\u2019un master jumel\u00e9 entre l\u2019Universit\u00e9 de Hust et l\u2019Universit\u00e9 d\u2019Evry.<br \/>\nAu programme de ces trois semaines : sensibilisation \u00e0 la recherche fran\u00e7aise assur\u00e9e par les \u00e9tablissements scientifiques, d\u00e9couverte du patrimoine et de la civilisation fran\u00e7aise, visites culturelles \u00e0 Etretat, Chambord, Paris, Versailles \u2026 ont permis \u00e0 ces jeunes chinois d\u2019appr\u00e9cier notre pays et d\u2019en devenir de bons ambassadeurs.[\/vc_column_text][\/vc_column][\/vc_row][vc_row][vc_column width=&#8221;1\/3&#8243;][vc_single_image image=&#8221;2384&#8243; img_size=&#8221;large&#8221;][\/vc_column][vc_column width=&#8221;1\/3&#8243;][vc_single_image image=&#8221;1315&#8243; img_size=&#8221;large&#8221;][\/vc_column][vc_column width=&#8221;1\/3&#8243;][vc_single_image image=&#8221;2673&#8243; img_size=&#8221;large&#8221;][\/vc_column][\/vc_row]<\/p>\n<\/div>","protected":false},"excerpt":{"rendered":"<p>[vc_row][vc_column][\/vc_column][\/vc_row][vc_row][vc_column][vc_column_text]Science Accueil est engag\u00e9e dans la pr\u00e9paration de l\u2019accueil d\u2019\u00e9tudiants chinois lors des \u00e9coles d\u2019\u00e9t\u00e9. En 2017, l\u2019Ambassade de France en Chine, l\u2019Universit\u00e9 d\u2019Evry et Polytechnique ont financ\u00e9 l&#8217;arriv\u00e9e d&#8217;une [&hellip;]<\/p>\n","protected":false},"author":2,"featured_media":0,"parent":0,"menu_order":0,"comment_status":"closed","ping_status":"closed","template":"","meta":{"_acf_changed":false,"footnotes":""},"class_list":["post-5035","page","type-page","status-publish","hentry"],"acf":[],"yoast_head":"<!-- This site is optimized with the Yoast SEO plugin v27.4 - https:\/\/yoast.com\/product\/yoast-seo-wordpress\/ -->\n<title>Ecoles d&#039;Et\u00e9 France Excellence - Science Accueil<\/title>\n<meta name=\"robots\" content=\"index, follow, max-snippet:-1, max-image-preview:large, max-video-preview:-1\" \/>\n<link rel=\"canonical\" href=\"https:\/\/www.science-accueil.org\/en\/ecoles-d-ete-france-excellence\/\" \/>\n<meta property=\"og:locale\" content=\"en_US\" \/>\n<meta property=\"og:type\" content=\"article\" \/>\n<meta property=\"og:title\" content=\"Ecoles d&#039;Et\u00e9 France Excellence - Science Accueil\" \/>\n<meta property=\"og:description\" content=\"[vc_row][vc_column][\/vc_column][\/vc_row][vc_row][vc_column][vc_column_text]Science Accueil est engag\u00e9e dans la pr\u00e9paration de l\u2019accueil d\u2019\u00e9tudiants chinois lors des \u00e9coles d\u2019\u00e9t\u00e9. En 2017, l\u2019Ambassade de France en Chine, l\u2019Universit\u00e9 d\u2019Evry et Polytechnique ont financ\u00e9 l&#8217;arriv\u00e9e d&#8217;une [&hellip;]\" \/>\n<meta property=\"og:url\" content=\"https:\/\/www.science-accueil.org\/en\/ecoles-d-ete-france-excellence\/\" \/>\n<meta property=\"og:site_name\" content=\"Science Accueil\" \/>\n<meta property=\"article:modified_time\" content=\"2019-08-06T12:29:46+00:00\" \/>\n<meta name=\"twitter:card\" content=\"summary_large_image\" \/>\n<meta name=\"twitter:label1\" content=\"Est. reading time\" \/>\n\t<meta name=\"twitter:data1\" content=\"1 minute\" \/>\n<script type=\"application\/ld+json\" class=\"yoast-schema-graph\">{\"@context\":\"https:\\\/\\\/schema.org\",\"@graph\":[{\"@type\":\"WebPage\",\"@id\":\"https:\\\/\\\/www.science-accueil.org\\\/en\\\/ecoles-d-ete-france-excellence\\\/\",\"url\":\"https:\\\/\\\/www.science-accueil.org\\\/en\\\/ecoles-d-ete-france-excellence\\\/\",\"name\":\"Ecoles d'Et\u00e9 France Excellence - Science Accueil\",\"isPartOf\":{\"@id\":\"https:\\\/\\\/www.science-accueil.org\\\/en\\\/#website\"},\"datePublished\":\"2018-05-12T03:24:03+00:00\",\"dateModified\":\"2019-08-06T12:29:46+00:00\",\"breadcrumb\":{\"@id\":\"https:\\\/\\\/www.science-accueil.org\\\/en\\\/ecoles-d-ete-france-excellence\\\/#breadcrumb\"},\"inLanguage\":\"en-US\",\"potentialAction\":[{\"@type\":\"ReadAction\",\"target\":[\"https:\\\/\\\/www.science-accueil.org\\\/en\\\/ecoles-d-ete-france-excellence\\\/\"]}]},{\"@type\":\"BreadcrumbList\",\"@id\":\"https:\\\/\\\/www.science-accueil.org\\\/en\\\/ecoles-d-ete-france-excellence\\\/#breadcrumb\",\"itemListElement\":[{\"@type\":\"ListItem\",\"position\":1,\"name\":\"Home\",\"item\":\"https:\\\/\\\/www.science-accueil.org\\\/en\\\/\"},{\"@type\":\"ListItem\",\"position\":2,\"name\":\"Ecoles d&#8217;Et\u00e9 France Excellence\"}]},{\"@type\":\"WebSite\",\"@id\":\"https:\\\/\\\/www.science-accueil.org\\\/en\\\/#website\",\"url\":\"https:\\\/\\\/www.science-accueil.org\\\/en\\\/\",\"name\":\"Science Accueil\",\"description\":\"\",\"potentialAction\":[{\"@type\":\"SearchAction\",\"target\":{\"@type\":\"EntryPoint\",\"urlTemplate\":\"https:\\\/\\\/www.science-accueil.org\\\/en\\\/?s={search_term_string}\"},\"query-input\":{\"@type\":\"PropertyValueSpecification\",\"valueRequired\":true,\"valueName\":\"search_term_string\"}}],\"inLanguage\":\"en-US\"}]}<\/script>\n<!-- \/ Yoast SEO plugin. -->","yoast_head_json":{"title":"Ecoles d'Et\u00e9 France Excellence - Science Accueil","robots":{"index":"index","follow":"follow","max-snippet":"max-snippet:-1","max-image-preview":"max-image-preview:large","max-video-preview":"max-video-preview:-1"},"canonical":"https:\/\/www.science-accueil.org\/en\/ecoles-d-ete-france-excellence\/","og_locale":"en_US","og_type":"article","og_title":"Ecoles d'Et\u00e9 France Excellence - Science Accueil","og_description":"[vc_row][vc_column][\/vc_column][\/vc_row][vc_row][vc_column][vc_column_text]Science Accueil est engag\u00e9e dans la pr\u00e9paration de l\u2019accueil d\u2019\u00e9tudiants chinois lors des \u00e9coles d\u2019\u00e9t\u00e9. En 2017, l\u2019Ambassade de France en Chine, l\u2019Universit\u00e9 d\u2019Evry et Polytechnique ont financ\u00e9 l&#8217;arriv\u00e9e d&#8217;une [&hellip;]","og_url":"https:\/\/www.science-accueil.org\/en\/ecoles-d-ete-france-excellence\/","og_site_name":"Science Accueil","article_modified_time":"2019-08-06T12:29:46+00:00","twitter_card":"summary_large_image","twitter_misc":{"Est. reading time":"1 minute"},"schema":{"@context":"https:\/\/schema.org","@graph":[{"@type":"WebPage","@id":"https:\/\/www.science-accueil.org\/en\/ecoles-d-ete-france-excellence\/","url":"https:\/\/www.science-accueil.org\/en\/ecoles-d-ete-france-excellence\/","name":"Ecoles d'Et\u00e9 France Excellence - Science Accueil","isPartOf":{"@id":"https:\/\/www.science-accueil.org\/en\/#website"},"datePublished":"2018-05-12T03:24:03+00:00","dateModified":"2019-08-06T12:29:46+00:00","breadcrumb":{"@id":"https:\/\/www.science-accueil.org\/en\/ecoles-d-ete-france-excellence\/#breadcrumb"},"inLanguage":"en-US","potentialAction":[{"@type":"ReadAction","target":["https:\/\/www.science-accueil.org\/en\/ecoles-d-ete-france-excellence\/"]}]},{"@type":"BreadcrumbList","@id":"https:\/\/www.science-accueil.org\/en\/ecoles-d-ete-france-excellence\/#breadcrumb","itemListElement":[{"@type":"ListItem","position":1,"name":"Home","item":"https:\/\/www.science-accueil.org\/en\/"},{"@type":"ListItem","position":2,"name":"Ecoles d&#8217;Et\u00e9 France Excellence"}]},{"@type":"WebSite","@id":"https:\/\/www.science-accueil.org\/en\/#website","url":"https:\/\/www.science-accueil.org\/en\/","name":"Science Accueil","description":"","potentialAction":[{"@type":"SearchAction","target":{"@type":"EntryPoint","urlTemplate":"https:\/\/www.science-accueil.org\/en\/?s={search_term_string}"},"query-input":{"@type":"PropertyValueSpecification","valueRequired":true,"valueName":"search_term_string"}}],"inLanguage":"en-US"}]}},"_links":{"self":[{"href":"https:\/\/www.science-accueil.org\/en\/wp-json\/wp\/v2\/pages\/5035","targetHints":{"allow":["GET"]}}],"collection":[{"href":"https:\/\/www.science-accueil.org\/en\/wp-json\/wp\/v2\/pages"}],"about":[{"href":"https:\/\/www.science-accueil.org\/en\/wp-json\/wp\/v2\/types\/page"}],"author":[{"embeddable":true,"href":"https:\/\/www.science-accueil.org\/en\/wp-json\/wp\/v2\/users\/2"}],"replies":[{"embeddable":true,"href":"https:\/\/www.science-accueil.org\/en\/wp-json\/wp\/v2\/comments?post=5035"}],"version-history":[{"count":1,"href":"https:\/\/www.science-accueil.org\/en\/wp-json\/wp\/v2\/pages\/5035\/revisions"}],"predecessor-version":[{"id":5036,"href":"https:\/\/www.science-accueil.org\/en\/wp-json\/wp\/v2\/pages\/5035\/revisions\/5036"}],"wp:attachment":[{"href":"https:\/\/www.science-accueil.org\/en\/wp-json\/wp\/v2\/media?parent=5035"}],"curies":[{"name":"wp","href":"https:\/\/api.w.org\/{rel}","templated":true}]}}