{"id":5022,"date":"2018-07-03T11:59:41","date_gmt":"2018-07-03T09:59:41","guid":{"rendered":"http:\/\/www.science-accueil.org\/residences-hotelieres\/"},"modified":"2019-08-06T11:09:53","modified_gmt":"2019-08-06T09:09:53","slug":"residences-hotelieres","status":"publish","type":"page","link":"https:\/\/www.science-accueil.org\/en\/residences-hotelieres\/","title":{"rendered":"R\u00e9sidences h\u00f4teli\u00e8res"},"content":{"rendered":"<div class=\"wpb-content-wrapper\"><p>[vc_row][vc_column]\n        <div class=\"wtitle\">\n         \n            <h1 style=\"background: #fc7f0c;color: #ffffff;border-color:#ffffff\">Hotel Residences<\/h1>\n         \n        <\/div>[vc_column_text]<\/p>\n<p>Science Accueil has become partners with hotel residences located in different geographical areas. Some hotel residences are true connected and living areas, and offer service packages and shared equipment like co-working spaces, gyms, movie theatres &#8230;or even a Science Accueil office dedicated to the residents (for example: the Science Accueil branch is the ECLA residence, Palaiseau).<\/p>\n<p>[\/vc_column_text][\/vc_column][\/vc_row]<\/p>\n<\/div>","protected":false},"excerpt":{"rendered":"<p>[vc_row][vc_column][vc_column_text] Science Accueil has become partners with hotel residences located in different geographical areas. Some hotel residences are true connected and living areas, and offer service packages and shared equipment [&hellip;]<\/p>\n","protected":false},"author":5,"featured_media":0,"parent":0,"menu_order":0,"comment_status":"closed","ping_status":"closed","template":"","meta":{"_acf_changed":false,"footnotes":""},"class_list":["post-5022","page","type-page","status-publish","hentry"],"acf":[],"yoast_head":"<!-- This site is optimized with the Yoast SEO plugin v27.4 - https:\/\/yoast.com\/product\/yoast-seo-wordpress\/ -->\n<title>R\u00e9sidences h\u00f4teli\u00e8res - Science Accueil<\/title>\n<meta name=\"robots\" content=\"index, follow, max-snippet:-1, max-image-preview:large, max-video-preview:-1\" \/>\n<link rel=\"canonical\" href=\"https:\/\/www.science-accueil.org\/en\/residences-hotelieres\/\" \/>\n<meta property=\"og:locale\" content=\"en_US\" \/>\n<meta property=\"og:type\" content=\"article\" \/>\n<meta property=\"og:title\" content=\"R\u00e9sidences h\u00f4teli\u00e8res - Science Accueil\" \/>\n<meta property=\"og:description\" content=\"[vc_row][vc_column][vc_column_text] Science Accueil has become partners with hotel residences located in different geographical areas. Some hotel residences are true connected and living areas, and offer service packages and shared equipment [&hellip;]\" \/>\n<meta property=\"og:url\" content=\"https:\/\/www.science-accueil.org\/en\/residences-hotelieres\/\" \/>\n<meta property=\"og:site_name\" content=\"Science Accueil\" \/>\n<meta property=\"article:modified_time\" content=\"2019-08-06T09:09:53+00:00\" \/>\n<meta name=\"twitter:card\" content=\"summary_large_image\" \/>\n<script type=\"application\/ld+json\" class=\"yoast-schema-graph\">{\"@context\":\"https:\\\/\\\/schema.org\",\"@graph\":[{\"@type\":\"WebPage\",\"@id\":\"https:\\\/\\\/www.science-accueil.org\\\/en\\\/residences-hotelieres\\\/\",\"url\":\"https:\\\/\\\/www.science-accueil.org\\\/en\\\/residences-hotelieres\\\/\",\"name\":\"R\u00e9sidences h\u00f4teli\u00e8res - Science Accueil\",\"isPartOf\":{\"@id\":\"https:\\\/\\\/www.science-accueil.org\\\/en\\\/#website\"},\"datePublished\":\"2018-07-03T09:59:41+00:00\",\"dateModified\":\"2019-08-06T09:09:53+00:00\",\"breadcrumb\":{\"@id\":\"https:\\\/\\\/www.science-accueil.org\\\/en\\\/residences-hotelieres\\\/#breadcrumb\"},\"inLanguage\":\"en-US\",\"potentialAction\":[{\"@type\":\"ReadAction\",\"target\":[\"https:\\\/\\\/www.science-accueil.org\\\/en\\\/residences-hotelieres\\\/\"]}]},{\"@type\":\"BreadcrumbList\",\"@id\":\"https:\\\/\\\/www.science-accueil.org\\\/en\\\/residences-hotelieres\\\/#breadcrumb\",\"itemListElement\":[{\"@type\":\"ListItem\",\"position\":1,\"name\":\"Home\",\"item\":\"https:\\\/\\\/www.science-accueil.org\\\/en\\\/\"},{\"@type\":\"ListItem\",\"position\":2,\"name\":\"R\u00e9sidences h\u00f4teli\u00e8res\"}]},{\"@type\":\"WebSite\",\"@id\":\"https:\\\/\\\/www.science-accueil.org\\\/en\\\/#website\",\"url\":\"https:\\\/\\\/www.science-accueil.org\\\/en\\\/\",\"name\":\"Science Accueil\",\"description\":\"\",\"potentialAction\":[{\"@type\":\"SearchAction\",\"target\":{\"@type\":\"EntryPoint\",\"urlTemplate\":\"https:\\\/\\\/www.science-accueil.org\\\/en\\\/?s={search_term_string}\"},\"query-input\":{\"@type\":\"PropertyValueSpecification\",\"valueRequired\":true,\"valueName\":\"search_term_string\"}}],\"inLanguage\":\"en-US\"}]}<\/script>\n<!-- \/ Yoast SEO plugin. -->","yoast_head_json":{"title":"R\u00e9sidences h\u00f4teli\u00e8res - Science Accueil","robots":{"index":"index","follow":"follow","max-snippet":"max-snippet:-1","max-image-preview":"max-image-preview:large","max-video-preview":"max-video-preview:-1"},"canonical":"https:\/\/www.science-accueil.org\/en\/residences-hotelieres\/","og_locale":"en_US","og_type":"article","og_title":"R\u00e9sidences h\u00f4teli\u00e8res - Science Accueil","og_description":"[vc_row][vc_column][vc_column_text] Science Accueil has become partners with hotel residences located in different geographical areas. Some hotel residences are true connected and living areas, and offer service packages and shared equipment [&hellip;]","og_url":"https:\/\/www.science-accueil.org\/en\/residences-hotelieres\/","og_site_name":"Science Accueil","article_modified_time":"2019-08-06T09:09:53+00:00","twitter_card":"summary_large_image","schema":{"@context":"https:\/\/schema.org","@graph":[{"@type":"WebPage","@id":"https:\/\/www.science-accueil.org\/en\/residences-hotelieres\/","url":"https:\/\/www.science-accueil.org\/en\/residences-hotelieres\/","name":"R\u00e9sidences h\u00f4teli\u00e8res - Science Accueil","isPartOf":{"@id":"https:\/\/www.science-accueil.org\/en\/#website"},"datePublished":"2018-07-03T09:59:41+00:00","dateModified":"2019-08-06T09:09:53+00:00","breadcrumb":{"@id":"https:\/\/www.science-accueil.org\/en\/residences-hotelieres\/#breadcrumb"},"inLanguage":"en-US","potentialAction":[{"@type":"ReadAction","target":["https:\/\/www.science-accueil.org\/en\/residences-hotelieres\/"]}]},{"@type":"BreadcrumbList","@id":"https:\/\/www.science-accueil.org\/en\/residences-hotelieres\/#breadcrumb","itemListElement":[{"@type":"ListItem","position":1,"name":"Home","item":"https:\/\/www.science-accueil.org\/en\/"},{"@type":"ListItem","position":2,"name":"R\u00e9sidences h\u00f4teli\u00e8res"}]},{"@type":"WebSite","@id":"https:\/\/www.science-accueil.org\/en\/#website","url":"https:\/\/www.science-accueil.org\/en\/","name":"Science Accueil","description":"","potentialAction":[{"@type":"SearchAction","target":{"@type":"EntryPoint","urlTemplate":"https:\/\/www.science-accueil.org\/en\/?s={search_term_string}"},"query-input":{"@type":"PropertyValueSpecification","valueRequired":true,"valueName":"search_term_string"}}],"inLanguage":"en-US"}]}},"_links":{"self":[{"href":"https:\/\/www.science-accueil.org\/en\/wp-json\/wp\/v2\/pages\/5022","targetHints":{"allow":["GET"]}}],"collection":[{"href":"https:\/\/www.science-accueil.org\/en\/wp-json\/wp\/v2\/pages"}],"about":[{"href":"https:\/\/www.science-accueil.org\/en\/wp-json\/wp\/v2\/types\/page"}],"author":[{"embeddable":true,"href":"https:\/\/www.science-accueil.org\/en\/wp-json\/wp\/v2\/users\/5"}],"replies":[{"embeddable":true,"href":"https:\/\/www.science-accueil.org\/en\/wp-json\/wp\/v2\/comments?post=5022"}],"version-history":[{"count":3,"href":"https:\/\/www.science-accueil.org\/en\/wp-json\/wp\/v2\/pages\/5022\/revisions"}],"predecessor-version":[{"id":5027,"href":"https:\/\/www.science-accueil.org\/en\/wp-json\/wp\/v2\/pages\/5022\/revisions\/5027"}],"wp:attachment":[{"href":"https:\/\/www.science-accueil.org\/en\/wp-json\/wp\/v2\/media?parent=5022"}],"curies":[{"name":"wp","href":"https:\/\/api.w.org\/{rel}","templated":true}]}}