{"id":5012,"date":"2017-09-17T11:35:47","date_gmt":"2017-09-17T09:35:47","guid":{"rendered":"http:\/\/www.science-accueil.org\/logement\/"},"modified":"2020-06-15T15:31:27","modified_gmt":"2020-06-15T13:31:27","slug":"logement","status":"publish","type":"page","link":"https:\/\/www.science-accueil.org\/en\/logement\/","title":{"rendered":"Logement"},"content":{"rendered":"<div class=\"wpb-content-wrapper\"><p>[vc_row][vc_column]\n        <div class=\"wtitle\">\n         \n            <h1 style=\"background: #fc7f0c;color: #ffffff;border-color:#ffffff\">Logements<\/h1>\n         \n        <\/div>[\/vc_column][\/vc_row][vc_row][vc_column][vc_column_text]<\/p>\n<p>Nous disposons de tous types de logements meubl\u00e9s, de la chambre chez l&#8217;habitant jusqu&#8217;\u00e0 la maison individuelle, en passant par les petits ou grands appartements. Les prix sont variables en fonction de la localisation et de la superficie.<\/p>\n<ul>\n<li>Dans les environs d&#8217;Orsay il faut compter en moyenne entre 400 et 450 euros pour une chambre chez l&#8217;habitant, entre 600 et 650 euros pour un studio et entre 750 et 900 euros pour un deux-pi\u00e8ces. Nous avons des maisons familiales \u00e0 partir de 1200 euros par mois.<\/li>\n<li>A Paris, nous avons des chambres \u00e0 partir de 500 euros et des appartements \u00e0 partir de 950 euros.<\/li>\n<\/ul>\n<p>&nbsp;<\/p>\n<p>Pour r\u00e9server un logement, il sera demand\u00e9 au scientifique un d\u00e9p\u00f4t de 30 % maximum du montant du loyer qui sera d\u00e9duit lors du premier loyer. Le loyer est exigible d\u00e8s le premier jour de location, ainsi qu&#8217;une caution qui repr\u00e9sente un ou deux mois de loyer. Elle est restitu\u00e9e en fin de s\u00e9jour, au plus tard deux mois apr\u00e8s votre d\u00e9part si le logement est rendu en bon \u00e9tat. En aucun cas, la caution ne peut servir \u00e0 payer le(s) dernier(s) mois de loyer.<\/p>\n<p>[\/vc_column_text][\/vc_column][\/vc_row][vc_row][vc_column width=&#8221;1\/2&#8243;][vc_btn title=&#8221;PROPRIETAIRES PARTICULIERS&#8221; style=&#8221;custom&#8221; custom_background=&#8221;#fc7f0c&#8221; custom_text=&#8221;#ffffff&#8221; css=&#8221;.vc_custom_1530612828544{margin-top: 0px !important;margin-right: 45px !important;margin-bottom: 45px !important;margin-left: 45px !important;border-top-width: 45px !important;border-right-width: 100px !important;border-bottom-width: 45px !important;border-left-width: 100px !important;padding-top: 90px !important;padding-right: 105px !important;padding-bottom: 90px !important;padding-left: 105px !important;background-image: url(http:\/\/www.science-accueil.org\/wp-content\/uploads\/2018\/04\/11718.jpg?id=2102) !important;background-position: center !important;background-repeat: no-repeat !important;background-size: cover !important;}&#8221; link=&#8221;url:https%3A%2F%2Fwww.science-accueil.org%2Fproprietaires-particuliers-a-science-accueil%2F|||&#8221;][\/vc_column][vc_column width=&#8221;1\/2&#8243;][vc_btn title=&#8221;RESIDENCES H\u00d4TELIERES&#8221; style=&#8221;custom&#8221; custom_background=&#8221;#fc7f0c&#8221; custom_text=&#8221;#ffffff&#8221; css=&#8221;.vc_custom_1530612911425{margin-top: 0px !important;margin-right: 45px !important;margin-bottom: 45px !important;margin-left: 45px !important;border-top-width: 45px !important;border-right-width: 100px !important;border-bottom-width: 45px !important;border-left-width: 100px !important;padding-top: 90px !important;padding-right: 105px !important;padding-bottom: 90px !important;padding-left: 105px !important;background-image: url(http:\/\/www.science-accueil.org\/wp-content\/uploads\/2018\/04\/ecla-campus-massy-palaiseau-partie-communes-hall.png?id=2090) !important;}&#8221; link=&#8221;url:https%3A%2F%2Fwww.science-accueil.org%2Fresidences-hotelieres%2F|||&#8221;][\/vc_column][\/vc_row]<\/p>\n<\/div>","protected":false},"excerpt":{"rendered":"<p>[vc_row][vc_column][\/vc_column][\/vc_row][vc_row][vc_column][vc_column_text] Nous disposons de tous types de logements meubl\u00e9s, de la chambre chez l&#8217;habitant jusqu&#8217;\u00e0 la maison individuelle, en passant par les petits ou grands appartements. Les prix sont variables [&hellip;]<\/p>\n","protected":false},"author":1,"featured_media":0,"parent":0,"menu_order":0,"comment_status":"closed","ping_status":"closed","template":"","meta":{"_acf_changed":false,"footnotes":""},"class_list":["post-5012","page","type-page","status-publish","hentry"],"acf":[],"yoast_head":"<!-- This site is optimized with the Yoast SEO plugin v27.4 - https:\/\/yoast.com\/product\/yoast-seo-wordpress\/ -->\n<title>Logement - Science Accueil<\/title>\n<meta name=\"robots\" content=\"index, follow, max-snippet:-1, max-image-preview:large, max-video-preview:-1\" \/>\n<link rel=\"canonical\" href=\"https:\/\/www.science-accueil.org\/en\/logement\/\" \/>\n<meta property=\"og:locale\" content=\"en_US\" \/>\n<meta property=\"og:type\" content=\"article\" \/>\n<meta property=\"og:title\" content=\"Logement - Science Accueil\" \/>\n<meta property=\"og:description\" content=\"[vc_row][vc_column][\/vc_column][\/vc_row][vc_row][vc_column][vc_column_text] Nous disposons de tous types de logements meubl\u00e9s, de la chambre chez l&#8217;habitant jusqu&#8217;\u00e0 la maison individuelle, en passant par les petits ou grands appartements. Les prix sont variables [&hellip;]\" \/>\n<meta property=\"og:url\" content=\"https:\/\/www.science-accueil.org\/en\/logement\/\" \/>\n<meta property=\"og:site_name\" content=\"Science Accueil\" \/>\n<meta property=\"article:modified_time\" content=\"2020-06-15T13:31:27+00:00\" \/>\n<meta name=\"twitter:card\" content=\"summary_large_image\" \/>\n<meta name=\"twitter:label1\" content=\"Est. reading time\" \/>\n\t<meta name=\"twitter:data1\" content=\"2 minutes\" \/>\n<script type=\"application\/ld+json\" class=\"yoast-schema-graph\">{\"@context\":\"https:\\\/\\\/schema.org\",\"@graph\":[{\"@type\":\"WebPage\",\"@id\":\"https:\\\/\\\/www.science-accueil.org\\\/en\\\/logement\\\/\",\"url\":\"https:\\\/\\\/www.science-accueil.org\\\/en\\\/logement\\\/\",\"name\":\"Logement - Science Accueil\",\"isPartOf\":{\"@id\":\"https:\\\/\\\/www.science-accueil.org\\\/en\\\/#website\"},\"datePublished\":\"2017-09-17T09:35:47+00:00\",\"dateModified\":\"2020-06-15T13:31:27+00:00\",\"breadcrumb\":{\"@id\":\"https:\\\/\\\/www.science-accueil.org\\\/en\\\/logement\\\/#breadcrumb\"},\"inLanguage\":\"en-US\",\"potentialAction\":[{\"@type\":\"ReadAction\",\"target\":[\"https:\\\/\\\/www.science-accueil.org\\\/en\\\/logement\\\/\"]}]},{\"@type\":\"BreadcrumbList\",\"@id\":\"https:\\\/\\\/www.science-accueil.org\\\/en\\\/logement\\\/#breadcrumb\",\"itemListElement\":[{\"@type\":\"ListItem\",\"position\":1,\"name\":\"Home\",\"item\":\"https:\\\/\\\/www.science-accueil.org\\\/en\\\/\"},{\"@type\":\"ListItem\",\"position\":2,\"name\":\"Logement\"}]},{\"@type\":\"WebSite\",\"@id\":\"https:\\\/\\\/www.science-accueil.org\\\/en\\\/#website\",\"url\":\"https:\\\/\\\/www.science-accueil.org\\\/en\\\/\",\"name\":\"Science Accueil\",\"description\":\"\",\"potentialAction\":[{\"@type\":\"SearchAction\",\"target\":{\"@type\":\"EntryPoint\",\"urlTemplate\":\"https:\\\/\\\/www.science-accueil.org\\\/en\\\/?s={search_term_string}\"},\"query-input\":{\"@type\":\"PropertyValueSpecification\",\"valueRequired\":true,\"valueName\":\"search_term_string\"}}],\"inLanguage\":\"en-US\"}]}<\/script>\n<!-- \/ Yoast SEO plugin. -->","yoast_head_json":{"title":"Logement - Science Accueil","robots":{"index":"index","follow":"follow","max-snippet":"max-snippet:-1","max-image-preview":"max-image-preview:large","max-video-preview":"max-video-preview:-1"},"canonical":"https:\/\/www.science-accueil.org\/en\/logement\/","og_locale":"en_US","og_type":"article","og_title":"Logement - Science Accueil","og_description":"[vc_row][vc_column][\/vc_column][\/vc_row][vc_row][vc_column][vc_column_text] Nous disposons de tous types de logements meubl\u00e9s, de la chambre chez l&#8217;habitant jusqu&#8217;\u00e0 la maison individuelle, en passant par les petits ou grands appartements. Les prix sont variables [&hellip;]","og_url":"https:\/\/www.science-accueil.org\/en\/logement\/","og_site_name":"Science Accueil","article_modified_time":"2020-06-15T13:31:27+00:00","twitter_card":"summary_large_image","twitter_misc":{"Est. reading time":"2 minutes"},"schema":{"@context":"https:\/\/schema.org","@graph":[{"@type":"WebPage","@id":"https:\/\/www.science-accueil.org\/en\/logement\/","url":"https:\/\/www.science-accueil.org\/en\/logement\/","name":"Logement - Science Accueil","isPartOf":{"@id":"https:\/\/www.science-accueil.org\/en\/#website"},"datePublished":"2017-09-17T09:35:47+00:00","dateModified":"2020-06-15T13:31:27+00:00","breadcrumb":{"@id":"https:\/\/www.science-accueil.org\/en\/logement\/#breadcrumb"},"inLanguage":"en-US","potentialAction":[{"@type":"ReadAction","target":["https:\/\/www.science-accueil.org\/en\/logement\/"]}]},{"@type":"BreadcrumbList","@id":"https:\/\/www.science-accueil.org\/en\/logement\/#breadcrumb","itemListElement":[{"@type":"ListItem","position":1,"name":"Home","item":"https:\/\/www.science-accueil.org\/en\/"},{"@type":"ListItem","position":2,"name":"Logement"}]},{"@type":"WebSite","@id":"https:\/\/www.science-accueil.org\/en\/#website","url":"https:\/\/www.science-accueil.org\/en\/","name":"Science Accueil","description":"","potentialAction":[{"@type":"SearchAction","target":{"@type":"EntryPoint","urlTemplate":"https:\/\/www.science-accueil.org\/en\/?s={search_term_string}"},"query-input":{"@type":"PropertyValueSpecification","valueRequired":true,"valueName":"search_term_string"}}],"inLanguage":"en-US"}]}},"_links":{"self":[{"href":"https:\/\/www.science-accueil.org\/en\/wp-json\/wp\/v2\/pages\/5012","targetHints":{"allow":["GET"]}}],"collection":[{"href":"https:\/\/www.science-accueil.org\/en\/wp-json\/wp\/v2\/pages"}],"about":[{"href":"https:\/\/www.science-accueil.org\/en\/wp-json\/wp\/v2\/types\/page"}],"author":[{"embeddable":true,"href":"https:\/\/www.science-accueil.org\/en\/wp-json\/wp\/v2\/users\/1"}],"replies":[{"embeddable":true,"href":"https:\/\/www.science-accueil.org\/en\/wp-json\/wp\/v2\/comments?post=5012"}],"version-history":[{"count":5,"href":"https:\/\/www.science-accueil.org\/en\/wp-json\/wp\/v2\/pages\/5012\/revisions"}],"predecessor-version":[{"id":7026,"href":"https:\/\/www.science-accueil.org\/en\/wp-json\/wp\/v2\/pages\/5012\/revisions\/7026"}],"wp:attachment":[{"href":"https:\/\/www.science-accueil.org\/en\/wp-json\/wp\/v2\/media?parent=5012"}],"curies":[{"name":"wp","href":"https:\/\/api.w.org\/{rel}","templated":true}]}}