{"id":4964,"date":"2018-02-02T11:22:48","date_gmt":"2018-02-02T10:22:48","guid":{"rendered":"http:\/\/www.science-accueil.org\/contactez-nous\/"},"modified":"2026-01-15T10:54:56","modified_gmt":"2026-01-15T09:54:56","slug":"contact-us","status":"publish","type":"page","link":"https:\/\/www.science-accueil.org\/en\/contact-us\/","title":{"rendered":"Contact Us"},"content":{"rendered":"<div class=\"wpb-content-wrapper\"><p>[vc_row][vc_column]\n        <div class=\"wtitle\">\n         \n            <h2 style=\"background: #ffffff;color: #ff0000;border-color:#ff0000\">How can you get support from Science Accueil?<\/h2>\n         \n        <\/div>[vc_column_text css=&#8221;&#8221;]First, <strong>find out if you are eligible to Science Accueil&#8217;s services:<\/strong> <strong><a href=\"https:\/\/www.science-accueil.org\/en\/etablissements-membres-de-science-accueil\/\">consult the list<\/a><\/strong>. If your university, school, company or lab is not listed, you can contact us at contact@science-accueil.org.<\/p>\n<p><strong>To get support, please register to create an account.<\/strong> An international mobility agent will contact you through this account as soon as possible.[\/vc_column_text][vc_btn title=&#8221;Get support: create your account&#8221; color=&#8221;danger&#8221; align=&#8221;center&#8221; css=&#8221;&#8221; link=&#8221;url:https%3A%2F%2Fwww.science-accueil.org%2Fen%2Frequest-services%2F|target:_blank&#8221;][\/vc_column][\/vc_row][vc_row][vc_column]\n        <div class=\"wtitle\">\n         \n            <h2 style=\"background: #ffffff;color: #ff0000;border-color:#ff0000\">How to contact Science Accueil?<\/h2>\n         \n        <\/div>[vc_column_text css=&#8221;&#8221;]Science Accueil is in Gif-sur-Yvette, in \u00c9vry at IMT-BS\/Telecom SudParis and Genopole, in the Ecla residences Massy-Palaiseau, Villejuif and Noisy-le-Grand, and in Orsay during the GATE (see info below).[\/vc_column_text][vc_cta h2=&#8221;Science Accueil in Gif-sur-Yvette (head office)&#8221; el_width=&#8221;xl&#8221; css=&#8221;&#8221;]Adresse :<\/p>\n<p><strong>Science Accueil <\/strong><strong><em>Centre Euraxess<br \/>\n<\/em>18 mail Pierre Potier, 91190 Gif-sur-Yvette<\/strong><\/p>\n<p>Opening days and hours : <strong>Monday-Friday, from 9:30 a.m. to 5 p.m.<\/strong><\/p>\n<p>Access : The Science Accueil offices (head office) are located in the same building as the Moulon Town Hall Annex in Gif-sur-Yvette. The entrance is on Rue Jules Horowitz, on the side of the building. Bus &gt; Joliot Curie stop (lines: 4606, 4609, 4611, 5154).<\/p>\n<p>Phone : <strong>+33 (0)1 70 26 41 40<\/strong><\/p>\n<p>Email :<strong><br \/>\n<\/strong><\/p>\n<ul>\n<li><strong>Help with administrative formalities and settling in: <a href=\"mailto:procedures@science-accueil.org\">procedures@science-accueil.org<\/a><\/strong><\/li>\n<li><strong>Help finding accommodation: <a href=\"mailto:housing@science-accueil.org\">housing@science-accueil.org<\/a><\/strong><\/li>\n<li><strong>Information on French courses: <a href=\"mailto:fle@science-accueil.org\">fle@science-accueil.org<\/a><\/strong><\/li>\n<li><strong>Information on cultural visits, training courses, Alister&#8217;s journal, or any problems registering on the site: <a href=\"mailto:alister@science-accueil.org\">alister@science-accueil.org<\/a><\/strong><\/li>\n<li><strong>Other: <a href=\"mailto:contact@science-accueil.org\">contact@science-accueil.org<\/a><\/strong><\/li>\n<\/ul>\n<p>[\/vc_cta][vc_cta h2=&#8221;Science Accueil in \u00c9vry&#8221; el_width=&#8221;xl&#8221; css=&#8221;&#8221;]<strong><em><b><i>Institut Mines-T\u00e9l\u00e9com Business School \/ Telecom SudParis<\/i><\/b><\/em><\/strong><\/p>\n<p>Address: IMT-BS\/TSP, room G07, building located next to the campus entrance, 9 Rue Charles Fourier, 91000 \u00c9vry-Courcouronnes<\/p>\n<p>Opening days and hours: every 1st Thursday of the month, from 10 a.m. to 1 p.m.<\/p>\n<p>Contact: <a href=\"mailto:anne.rebesche@science-accueil.org\">anne.rebesche@science-accueil.org<\/a><\/p>\n<p><strong><a href=\"https:\/\/koalendar.com\/u\/rendez-vous-avec-anne-science-accueil\" target=\"_blank\" rel=\"noopener\">Click here to make an appointment (in person at IMT-BS\/TSP or via video call)<\/a><\/strong>.<\/p>\n<p>&#8212;<\/p>\n<p><em><strong>GENOPOLE<\/strong><\/em><\/p>\n<p>Address: Genopole, 20 rue Henri Desbru\u00e8res, 91000 \u00c9vry-Courcouronnes<\/p>\n<p>Opening days and hours: every 1st Thursday of the month, from 2 p.m. to 5 p.m.<\/p>\n<p>Contact: <a href=\"mailto:anne.rebesche@science-accueil.org\">anne.rebesche@science-accueil.org<\/a><\/p>\n<p><strong><a href=\"https:\/\/koalendar.com\/u\/rendez-vous-avec-anne-science-accueil\">Click here to make an appointment (in person at Genopole or via video call)<\/a><\/strong>.<\/p>\n<p>&nbsp;<\/p>\n<p>Science Accueil also responds to requests via your personal account any day (<a href=\"https:\/\/www.science-accueil.org\/en\/request-of-services-2\/\">register<\/a>).[\/vc_cta][vc_cta h2=&#8221;Science Accueil in Ecla Palaiseau \/ Villejuif \/ Noisy-le-Grand&#8221; el_width=&#8221;xl&#8221; css=&#8221;&#8221;]Science Accueil is available at the following Ecla residences by appointment (via your personal account or the Ecla app if you are a resident), on site at the residence or online via video call.<\/p>\n<p>Meet us by appointment at:<\/p>\n<p><em><strong>Ecla Massy-Palaiseau<\/strong><\/em><br \/>\n16 rue Emile Baudot, 91120 Palaiseau<\/p>\n<p>Opening days and hours (<em>b<\/em><em>y appointment only)<\/em>:<\/p>\n<ul>\n<li>Monday: 1 p.m. \u2013 8 p.m. (\u201cnight\u201d)<\/li>\n<li>Wednesday: 9 a.m. \u2013 5 p.m.<\/li>\n<li>Thursday: 9 a.m. \u2013 5 p.m<\/li>\n<li>Friday: 9 a.m. \u2013 5 p.m<\/li>\n<\/ul>\n<p>On Tuesdays, the Science Accueil office in Palaiseau is closed. However, you can contact us through your personal account (<a href=\"https:\/\/www.science-accueil.org\/en\/request-of-services-2\/\">register<\/a>).<\/p>\n<p>Contact : <a href=\"mailto:anne.rebesche@science-accueil.org\">anne.rebesche@science-accueil.org<\/a><\/p>\n<p>&#8212;<\/p>\n<p><em><strong>Ecla Villejuif<\/strong><\/em><br \/>\n20 rue Marcel Paul, 94800 Villejuif<\/p>\n<p>Opening days and hours (<em>b<\/em><em>y appointment only)<\/em>:<\/p>\n<ul>\n<li>Wednesday \u2013 Thursday \u2013 Friday: 9 a.m. \u2013 5 p.m.<\/li>\n<\/ul>\n<p>Contact: <a href=\"mailto:hugo.marneffe@science-accueil.org\">hugo.marneffe@science-accueil.org<\/a><\/p>\n<p>&#8212;<\/p>\n<p><em><strong>Ecla Noisy-le-Grand<\/strong><\/em><br \/>\n15 rue du Ctre, 93160 Noisy-le-Grand<\/p>\n<p>Opening days and hours (<em>By appointment only. For Ecla residents only)<\/em>:<\/p>\n<ul>\n<li>Tuesdays: 9 a.m. \u2013 5 p.m.<\/li>\n<\/ul>\n<p>Contact: <a href=\"mailto:hugo.marneffe@science-accueil.org\">hugo.marneffe@science-accueil.org<\/a>[\/vc_cta][vc_cta h2=&#8221;Science Accueil at the GATE&#8221; el_width=&#8221;xl&#8221; css=&#8221;&#8221;]<strong>The GATE (Guichet d&#8217;Accueil des Talents Etrangers) is open until December 17, 2025<\/strong><\/p>\n<p><strong>Biblioth\u00e8que Universitaire de l&#8217;universit\u00e9 Paris-Saclay,<\/strong><\/p>\n<p>B\u00e2timent 407<br \/>\nRue du doyen Georges Poitou<br \/>\n91 400 Orsay<\/p>\n<p><strong>Monday to Friday, 9 a.m. &#8211; 1 p.m.<\/strong><\/p>\n<p><strong><a href=\"https:\/\/gate.paris-saclay.fr\/\" target=\"_blank\" rel=\"noopener noreferrer\">Learn more and make an appointment<\/a><\/strong><\/p>\n<p><a href=\"contact@gateparissaclay.fr\" target=\"_blank\" rel=\"noopener noreferrer\">contact@gateparissaclay.fr<\/a>[\/vc_cta][vc_cta h2=&#8221;Science Accueil in Versailles&#8221; el_width=&#8221;xl&#8221; css=&#8221;&#8221;]<strong>Science Accueil\u2019s opening hours at the Maison de l\u2019Etudiant are temporarily suspended.<\/strong><\/p>\n<p>You can send an e-mail or make an appointment for a video call.<\/p>\n<p>Mail:\u00a0<a href=\"mailto:versailles@science-accueil.org\">contact@science-accueil.org<\/a><\/p>\n<p>Science Accueil can also answer your request via your personal account (<a href=\"https:\/\/www.science-accueil.org\/en\/request-of-services-2\/\">register<\/a>).[\/vc_cta][\/vc_column][\/vc_row][vc_row][vc_column][vc_hoverbox image=&#8221;13150&#8243; primary_title=&#8221;&#8221; hover_title=&#8221;All our addresses to welcome you&#8221; el_width=&#8221;40&#8243; hover_btn_title=&#8221;See our addresses&#8221; hover_add_button=&#8221;true&#8221; hover_btn_link=&#8221;url:https%3A%2F%2Fwww.calameo.com%2Fread%2F0049362657af2d3295bfc|target:_blank&#8221;]How to find us<\/p>\n<p><a href=\"https:\/\/www.calameo.com\/read\/0049362657af2d3295bfc\">Import information with you<\/a>[\/vc_hoverbox][\/vc_column][\/vc_row]<\/p>\n<\/div>","protected":false},"excerpt":{"rendered":"<p>[vc_row][vc_column][vc_column_text css=&#8221;&#8221;]First, find out if you are eligible to Science Accueil&#8217;s services: consult the list. If your university, school, company or lab is not listed, you can contact us at [&hellip;]<\/p>\n","protected":false},"author":4,"featured_media":0,"parent":0,"menu_order":0,"comment_status":"closed","ping_status":"closed","template":"","meta":{"_acf_changed":false,"footnotes":""},"class_list":["post-4964","page","type-page","status-publish","hentry"],"acf":[],"yoast_head":"<!-- This site is optimized with the Yoast SEO plugin v27.4 - https:\/\/yoast.com\/product\/yoast-seo-wordpress\/ -->\n<title>Contact Us - Science Accueil<\/title>\n<meta name=\"robots\" content=\"index, follow, max-snippet:-1, max-image-preview:large, max-video-preview:-1\" \/>\n<link rel=\"canonical\" href=\"https:\/\/www.science-accueil.org\/en\/contact-us\/\" \/>\n<meta property=\"og:locale\" content=\"en_US\" \/>\n<meta property=\"og:type\" content=\"article\" \/>\n<meta property=\"og:title\" content=\"Contact Us - Science Accueil\" \/>\n<meta property=\"og:description\" content=\"[vc_row][vc_column][vc_column_text css=&#8221;&#8221;]First, find out if you are eligible to Science Accueil&#8217;s services: consult the list. If your university, school, company or lab is not listed, you can contact us at [&hellip;]\" \/>\n<meta property=\"og:url\" content=\"https:\/\/www.science-accueil.org\/en\/contact-us\/\" \/>\n<meta property=\"og:site_name\" content=\"Science Accueil\" \/>\n<meta property=\"article:modified_time\" content=\"2026-01-15T09:54:56+00:00\" \/>\n<meta name=\"twitter:card\" content=\"summary_large_image\" \/>\n<meta name=\"twitter:label1\" content=\"Est. reading time\" \/>\n\t<meta name=\"twitter:data1\" content=\"4 minutes\" \/>\n<script type=\"application\/ld+json\" class=\"yoast-schema-graph\">{\"@context\":\"https:\\\/\\\/schema.org\",\"@graph\":[{\"@type\":\"WebPage\",\"@id\":\"https:\\\/\\\/www.science-accueil.org\\\/en\\\/contact-us\\\/\",\"url\":\"https:\\\/\\\/www.science-accueil.org\\\/en\\\/contact-us\\\/\",\"name\":\"Contact Us - Science Accueil\",\"isPartOf\":{\"@id\":\"https:\\\/\\\/www.science-accueil.org\\\/en\\\/#website\"},\"datePublished\":\"2018-02-02T10:22:48+00:00\",\"dateModified\":\"2026-01-15T09:54:56+00:00\",\"breadcrumb\":{\"@id\":\"https:\\\/\\\/www.science-accueil.org\\\/en\\\/contact-us\\\/#breadcrumb\"},\"inLanguage\":\"en-US\",\"potentialAction\":[{\"@type\":\"ReadAction\",\"target\":[\"https:\\\/\\\/www.science-accueil.org\\\/en\\\/contact-us\\\/\"]}]},{\"@type\":\"BreadcrumbList\",\"@id\":\"https:\\\/\\\/www.science-accueil.org\\\/en\\\/contact-us\\\/#breadcrumb\",\"itemListElement\":[{\"@type\":\"ListItem\",\"position\":1,\"name\":\"Home\",\"item\":\"https:\\\/\\\/www.science-accueil.org\\\/en\\\/\"},{\"@type\":\"ListItem\",\"position\":2,\"name\":\"Contact Us\"}]},{\"@type\":\"WebSite\",\"@id\":\"https:\\\/\\\/www.science-accueil.org\\\/en\\\/#website\",\"url\":\"https:\\\/\\\/www.science-accueil.org\\\/en\\\/\",\"name\":\"Science Accueil\",\"description\":\"\",\"potentialAction\":[{\"@type\":\"SearchAction\",\"target\":{\"@type\":\"EntryPoint\",\"urlTemplate\":\"https:\\\/\\\/www.science-accueil.org\\\/en\\\/?s={search_term_string}\"},\"query-input\":{\"@type\":\"PropertyValueSpecification\",\"valueRequired\":true,\"valueName\":\"search_term_string\"}}],\"inLanguage\":\"en-US\"}]}<\/script>\n<!-- \/ Yoast SEO plugin. -->","yoast_head_json":{"title":"Contact Us - Science Accueil","robots":{"index":"index","follow":"follow","max-snippet":"max-snippet:-1","max-image-preview":"max-image-preview:large","max-video-preview":"max-video-preview:-1"},"canonical":"https:\/\/www.science-accueil.org\/en\/contact-us\/","og_locale":"en_US","og_type":"article","og_title":"Contact Us - Science Accueil","og_description":"[vc_row][vc_column][vc_column_text css=&#8221;&#8221;]First, find out if you are eligible to Science Accueil&#8217;s services: consult the list. If your university, school, company or lab is not listed, you can contact us at [&hellip;]","og_url":"https:\/\/www.science-accueil.org\/en\/contact-us\/","og_site_name":"Science Accueil","article_modified_time":"2026-01-15T09:54:56+00:00","twitter_card":"summary_large_image","twitter_misc":{"Est. reading time":"4 minutes"},"schema":{"@context":"https:\/\/schema.org","@graph":[{"@type":"WebPage","@id":"https:\/\/www.science-accueil.org\/en\/contact-us\/","url":"https:\/\/www.science-accueil.org\/en\/contact-us\/","name":"Contact Us - Science Accueil","isPartOf":{"@id":"https:\/\/www.science-accueil.org\/en\/#website"},"datePublished":"2018-02-02T10:22:48+00:00","dateModified":"2026-01-15T09:54:56+00:00","breadcrumb":{"@id":"https:\/\/www.science-accueil.org\/en\/contact-us\/#breadcrumb"},"inLanguage":"en-US","potentialAction":[{"@type":"ReadAction","target":["https:\/\/www.science-accueil.org\/en\/contact-us\/"]}]},{"@type":"BreadcrumbList","@id":"https:\/\/www.science-accueil.org\/en\/contact-us\/#breadcrumb","itemListElement":[{"@type":"ListItem","position":1,"name":"Home","item":"https:\/\/www.science-accueil.org\/en\/"},{"@type":"ListItem","position":2,"name":"Contact Us"}]},{"@type":"WebSite","@id":"https:\/\/www.science-accueil.org\/en\/#website","url":"https:\/\/www.science-accueil.org\/en\/","name":"Science Accueil","description":"","potentialAction":[{"@type":"SearchAction","target":{"@type":"EntryPoint","urlTemplate":"https:\/\/www.science-accueil.org\/en\/?s={search_term_string}"},"query-input":{"@type":"PropertyValueSpecification","valueRequired":true,"valueName":"search_term_string"}}],"inLanguage":"en-US"}]}},"_links":{"self":[{"href":"https:\/\/www.science-accueil.org\/en\/wp-json\/wp\/v2\/pages\/4964","targetHints":{"allow":["GET"]}}],"collection":[{"href":"https:\/\/www.science-accueil.org\/en\/wp-json\/wp\/v2\/pages"}],"about":[{"href":"https:\/\/www.science-accueil.org\/en\/wp-json\/wp\/v2\/types\/page"}],"author":[{"embeddable":true,"href":"https:\/\/www.science-accueil.org\/en\/wp-json\/wp\/v2\/users\/4"}],"replies":[{"embeddable":true,"href":"https:\/\/www.science-accueil.org\/en\/wp-json\/wp\/v2\/comments?post=4964"}],"version-history":[{"count":5,"href":"https:\/\/www.science-accueil.org\/en\/wp-json\/wp\/v2\/pages\/4964\/revisions"}],"predecessor-version":[{"id":24265,"href":"https:\/\/www.science-accueil.org\/en\/wp-json\/wp\/v2\/pages\/4964\/revisions\/24265"}],"wp:attachment":[{"href":"https:\/\/www.science-accueil.org\/en\/wp-json\/wp\/v2\/media?parent=4964"}],"curies":[{"name":"wp","href":"https:\/\/api.w.org\/{rel}","templated":true}]}}