{"id":3675,"date":"2018-02-02T11:36:11","date_gmt":"2018-02-02T10:36:11","guid":{"rendered":"http:\/\/www.science-accueil.org\/?page_id=3675"},"modified":"2025-11-05T15:39:46","modified_gmt":"2025-11-05T14:39:46","slug":"nous-recrutons-2","status":"publish","type":"page","link":"https:\/\/www.science-accueil.org\/en\/nous-recrutons-2\/","title":{"rendered":"Jobs internationaux"},"content":{"rendered":"<div class=\"wpb-content-wrapper\"><p>[vc_row][vc_column][vc_column_text css=&#8221;&#8221;]<\/p>\n<p class=\"\" data-start=\"91\" data-end=\"225\">The careers of international researchers, PhD students, and their spouses are also a key focus for the Euraxess mobility centers.<\/p>\n<p class=\"\" data-start=\"227\" data-end=\"381\">Science Accueil provides its network of partners with a platform to share job opportunities or employment requests related to international mobility.<\/p>\n<p>[\/vc_column_text][vc_separator][\/vc_column][\/vc_row][vc_row][vc_column]\n        <div class=\"wtitle\">\n         \n            <h2 style=\"background: #ffffff;color: #ff0000;border-color:#ff0000\">Science Accueil recrute<\/h2>\n         \n        <\/div>[vc_column_text css=&#8221;&#8221;]<\/p>\n<p class=\"\" data-start=\"106\" data-end=\"275\">Interested in joining the Science Accueil team? Throughout the year, we open up opportunities for internships as well as short- or long-term contracts (CDD or CDI).<\/p>\n<p class=\"\" data-start=\"277\" data-end=\"468\">Taking a gap year and want to make it count? Join us through the French <a href=\"https:\/\/www.service-civique.gouv.fr\/comprendre-le-service-civique\"><span style=\"color: #000000;\">Civic Service program<\/span><\/a> and contribute to a meaningful mission while discovering a vibrant international environment.<\/p>\n<p class=\"\" data-start=\"470\" data-end=\"621\">Curious to know more? Don\u2019t hesitate to contact us! Send us your CV and cover letter by email\u2014or just stop by and drop them off at our front desk.<\/p>\n<p>[\/vc_column_text][vc_separator][\/vc_column][\/vc_row][vc_row][vc_column width=&#8221;1\/2&#8243;]\n        <div class=\"wtitle\">\n         \n            <h4 style=\"background: #ffffff;color: #266d9d;border-color:#266d9d\">Accueil des \u00e9tudiants internationaux H\/F<\/h4>\n         \n        <\/div>\n        <div class=\"wtitle\">\n         \n            <h5 style=\"background: #ffffff;color: #6f6f6f;border-color:#6f6f6f\">Service civique<\/h5>\n         \n        <\/div>\n        <div class=\"wtitle\">\n         \n            <h6 style=\"background: #ffffff;color: #6f6f6f;border-color:#6f6f6f\">Science Accueil (Gif-sur-Yvette, 91)<\/h6>\n         \n        <\/div>[vc_btn title=&#8221;Voir l&#8217;annonce&#8221; style=&#8221;gradient-custom&#8221; gradient_custom_color_2=&#8221;#e64c3b&#8221; align=&#8221;center&#8221; link=&#8221;url:https%3A%2F%2Fwww.science-accueil.org%2Foffre-de-mission-service-civique%2F||target:%20_blank|&#8221;][vc_column_text]<i>Candidature ouverte toute l&#8217;ann\u00e9e<\/i>[\/vc_column_text][\/vc_column][vc_column width=&#8221;1\/2&#8243;][vc_empty_space][\/vc_column][\/vc_row][vc_row][vc_column]\n        <div class=\"wtitle\">\n         \n            <h2 style=\"background: #ffffff;color: #ff0000;border-color:#ff0000\">Nos partenaires recrutent<\/h2>\n         \n        <\/div>[\/vc_column][\/vc_row][vc_row][vc_column width=&#8221;1\/3&#8243;][vc_separator]\n        <div class=\"wtitle\">\n         \n            <h4 style=\"background: #ffffff;color: #266d9d;border-color:#266d9d\">Commercial UXCO Student (H\/F)<\/h4>\n         \n        <\/div>\n        <div class=\"wtitle\">\n         \n            <h6 style=\"background: #ffffff;color: #6f6f6f;border-color:#6f6f6f\">Internship<\/h6>\n         \n        <\/div>\n        <div class=\"wtitle\">\n         \n            <h6 style=\"background: #ffffff;color: #6f6f6f;border-color:#6f6f6f\">UXCO Group (Palaiseau, 91)<\/h6>\n         \n        <\/div>[\/vc_column][\/vc_row][vc_row][vc_column width=&#8221;1\/3&#8243;][vc_btn title=&#8221;Voir l&#8217;annonce&#8221; style=&#8221;gradient-custom&#8221; gradient_custom_color_2=&#8221;#e64c3b&#8221; align=&#8221;center&#8221; css=&#8221;&#8221; link=&#8221;url:https%3A%2F%2Fwww.welcometothejungle.com%2Ffr%2Fcompanies%2Fuxco%2Fjobs%2Fcommercial-uxco-student-h-f_palaiseau_UGEUS_LGOq2wM|target:_blank&#8221;][vc_column_text css=&#8221;&#8221;]<em>Updated on Nov. 5, 2025<\/em>[\/vc_column_text][\/vc_column][vc_column width=&#8221;1\/3&#8243;][\/vc_column][\/vc_row][vc_row][vc_column width=&#8221;1\/3&#8243;][\/vc_column][\/vc_row][vc_row][vc_column]\n        <div class=\"wtitle\">\n         \n            <h2 style=\"background: #ffffff;color: #ff0000;border-color:#ff0000\">L'emploi des doctorants<\/h2>\n         \n        <\/div>[\/vc_column][\/vc_row][vc_row][vc_column width=&#8221;1\/2&#8243;][vc_column_text]Docteur \u00e0 la recherche d\u2019un emploi en France ou \u00e0 l\u2019\u00e9tranger\u00a0? Le site de l\u2019ABG <a href=\"http:\/\/www.abg.asso.fr\">www.abg.asso.fr<\/a> est ce qu\u2019il vous faut\u00a0: des offres de postdoc, en R&amp;D et hors R&amp;D, la possibilit\u00e9 de d\u00e9poser votre CV\u00a0! Et pour vous aider \u00e0 valoriser vos comp\u00e9tences d\u00e9velopp\u00e9es dans le cadre du doctorat, consultez <a href=\"http:\/\/www.mydocpro.org\">www.mydocpro.org.<\/a>[\/vc_column_text][\/vc_column][vc_column width=&#8221;1\/2&#8243;][vc_single_image image=&#8221;3792&#8243; img_size=&#8221;medium&#8221; onclick=&#8221;custom_link&#8221; link=&#8221;www.abg.asso.fr&#8221;][\/vc_column][\/vc_row]<\/p>\n<\/div>","protected":false},"excerpt":{"rendered":"<p>[vc_row][vc_column][vc_column_text css=&#8221;&#8221;] The careers of international researchers, PhD students, and their spouses are also a key focus for the Euraxess mobility centers. Science Accueil provides its network of partners with [&hellip;]<\/p>\n","protected":false},"author":4,"featured_media":0,"parent":0,"menu_order":0,"comment_status":"closed","ping_status":"closed","template":"","meta":{"_acf_changed":false,"footnotes":""},"class_list":["post-3675","page","type-page","status-publish","hentry"],"acf":[],"yoast_head":"<!-- This site is optimized with the Yoast SEO plugin v27.4 - https:\/\/yoast.com\/product\/yoast-seo-wordpress\/ -->\n<title>Jobs internationaux - Science Accueil<\/title>\n<meta name=\"robots\" content=\"index, follow, max-snippet:-1, max-image-preview:large, max-video-preview:-1\" \/>\n<link rel=\"canonical\" href=\"https:\/\/www.science-accueil.org\/en\/nous-recrutons-2\/\" \/>\n<meta property=\"og:locale\" content=\"en_US\" \/>\n<meta property=\"og:type\" content=\"article\" \/>\n<meta property=\"og:title\" content=\"Jobs internationaux - Science Accueil\" \/>\n<meta property=\"og:description\" content=\"[vc_row][vc_column][vc_column_text css=&#8221;&#8221;] The careers of international researchers, PhD students, and their spouses are also a key focus for the Euraxess mobility centers. Science Accueil provides its network of partners with [&hellip;]\" \/>\n<meta property=\"og:url\" content=\"https:\/\/www.science-accueil.org\/en\/nous-recrutons-2\/\" \/>\n<meta property=\"og:site_name\" content=\"Science Accueil\" \/>\n<meta property=\"article:modified_time\" content=\"2025-11-05T14:39:46+00:00\" \/>\n<meta name=\"twitter:card\" content=\"summary_large_image\" \/>\n<meta name=\"twitter:label1\" content=\"Est. reading time\" \/>\n\t<meta name=\"twitter:data1\" content=\"2 minutes\" \/>\n<script type=\"application\/ld+json\" class=\"yoast-schema-graph\">{\"@context\":\"https:\\\/\\\/schema.org\",\"@graph\":[{\"@type\":\"WebPage\",\"@id\":\"https:\\\/\\\/www.science-accueil.org\\\/en\\\/nous-recrutons-2\\\/\",\"url\":\"https:\\\/\\\/www.science-accueil.org\\\/en\\\/nous-recrutons-2\\\/\",\"name\":\"Jobs internationaux - Science Accueil\",\"isPartOf\":{\"@id\":\"https:\\\/\\\/www.science-accueil.org\\\/en\\\/#website\"},\"datePublished\":\"2018-02-02T10:36:11+00:00\",\"dateModified\":\"2025-11-05T14:39:46+00:00\",\"breadcrumb\":{\"@id\":\"https:\\\/\\\/www.science-accueil.org\\\/en\\\/nous-recrutons-2\\\/#breadcrumb\"},\"inLanguage\":\"en-US\",\"potentialAction\":[{\"@type\":\"ReadAction\",\"target\":[\"https:\\\/\\\/www.science-accueil.org\\\/en\\\/nous-recrutons-2\\\/\"]}]},{\"@type\":\"BreadcrumbList\",\"@id\":\"https:\\\/\\\/www.science-accueil.org\\\/en\\\/nous-recrutons-2\\\/#breadcrumb\",\"itemListElement\":[{\"@type\":\"ListItem\",\"position\":1,\"name\":\"Home\",\"item\":\"https:\\\/\\\/www.science-accueil.org\\\/en\\\/\"},{\"@type\":\"ListItem\",\"position\":2,\"name\":\"Jobs internationaux\"}]},{\"@type\":\"WebSite\",\"@id\":\"https:\\\/\\\/www.science-accueil.org\\\/en\\\/#website\",\"url\":\"https:\\\/\\\/www.science-accueil.org\\\/en\\\/\",\"name\":\"Science Accueil\",\"description\":\"\",\"potentialAction\":[{\"@type\":\"SearchAction\",\"target\":{\"@type\":\"EntryPoint\",\"urlTemplate\":\"https:\\\/\\\/www.science-accueil.org\\\/en\\\/?s={search_term_string}\"},\"query-input\":{\"@type\":\"PropertyValueSpecification\",\"valueRequired\":true,\"valueName\":\"search_term_string\"}}],\"inLanguage\":\"en-US\"}]}<\/script>\n<!-- \/ Yoast SEO plugin. -->","yoast_head_json":{"title":"Jobs internationaux - Science Accueil","robots":{"index":"index","follow":"follow","max-snippet":"max-snippet:-1","max-image-preview":"max-image-preview:large","max-video-preview":"max-video-preview:-1"},"canonical":"https:\/\/www.science-accueil.org\/en\/nous-recrutons-2\/","og_locale":"en_US","og_type":"article","og_title":"Jobs internationaux - Science Accueil","og_description":"[vc_row][vc_column][vc_column_text css=&#8221;&#8221;] The careers of international researchers, PhD students, and their spouses are also a key focus for the Euraxess mobility centers. Science Accueil provides its network of partners with [&hellip;]","og_url":"https:\/\/www.science-accueil.org\/en\/nous-recrutons-2\/","og_site_name":"Science Accueil","article_modified_time":"2025-11-05T14:39:46+00:00","twitter_card":"summary_large_image","twitter_misc":{"Est. reading time":"2 minutes"},"schema":{"@context":"https:\/\/schema.org","@graph":[{"@type":"WebPage","@id":"https:\/\/www.science-accueil.org\/en\/nous-recrutons-2\/","url":"https:\/\/www.science-accueil.org\/en\/nous-recrutons-2\/","name":"Jobs internationaux - Science Accueil","isPartOf":{"@id":"https:\/\/www.science-accueil.org\/en\/#website"},"datePublished":"2018-02-02T10:36:11+00:00","dateModified":"2025-11-05T14:39:46+00:00","breadcrumb":{"@id":"https:\/\/www.science-accueil.org\/en\/nous-recrutons-2\/#breadcrumb"},"inLanguage":"en-US","potentialAction":[{"@type":"ReadAction","target":["https:\/\/www.science-accueil.org\/en\/nous-recrutons-2\/"]}]},{"@type":"BreadcrumbList","@id":"https:\/\/www.science-accueil.org\/en\/nous-recrutons-2\/#breadcrumb","itemListElement":[{"@type":"ListItem","position":1,"name":"Home","item":"https:\/\/www.science-accueil.org\/en\/"},{"@type":"ListItem","position":2,"name":"Jobs internationaux"}]},{"@type":"WebSite","@id":"https:\/\/www.science-accueil.org\/en\/#website","url":"https:\/\/www.science-accueil.org\/en\/","name":"Science Accueil","description":"","potentialAction":[{"@type":"SearchAction","target":{"@type":"EntryPoint","urlTemplate":"https:\/\/www.science-accueil.org\/en\/?s={search_term_string}"},"query-input":{"@type":"PropertyValueSpecification","valueRequired":true,"valueName":"search_term_string"}}],"inLanguage":"en-US"}]}},"_links":{"self":[{"href":"https:\/\/www.science-accueil.org\/en\/wp-json\/wp\/v2\/pages\/3675","targetHints":{"allow":["GET"]}}],"collection":[{"href":"https:\/\/www.science-accueil.org\/en\/wp-json\/wp\/v2\/pages"}],"about":[{"href":"https:\/\/www.science-accueil.org\/en\/wp-json\/wp\/v2\/types\/page"}],"author":[{"embeddable":true,"href":"https:\/\/www.science-accueil.org\/en\/wp-json\/wp\/v2\/users\/4"}],"replies":[{"embeddable":true,"href":"https:\/\/www.science-accueil.org\/en\/wp-json\/wp\/v2\/comments?post=3675"}],"version-history":[{"count":5,"href":"https:\/\/www.science-accueil.org\/en\/wp-json\/wp\/v2\/pages\/3675\/revisions"}],"predecessor-version":[{"id":23966,"href":"https:\/\/www.science-accueil.org\/en\/wp-json\/wp\/v2\/pages\/3675\/revisions\/23966"}],"wp:attachment":[{"href":"https:\/\/www.science-accueil.org\/en\/wp-json\/wp\/v2\/media?parent=3675"}],"curies":[{"name":"wp","href":"https:\/\/api.w.org\/{rel}","templated":true}]}}