{"id":2756,"date":"2018-03-14T12:52:06","date_gmt":"2018-03-14T11:52:06","guid":{"rendered":"http:\/\/www.science-accueil.org\/les-ecoles-dete-2\/"},"modified":"2024-11-02T17:32:18","modified_gmt":"2024-11-02T16:32:18","slug":"les-ecoles-dete-2","status":"publish","type":"page","link":"https:\/\/www.science-accueil.org\/en\/les-ecoles-dete-2\/","title":{"rendered":"Les \u00e9coles d&#8217;\u00e9t\u00e9"},"content":{"rendered":"<div class=\"wpb-content-wrapper\"><p>[vc_row][vc_column]\n        <div class=\"wtitle\">\n         \n            <h1 style=\"background: #36e1a7;color: #ffffff;border-color:#ffffff\">Summer schools<\/h1>\n         \n        <\/div>[\/vc_column][\/vc_row][vc_row][vc_column][vc_column_text]Summer schools, usually organized in July, allow students from all over the world to discover the French science excellence. They are also a great opportunity to explore the territory and be introduced to the the French culture and environment.[\/vc_column_text][vc_single_image image=&#8221;1313&#8243; img_size=&#8221;large&#8221; alignment=&#8221;center&#8221;][vc_column_text css=&#8221;&#8221;]Science Accueil supports scientific establishments and embassies with the organization of these trainings, by offering them cultural knowledge and organizing logistical and administrative aspects of the students&#8217; arrival.<\/p>\n<div class=\"wpb_text_column wpb_content_element\">\n<div class=\"wpb_wrapper\">\n<p>Interrupted in 2020 due to the pandemic, Science Accueil has hosted numerous summer schools for several consecutive years, allowing several hundred students from China, Brazil, India, and the United States to be welcomed upon their arrival at the airport, find their bearings, and discover French culture while enjoying their scientific stay.<\/p>\n<\/div>\n<\/div>\n<div class=\"wtitle\"><\/div>\n<p>[\/vc_column_text]\n        <div class=\"wtitle\">\n         \n            <h2 style=\"background: #ffffff;color: #36e1a7;border-color:#36e1a7\">Logistical and cultural guidance<\/h2>\n         \n        <\/div>[\/vc_column][\/vc_row][vc_row][vc_column][vc_column_text css=&#8221;&#8221;]Beyond the scientific program organized by the host school or university, these summer schools are meant to show France and spark interest in coming to study and work in here. Science Accueil has been in charge of the cultural guidance of more than 19 summer schools.[\/vc_column_text][vc_row_inner][vc_column_inner width=&#8221;1\/2&#8243;]\n        <div class=\"wtitle\">\n         \n            <h5 style=\"background: #ffffff;color: #36e1a7;border-color:#36e1a7\">Welcome upon arrival<\/h5>\n         \n        <\/div>[vc_empty_space height=&#8221;12px&#8221;][vc_column_text css=&#8221;&#8221;]Knowing that arriving in a new country is not easy, and especially when French security is not seen as the best, Science Accueil can welcome students at the airport and guide them to their summer school.<\/p>\n<p>Every year before the pandemic, dozens of students were welcomed upon their arrival at the airport by Science Accueil facilitators and assisted to their reserved transportation to take them to their summer schools in Paris or the provinces. The waiting time, sometimes long between two flights, was managed on-site with good cheer by our guides. Some students were escorted to the door of their institution in Paris.[\/vc_column_text][\/vc_column_inner][vc_column_inner width=&#8221;1\/2&#8243;][vc_single_image image=&#8221;2808&#8243; img_size=&#8221;406&#215;266&#8243; css=&#8221;.vc_custom_1526567057512{margin-left: 80px !important;}&#8221;][\/vc_column_inner][\/vc_row_inner][vc_row_inner][vc_column_inner width=&#8221;1\/2&#8243;][vc_single_image image=&#8221;2792&#8243; img_size=&#8221;406&#215;266&#8243; css=&#8221;.vc_custom_1526418689947{margin-left: 80px !important;}&#8221;][\/vc_column_inner][vc_column_inner width=&#8221;1\/2&#8243;]\n        <div class=\"wtitle\">\n         \n            <h5 style=\"background: #ffffff;color: #36e1a7;border-color:#36e1a7\">Logistical support<\/h5>\n         \n        <\/div>[vc_empty_space height=&#8221;12px&#8221;][vc_column_text css=&#8221;&#8221;]Our in-depth knowledge of the hotel residence options enables us to be effective partners for booking the summer accommodations needed for hosting participants in the summer schools.<\/p>\n<p>Moreover, Science Accueil has been called upon to provide, at the request of the supervising universities and grandes \u00e9coles, meals, transportation tickets, support for travel, and sports activities&#8230;[\/vc_column_text][vc_empty_space height=&#8221;12px&#8221;][\/vc_column_inner][\/vc_row_inner][vc_row_inner][vc_column_inner width=&#8221;1\/2&#8243;]\n        <div class=\"wtitle\">\n         \n            <h5 style=\"background: #ffffff;color: #36e1a7;border-color:#36e1a7\">Cultural discovery<\/h5>\n         \n        <\/div>[vc_empty_space height=&#8221;12px&#8221;][vc_column_text css=&#8221;&#8221;]As part of these summer schools, Science Accueil organizes <strong>turnkey<\/strong> courses and excursions to allow students to discover the history, heritage, culture, and art of living in France.<\/p>\n<p>Whether it&#8217;s a weekend stay, a day trip, a nighttime discovery, or a closing evening in a magical atmosphere, participants have explored both major tourist attractions and local environments.[\/vc_column_text][vc_empty_space height=&#8221;12px&#8221;][\/vc_column_inner][vc_column_inner width=&#8221;1\/2&#8243;][vc_single_image image=&#8221;2769&#8243; img_size=&#8221;406&#215;266&#8243; css=&#8221;.vc_custom_1526381721066{margin-left: 80px !important;}&#8221;][\/vc_column_inner][\/vc_row_inner][\/vc_column][\/vc_row][vc_row][vc_column][vc_column_text][\/vc_column_text][\/vc_column][\/vc_row]<\/p>\n<\/div>","protected":false},"excerpt":{"rendered":"<p>[vc_row][vc_column][\/vc_column][\/vc_row][vc_row][vc_column][vc_column_text]Summer schools, usually organized in July, allow students from all over the world to discover the French science excellence. They are also a great opportunity to explore the territory and [&hellip;]<\/p>\n","protected":false},"author":2,"featured_media":0,"parent":0,"menu_order":0,"comment_status":"closed","ping_status":"closed","template":"","meta":{"_acf_changed":false,"footnotes":""},"class_list":["post-2756","page","type-page","status-publish","hentry"],"acf":[],"yoast_head":"<!-- This site is optimized with the Yoast SEO plugin v27.4 - https:\/\/yoast.com\/product\/yoast-seo-wordpress\/ -->\n<title>Les \u00e9coles d&#039;\u00e9t\u00e9 - Science Accueil<\/title>\n<meta name=\"robots\" content=\"index, follow, max-snippet:-1, max-image-preview:large, max-video-preview:-1\" \/>\n<link rel=\"canonical\" href=\"https:\/\/www.science-accueil.org\/en\/les-ecoles-dete-2\/\" \/>\n<meta property=\"og:locale\" content=\"en_US\" \/>\n<meta property=\"og:type\" content=\"article\" \/>\n<meta property=\"og:title\" content=\"Les \u00e9coles d&#039;\u00e9t\u00e9 - Science Accueil\" \/>\n<meta property=\"og:description\" content=\"[vc_row][vc_column][\/vc_column][\/vc_row][vc_row][vc_column][vc_column_text]Summer schools, usually organized in July, allow students from all over the world to discover the French science excellence. They are also a great opportunity to explore the territory and [&hellip;]\" \/>\n<meta property=\"og:url\" content=\"https:\/\/www.science-accueil.org\/en\/les-ecoles-dete-2\/\" \/>\n<meta property=\"og:site_name\" content=\"Science Accueil\" \/>\n<meta property=\"article:modified_time\" content=\"2024-11-02T16:32:18+00:00\" \/>\n<meta name=\"twitter:card\" content=\"summary_large_image\" \/>\n<meta name=\"twitter:label1\" content=\"Est. reading time\" \/>\n\t<meta name=\"twitter:data1\" content=\"3 minutes\" \/>\n<script type=\"application\/ld+json\" class=\"yoast-schema-graph\">{\"@context\":\"https:\\\/\\\/schema.org\",\"@graph\":[{\"@type\":\"WebPage\",\"@id\":\"https:\\\/\\\/www.science-accueil.org\\\/en\\\/les-ecoles-dete-2\\\/\",\"url\":\"https:\\\/\\\/www.science-accueil.org\\\/en\\\/les-ecoles-dete-2\\\/\",\"name\":\"Les \u00e9coles d'\u00e9t\u00e9 - Science Accueil\",\"isPartOf\":{\"@id\":\"https:\\\/\\\/www.science-accueil.org\\\/en\\\/#website\"},\"datePublished\":\"2018-03-14T11:52:06+00:00\",\"dateModified\":\"2024-11-02T16:32:18+00:00\",\"breadcrumb\":{\"@id\":\"https:\\\/\\\/www.science-accueil.org\\\/en\\\/les-ecoles-dete-2\\\/#breadcrumb\"},\"inLanguage\":\"en-US\",\"potentialAction\":[{\"@type\":\"ReadAction\",\"target\":[\"https:\\\/\\\/www.science-accueil.org\\\/en\\\/les-ecoles-dete-2\\\/\"]}]},{\"@type\":\"BreadcrumbList\",\"@id\":\"https:\\\/\\\/www.science-accueil.org\\\/en\\\/les-ecoles-dete-2\\\/#breadcrumb\",\"itemListElement\":[{\"@type\":\"ListItem\",\"position\":1,\"name\":\"Home\",\"item\":\"https:\\\/\\\/www.science-accueil.org\\\/en\\\/\"},{\"@type\":\"ListItem\",\"position\":2,\"name\":\"Les \u00e9coles d&rsquo;\u00e9t\u00e9\"}]},{\"@type\":\"WebSite\",\"@id\":\"https:\\\/\\\/www.science-accueil.org\\\/en\\\/#website\",\"url\":\"https:\\\/\\\/www.science-accueil.org\\\/en\\\/\",\"name\":\"Science Accueil\",\"description\":\"\",\"potentialAction\":[{\"@type\":\"SearchAction\",\"target\":{\"@type\":\"EntryPoint\",\"urlTemplate\":\"https:\\\/\\\/www.science-accueil.org\\\/en\\\/?s={search_term_string}\"},\"query-input\":{\"@type\":\"PropertyValueSpecification\",\"valueRequired\":true,\"valueName\":\"search_term_string\"}}],\"inLanguage\":\"en-US\"}]}<\/script>\n<!-- \/ Yoast SEO plugin. -->","yoast_head_json":{"title":"Les \u00e9coles d'\u00e9t\u00e9 - Science Accueil","robots":{"index":"index","follow":"follow","max-snippet":"max-snippet:-1","max-image-preview":"max-image-preview:large","max-video-preview":"max-video-preview:-1"},"canonical":"https:\/\/www.science-accueil.org\/en\/les-ecoles-dete-2\/","og_locale":"en_US","og_type":"article","og_title":"Les \u00e9coles d'\u00e9t\u00e9 - Science Accueil","og_description":"[vc_row][vc_column][\/vc_column][\/vc_row][vc_row][vc_column][vc_column_text]Summer schools, usually organized in July, allow students from all over the world to discover the French science excellence. They are also a great opportunity to explore the territory and [&hellip;]","og_url":"https:\/\/www.science-accueil.org\/en\/les-ecoles-dete-2\/","og_site_name":"Science Accueil","article_modified_time":"2024-11-02T16:32:18+00:00","twitter_card":"summary_large_image","twitter_misc":{"Est. reading time":"3 minutes"},"schema":{"@context":"https:\/\/schema.org","@graph":[{"@type":"WebPage","@id":"https:\/\/www.science-accueil.org\/en\/les-ecoles-dete-2\/","url":"https:\/\/www.science-accueil.org\/en\/les-ecoles-dete-2\/","name":"Les \u00e9coles d'\u00e9t\u00e9 - Science Accueil","isPartOf":{"@id":"https:\/\/www.science-accueil.org\/en\/#website"},"datePublished":"2018-03-14T11:52:06+00:00","dateModified":"2024-11-02T16:32:18+00:00","breadcrumb":{"@id":"https:\/\/www.science-accueil.org\/en\/les-ecoles-dete-2\/#breadcrumb"},"inLanguage":"en-US","potentialAction":[{"@type":"ReadAction","target":["https:\/\/www.science-accueil.org\/en\/les-ecoles-dete-2\/"]}]},{"@type":"BreadcrumbList","@id":"https:\/\/www.science-accueil.org\/en\/les-ecoles-dete-2\/#breadcrumb","itemListElement":[{"@type":"ListItem","position":1,"name":"Home","item":"https:\/\/www.science-accueil.org\/en\/"},{"@type":"ListItem","position":2,"name":"Les \u00e9coles d&rsquo;\u00e9t\u00e9"}]},{"@type":"WebSite","@id":"https:\/\/www.science-accueil.org\/en\/#website","url":"https:\/\/www.science-accueil.org\/en\/","name":"Science Accueil","description":"","potentialAction":[{"@type":"SearchAction","target":{"@type":"EntryPoint","urlTemplate":"https:\/\/www.science-accueil.org\/en\/?s={search_term_string}"},"query-input":{"@type":"PropertyValueSpecification","valueRequired":true,"valueName":"search_term_string"}}],"inLanguage":"en-US"}]}},"_links":{"self":[{"href":"https:\/\/www.science-accueil.org\/en\/wp-json\/wp\/v2\/pages\/2756","targetHints":{"allow":["GET"]}}],"collection":[{"href":"https:\/\/www.science-accueil.org\/en\/wp-json\/wp\/v2\/pages"}],"about":[{"href":"https:\/\/www.science-accueil.org\/en\/wp-json\/wp\/v2\/types\/page"}],"author":[{"embeddable":true,"href":"https:\/\/www.science-accueil.org\/en\/wp-json\/wp\/v2\/users\/2"}],"replies":[{"embeddable":true,"href":"https:\/\/www.science-accueil.org\/en\/wp-json\/wp\/v2\/comments?post=2756"}],"version-history":[{"count":5,"href":"https:\/\/www.science-accueil.org\/en\/wp-json\/wp\/v2\/pages\/2756\/revisions"}],"predecessor-version":[{"id":22014,"href":"https:\/\/www.science-accueil.org\/en\/wp-json\/wp\/v2\/pages\/2756\/revisions\/22014"}],"wp:attachment":[{"href":"https:\/\/www.science-accueil.org\/en\/wp-json\/wp\/v2\/media?parent=2756"}],"curies":[{"name":"wp","href":"https:\/\/api.w.org\/{rel}","templated":true}]}}