{"id":24013,"date":"2025-11-21T11:31:33","date_gmt":"2025-11-21T10:31:33","guid":{"rendered":"https:\/\/www.science-accueil.org\/?page_id=24013"},"modified":"2025-11-25T11:39:50","modified_gmt":"2025-11-25T10:39:50","slug":"the-art-of-becoming-parisian-an-evening-at-the-theater","status":"publish","type":"page","link":"https:\/\/www.science-accueil.org\/en\/the-art-of-becoming-parisian-an-evening-at-the-theater\/","title":{"rendered":"The art of becoming a Parisian, an evening at the theater"},"content":{"rendered":"<div class=\"wpb-content-wrapper\"><p>[vc_row][vc_column]\n        <div class=\"wtitle\">\n         \n            <h1 style=\"background: #d50851;color: ;border-color:\">Cultural event: The art of becoming a Parisian<\/h1>\n         \n        <\/div>\n        <div class=\"wtitle\">\n         \n            <h1 style=\"background: #ffffff;color: #d50851;border-color:#d50851\">Saturday, December 6, 2025<\/h1>\n         \n        <\/div>[vc_column_text css=&#8221;&#8221;]<\/p>\n<div class=\"page\" title=\"Page 7\">\n<div class=\"section\">\n<div class=\"layoutArea\">\n<div class=\"column\">\n<div class=\"layoutArea\">\n<div class=\"column\">\n<p><em><strong>Become a Parisian in one hour!<\/strong><\/em><\/p>\n<p>Head to the Grands Boulevards to discover the hilarious one-man show \u201cHow to become a Parisian in one hour?\u201d by comedian Olivier Giraud in a beautiful Parisian theater: the Th\u00e9\u00e2tre des Nouveaut\u00e9s.<\/p>\n<p>Through comedy, Giraud dissects Parisian habits, eccentricities, and manners: restaurants, the metro, shops&#8230; After this interactive and joyful \u201ctraining\u201d in an international atmosphere, no Parisian will surprise you anymore!<\/p>\n<p>The evening will continue in a Parisian <em>bistrot<\/em>, over a convivial dinner.<\/p>\n<\/div>\n<\/div>\n<\/div>\n<\/div>\n<\/div>\n<\/div>\n<p>[\/vc_column_text][\/vc_column][\/vc_row][vc_row][vc_column width=&#8221;1\/4&#8243;][vc_single_image image=&#8221;23996&#8243; img_size=&#8221;500&#215;400&#8243; css=&#8221;&#8221;][vc_single_image image=&#8221;23999&#8243; img_size=&#8221;500&#215;400&#8243; css=&#8221;&#8221;][\/vc_column][vc_column width=&#8221;1\/2&#8243;][vc_column_text css=&#8221;&#8221;]<em>Programme of the evening<\/em><\/p>\n<ul>\n<li>6:30 p.m. &#8211; Meet in the 9th arrondissement, Boulevard Poissonni\u00e8re in Paris<\/li>\n<li>7 p.m. &#8211; Start of the show<\/li>\n<li>8:30 p.m. &#8211; Dinner in a <em>bistrot<\/em><\/li>\n<li>10 p.m. &#8211; End of the outing<\/li>\n<\/ul>\n<p>[\/vc_column_text][vc_column_text css=&#8221;&#8221;]<\/p>\n<div class=\"vc_row wpb_row vc_row-fluid\">\n<div class=\"wpb_column vc_column_container vc_col-sm-12\">\n<div class=\"vc_column-inner vc_custom_1521704473113\">\n<div class=\"wpb_wrapper\">\n<div class=\"wpb_text_column wpb_content_element \">\n<div class=\"wpb_wrapper\">\n<p>Price : \u00a040\u20ac (show in English + dinner (main course and dessert))<\/p>\n<p>Payment upon registration (<a href=\"https:\/\/www.science-accueil.org\/en\/tarifs-et-conditions-generales-2\/\" target=\"_blank\" rel=\"noopener\"><strong>see terms and conditions<\/strong><\/a>)<\/p>\n<\/div>\n<\/div>\n<\/div>\n<\/div>\n<\/div>\n<\/div>\n<p>[\/vc_column_text][vc_btn title=&#8221;Register now&#8221; color=&#8221;danger&#8221; css=&#8221;&#8221; link=&#8221;url:https%3A%2F%2Fdocs.google.com%2Fforms%2Fd%2Fe%2F1FAIpQLScSUNHfcfYs4kq9TZK4chcPgMN_b31a6EtjoKIBjQ7ZFHqG7g%2Fviewform%3Fusp%3Dheader|target:_blank&#8221;][\/vc_column][vc_column width=&#8221;1\/4&#8243;][vc_single_image image=&#8221;24002&#8243; img_size=&#8221;600&#215;500&#8243; alignment=&#8221;center&#8221; css=&#8221;&#8221;][vc_single_image image=&#8221;24005&#8243; img_size=&#8221;500&#215;400&#8243; css=&#8221;&#8221;][\/vc_column][\/vc_row][vc_row][vc_column][vc_column_text css=&#8221;&#8221;]<em>Photo<\/em> <em>credits : Canva, Olivier Giraud, French Arrogance Prod, Th\u00e9\u00e2tre des Nouveaut\u00e9s<\/em>[\/vc_column_text][\/vc_column][\/vc_row]<\/p>\n<\/div>","protected":false},"excerpt":{"rendered":"<p>[vc_row][vc_column][vc_column_text css=&#8221;&#8221;] Become a Parisian in one hour! Head to the Grands Boulevards to discover the hilarious one-man show \u201cHow to become a Parisian in one hour?\u201d by comedian Olivier [&hellip;]<\/p>\n","protected":false},"author":25,"featured_media":0,"parent":0,"menu_order":0,"comment_status":"closed","ping_status":"closed","template":"","meta":{"_acf_changed":false,"footnotes":""},"class_list":["post-24013","page","type-page","status-publish","hentry"],"acf":[],"yoast_head":"<!-- This site is optimized with the Yoast SEO plugin v27.4 - https:\/\/yoast.com\/product\/yoast-seo-wordpress\/ -->\n<title>The art of becoming a Parisian, an evening at the theater - Science Accueil<\/title>\n<meta name=\"robots\" content=\"index, follow, max-snippet:-1, max-image-preview:large, max-video-preview:-1\" \/>\n<link rel=\"canonical\" href=\"https:\/\/www.science-accueil.org\/en\/the-art-of-becoming-parisian-an-evening-at-the-theater\/\" \/>\n<meta property=\"og:locale\" content=\"en_US\" \/>\n<meta property=\"og:type\" content=\"article\" \/>\n<meta property=\"og:title\" content=\"The art of becoming a Parisian, an evening at the theater - Science Accueil\" \/>\n<meta property=\"og:description\" content=\"[vc_row][vc_column][vc_column_text css=&#8221;&#8221;] Become a Parisian in one hour! Head to the Grands Boulevards to discover the hilarious one-man show \u201cHow to become a Parisian in one hour?\u201d by comedian Olivier [&hellip;]\" \/>\n<meta property=\"og:url\" content=\"https:\/\/www.science-accueil.org\/en\/the-art-of-becoming-parisian-an-evening-at-the-theater\/\" \/>\n<meta property=\"og:site_name\" content=\"Science Accueil\" \/>\n<meta property=\"article:modified_time\" content=\"2025-11-25T10:39:50+00:00\" \/>\n<meta name=\"twitter:card\" content=\"summary_large_image\" \/>\n<meta name=\"twitter:label1\" content=\"Est. reading time\" \/>\n\t<meta name=\"twitter:data1\" content=\"1 minute\" \/>\n<script type=\"application\/ld+json\" class=\"yoast-schema-graph\">{\"@context\":\"https:\\\/\\\/schema.org\",\"@graph\":[{\"@type\":\"WebPage\",\"@id\":\"https:\\\/\\\/www.science-accueil.org\\\/en\\\/the-art-of-becoming-parisian-an-evening-at-the-theater\\\/\",\"url\":\"https:\\\/\\\/www.science-accueil.org\\\/en\\\/the-art-of-becoming-parisian-an-evening-at-the-theater\\\/\",\"name\":\"The art of becoming a Parisian, an evening at the theater - Science Accueil\",\"isPartOf\":{\"@id\":\"https:\\\/\\\/www.science-accueil.org\\\/en\\\/#website\"},\"datePublished\":\"2025-11-21T10:31:33+00:00\",\"dateModified\":\"2025-11-25T10:39:50+00:00\",\"breadcrumb\":{\"@id\":\"https:\\\/\\\/www.science-accueil.org\\\/en\\\/the-art-of-becoming-parisian-an-evening-at-the-theater\\\/#breadcrumb\"},\"inLanguage\":\"en-US\",\"potentialAction\":[{\"@type\":\"ReadAction\",\"target\":[\"https:\\\/\\\/www.science-accueil.org\\\/en\\\/the-art-of-becoming-parisian-an-evening-at-the-theater\\\/\"]}]},{\"@type\":\"BreadcrumbList\",\"@id\":\"https:\\\/\\\/www.science-accueil.org\\\/en\\\/the-art-of-becoming-parisian-an-evening-at-the-theater\\\/#breadcrumb\",\"itemListElement\":[{\"@type\":\"ListItem\",\"position\":1,\"name\":\"Home\",\"item\":\"https:\\\/\\\/www.science-accueil.org\\\/en\\\/\"},{\"@type\":\"ListItem\",\"position\":2,\"name\":\"The art of becoming a Parisian, an evening at the theater\"}]},{\"@type\":\"WebSite\",\"@id\":\"https:\\\/\\\/www.science-accueil.org\\\/en\\\/#website\",\"url\":\"https:\\\/\\\/www.science-accueil.org\\\/en\\\/\",\"name\":\"Science Accueil\",\"description\":\"\",\"potentialAction\":[{\"@type\":\"SearchAction\",\"target\":{\"@type\":\"EntryPoint\",\"urlTemplate\":\"https:\\\/\\\/www.science-accueil.org\\\/en\\\/?s={search_term_string}\"},\"query-input\":{\"@type\":\"PropertyValueSpecification\",\"valueRequired\":true,\"valueName\":\"search_term_string\"}}],\"inLanguage\":\"en-US\"}]}<\/script>\n<!-- \/ Yoast SEO plugin. -->","yoast_head_json":{"title":"The art of becoming a Parisian, an evening at the theater - Science Accueil","robots":{"index":"index","follow":"follow","max-snippet":"max-snippet:-1","max-image-preview":"max-image-preview:large","max-video-preview":"max-video-preview:-1"},"canonical":"https:\/\/www.science-accueil.org\/en\/the-art-of-becoming-parisian-an-evening-at-the-theater\/","og_locale":"en_US","og_type":"article","og_title":"The art of becoming a Parisian, an evening at the theater - Science Accueil","og_description":"[vc_row][vc_column][vc_column_text css=&#8221;&#8221;] Become a Parisian in one hour! Head to the Grands Boulevards to discover the hilarious one-man show \u201cHow to become a Parisian in one hour?\u201d by comedian Olivier [&hellip;]","og_url":"https:\/\/www.science-accueil.org\/en\/the-art-of-becoming-parisian-an-evening-at-the-theater\/","og_site_name":"Science Accueil","article_modified_time":"2025-11-25T10:39:50+00:00","twitter_card":"summary_large_image","twitter_misc":{"Est. reading time":"1 minute"},"schema":{"@context":"https:\/\/schema.org","@graph":[{"@type":"WebPage","@id":"https:\/\/www.science-accueil.org\/en\/the-art-of-becoming-parisian-an-evening-at-the-theater\/","url":"https:\/\/www.science-accueil.org\/en\/the-art-of-becoming-parisian-an-evening-at-the-theater\/","name":"The art of becoming a Parisian, an evening at the theater - Science Accueil","isPartOf":{"@id":"https:\/\/www.science-accueil.org\/en\/#website"},"datePublished":"2025-11-21T10:31:33+00:00","dateModified":"2025-11-25T10:39:50+00:00","breadcrumb":{"@id":"https:\/\/www.science-accueil.org\/en\/the-art-of-becoming-parisian-an-evening-at-the-theater\/#breadcrumb"},"inLanguage":"en-US","potentialAction":[{"@type":"ReadAction","target":["https:\/\/www.science-accueil.org\/en\/the-art-of-becoming-parisian-an-evening-at-the-theater\/"]}]},{"@type":"BreadcrumbList","@id":"https:\/\/www.science-accueil.org\/en\/the-art-of-becoming-parisian-an-evening-at-the-theater\/#breadcrumb","itemListElement":[{"@type":"ListItem","position":1,"name":"Home","item":"https:\/\/www.science-accueil.org\/en\/"},{"@type":"ListItem","position":2,"name":"The art of becoming a Parisian, an evening at the theater"}]},{"@type":"WebSite","@id":"https:\/\/www.science-accueil.org\/en\/#website","url":"https:\/\/www.science-accueil.org\/en\/","name":"Science Accueil","description":"","potentialAction":[{"@type":"SearchAction","target":{"@type":"EntryPoint","urlTemplate":"https:\/\/www.science-accueil.org\/en\/?s={search_term_string}"},"query-input":{"@type":"PropertyValueSpecification","valueRequired":true,"valueName":"search_term_string"}}],"inLanguage":"en-US"}]}},"_links":{"self":[{"href":"https:\/\/www.science-accueil.org\/en\/wp-json\/wp\/v2\/pages\/24013","targetHints":{"allow":["GET"]}}],"collection":[{"href":"https:\/\/www.science-accueil.org\/en\/wp-json\/wp\/v2\/pages"}],"about":[{"href":"https:\/\/www.science-accueil.org\/en\/wp-json\/wp\/v2\/types\/page"}],"author":[{"embeddable":true,"href":"https:\/\/www.science-accueil.org\/en\/wp-json\/wp\/v2\/users\/25"}],"replies":[{"embeddable":true,"href":"https:\/\/www.science-accueil.org\/en\/wp-json\/wp\/v2\/comments?post=24013"}],"version-history":[{"count":6,"href":"https:\/\/www.science-accueil.org\/en\/wp-json\/wp\/v2\/pages\/24013\/revisions"}],"predecessor-version":[{"id":24045,"href":"https:\/\/www.science-accueil.org\/en\/wp-json\/wp\/v2\/pages\/24013\/revisions\/24045"}],"wp:attachment":[{"href":"https:\/\/www.science-accueil.org\/en\/wp-json\/wp\/v2\/media?parent=24013"}],"curies":[{"name":"wp","href":"https:\/\/api.w.org\/{rel}","templated":true}]}}