{"id":21854,"date":"2024-10-30T20:47:01","date_gmt":"2024-10-30T19:47:01","guid":{"rendered":"https:\/\/www.science-accueil.org\/cours-de-francais-professionnel\/"},"modified":"2025-01-29T11:12:43","modified_gmt":"2025-01-29T10:12:43","slug":"cours-de-francais-professionnel","status":"publish","type":"page","link":"https:\/\/www.science-accueil.org\/en\/cours-de-francais-professionnel\/","title":{"rendered":"Cours de fran\u00e7ais professionnel"},"content":{"rendered":"<div class=\"wpb-content-wrapper\"><p>[vc_row][vc_column]\n        <div class=\"wtitle\">\n         \n            <h1 style=\"background: #E64C3B;color: #FFFFFF;border-color:#FFFFFF\">Cours de fran\u00e7ais professionnel<\/h1>\n         \n        <\/div>[\/vc_column][vc_column][vc_column_text css=&#8221;&#8221;]<\/p>\n<p style=\"text-align: center;\"><strong>Science Accueil organise 3 cours de fran\u00e7ais professionnel. Chaque session d\u20191h30 abordera un th\u00e8me pr\u00e9d\u00e9fini et est ind\u00e9pendante des 2 autres sessions. Ces cours sont dispens\u00e9s par une enseignante sp\u00e9cialis\u00e9e dans l\u2019accompagnement en entreprise.<\/strong><\/p>\n<p>[\/vc_column_text][vc_single_image image=&#8221;22225&#8243; img_size=&#8221;400&#215;268&#8243; alignment=&#8221;center&#8221; css=&#8221;&#8221;][\/vc_column][\/vc_row][vc_row][vc_column][vc_column_text css=&#8221;&#8221;]<\/p>\n<h2><strong>Programme<\/strong><\/h2>\n<p>[\/vc_column_text][vc_column_text css=&#8221;&#8221;]<\/p>\n<div><b>Session I : Identifier et connaitre les codes de l&#8217;entreprise \/ Discuter avec un coll\u00e8gue \u00e0 la machine \u00e0 caf\u00e9<\/b><\/div>\n<ul data-editing-info=\"{&quot;unorderedStyleType&quot;:2}\">\n<li>\n<div>savoir-\u00eatre en entreprise<\/div>\n<\/li>\n<li>\n<div>connaitre la hi\u00e9rarchie de l&#8217;entreprise (organigramme)<\/div>\n<\/li>\n<li>\n<div>emploi du tu\/vous<\/div>\n<\/li>\n<li>\n<div>pratiquer les discussions informelles<\/div>\n<\/li>\n<\/ul>\n<p>[\/vc_column_text][vc_column_text css=&#8221;&#8221;]<\/p>\n<div><b>Session II : Pr\u00e9senter un projet professionnel<\/b><\/div>\n<ul data-editing-info=\"{&quot;unorderedStyleType&quot;:2}\">\n<li>\n<div>Introduire un sujet<\/div>\n<\/li>\n<li>\n<div>Synth\u00e9tiser et vulgariser un projet pour int\u00e9resser son auditoire.<\/div>\n<\/li>\n<li>\n<div>Poser et r\u00e9pondre aux questions sur le projet.<\/div>\n<\/li>\n<li>\n<div>\u00a0Pour ce cours nous demandons aux participants de venir avec un sujet \/ un projet \u00e0 pr\u00e9senter. Cela sera votre support qui vous permettra de vous entrainer.<\/div>\n<\/li>\n<\/ul>\n<p>[\/vc_column_text][vc_column_text css=&#8221;&#8221;]<\/p>\n<div><b data-olk-copy-source=\"MessageBody\">Session III : Mener un entretien d&#8217;embauche &#8211; Techniques et recherche d&#8217;emploi<\/b><\/div>\n<ul data-editing-info=\"{&quot;unorderedStyleType&quot;:2}\">\n<li>\n<div>Se pr\u00e9senter en quelques minutes<\/div>\n<\/li>\n<li>\n<div>Pr\u00e9senter une entreprise<\/div>\n<\/li>\n<li>\n<div>Utiliser le lexique des comp\u00e9tences professionnelles<\/div>\n<\/li>\n<li>\n<div>Poser des questions sur le poste : la r\u00e9mun\u00e9ration, les conditions de travail, les avantages, le type de contrat\u2026<\/div>\n<\/li>\n<\/ul>\n<p>[\/vc_column_text][vc_column_text css=&#8221;&#8221;]<\/p>\n<h2><strong>Modalit\u00e9s et tarif<\/strong><\/h2>\n<p>[\/vc_column_text][vc_column_text css=&#8221;&#8221;]<\/p>\n<div><b>Les s\u00e9ances se d\u00e9roulent sur la pause m\u00e9ridienne (12h30 \u00e0 14h), le mercredi.<\/b><\/div>\n<ul>\n<li>Lieu : Science Accueil Moulon, 18 mail Pierre Potier 91190 Gif-sur-Yvette<\/li>\n<li>Tarif \u00a0: 17\u20ac la session d&#8217;1h30.<\/li>\n<\/ul>\n<p>[\/vc_column_text][vc_column_text css=&#8221;&#8221;]<\/p>\n<h2><strong>Prochaines sessions<\/strong><\/h2>\n<p>[\/vc_column_text][vc_column_text css=&#8221;&#8221;]<\/p>\n<div><\/div>\n<p style=\"text-align: center;\"><strong>SESSION I &#8220;IDENTIFIER ET CONNA\u00ceTRE LES CODES EN ENTREPRISE, DISCUTER AVEC UN COLL\u00c8GUE \u00c0 LA MACHINE \u00c0 CAF\u00c9&#8221;<\/strong><\/p>\n<p style=\"text-align: center;\"><b>MERCREDI 22 JANVIER 2024<\/b><\/p>\n<p>[\/vc_column_text][vc_btn title=&#8221;Inscription&#8221; color=&#8221;danger&#8221; align=&#8221;center&#8221; css=&#8221;&#8221; link=&#8221;url:https%3A%2F%2Fdocs.google.com%2Fforms%2Fd%2Fe%2F1FAIpQLScJZ7up7Dr1ha4AKJLgaTEe-02lR_DwwKqrohK8-Zj8-vbwyw%2Fviewform&#8221;][\/vc_column][\/vc_row]<\/p>\n<\/div>","protected":false},"excerpt":{"rendered":"<p>[vc_row][vc_column][\/vc_column][vc_column][vc_column_text css=&#8221;&#8221;] Science Accueil organise 3 cours de fran\u00e7ais professionnel. Chaque session d\u20191h30 abordera un th\u00e8me pr\u00e9d\u00e9fini et est ind\u00e9pendante des 2 autres sessions. Ces cours sont dispens\u00e9s par une [&hellip;]<\/p>\n","protected":false},"author":2,"featured_media":21849,"parent":0,"menu_order":0,"comment_status":"closed","ping_status":"closed","template":"","meta":{"_acf_changed":false,"footnotes":""},"class_list":["post-21854","page","type-page","status-publish","has-post-thumbnail","hentry"],"acf":[],"yoast_head":"<!-- This site is optimized with the Yoast SEO plugin v27.4 - https:\/\/yoast.com\/product\/yoast-seo-wordpress\/ -->\n<title>Cours de fran\u00e7ais professionnel - Science Accueil<\/title>\n<meta name=\"robots\" content=\"index, follow, max-snippet:-1, max-image-preview:large, max-video-preview:-1\" \/>\n<link rel=\"canonical\" href=\"https:\/\/www.science-accueil.org\/en\/cours-de-francais-professionnel\/\" \/>\n<meta property=\"og:locale\" content=\"en_US\" \/>\n<meta property=\"og:type\" content=\"article\" \/>\n<meta property=\"og:title\" content=\"Cours de fran\u00e7ais professionnel - Science Accueil\" \/>\n<meta property=\"og:description\" content=\"[vc_row][vc_column][\/vc_column][vc_column][vc_column_text css=&#8221;&#8221;] Science Accueil organise 3 cours de fran\u00e7ais professionnel. Chaque session d\u20191h30 abordera un th\u00e8me pr\u00e9d\u00e9fini et est ind\u00e9pendante des 2 autres sessions. Ces cours sont dispens\u00e9s par une [&hellip;]\" \/>\n<meta property=\"og:url\" content=\"https:\/\/www.science-accueil.org\/en\/cours-de-francais-professionnel\/\" \/>\n<meta property=\"og:site_name\" content=\"Science Accueil\" \/>\n<meta property=\"article:modified_time\" content=\"2025-01-29T10:12:43+00:00\" \/>\n<meta property=\"og:image\" content=\"https:\/\/www.science-accueil.org\/wp-content\/uploads\/2024\/10\/Francais-professionnel-1110x221-1.png\" \/>\n\t<meta property=\"og:image:width\" content=\"1110\" \/>\n\t<meta property=\"og:image:height\" content=\"221\" \/>\n\t<meta property=\"og:image:type\" content=\"image\/png\" \/>\n<meta name=\"twitter:card\" content=\"summary_large_image\" \/>\n<meta name=\"twitter:label1\" content=\"Est. reading time\" \/>\n\t<meta name=\"twitter:data1\" content=\"1 minute\" \/>\n<script type=\"application\/ld+json\" class=\"yoast-schema-graph\">{\"@context\":\"https:\\\/\\\/schema.org\",\"@graph\":[{\"@type\":\"WebPage\",\"@id\":\"https:\\\/\\\/www.science-accueil.org\\\/en\\\/cours-de-francais-professionnel\\\/\",\"url\":\"https:\\\/\\\/www.science-accueil.org\\\/en\\\/cours-de-francais-professionnel\\\/\",\"name\":\"Cours de fran\u00e7ais professionnel - Science Accueil\",\"isPartOf\":{\"@id\":\"https:\\\/\\\/www.science-accueil.org\\\/en\\\/#website\"},\"primaryImageOfPage\":{\"@id\":\"https:\\\/\\\/www.science-accueil.org\\\/en\\\/cours-de-francais-professionnel\\\/#primaryimage\"},\"image\":{\"@id\":\"https:\\\/\\\/www.science-accueil.org\\\/en\\\/cours-de-francais-professionnel\\\/#primaryimage\"},\"thumbnailUrl\":\"https:\\\/\\\/www.science-accueil.org\\\/wp-content\\\/uploads\\\/2024\\\/10\\\/Francais-professionnel-1110x221-1.png\",\"datePublished\":\"2024-10-30T19:47:01+00:00\",\"dateModified\":\"2025-01-29T10:12:43+00:00\",\"breadcrumb\":{\"@id\":\"https:\\\/\\\/www.science-accueil.org\\\/en\\\/cours-de-francais-professionnel\\\/#breadcrumb\"},\"inLanguage\":\"en-US\",\"potentialAction\":[{\"@type\":\"ReadAction\",\"target\":[\"https:\\\/\\\/www.science-accueil.org\\\/en\\\/cours-de-francais-professionnel\\\/\"]}]},{\"@type\":\"ImageObject\",\"inLanguage\":\"en-US\",\"@id\":\"https:\\\/\\\/www.science-accueil.org\\\/en\\\/cours-de-francais-professionnel\\\/#primaryimage\",\"url\":\"https:\\\/\\\/www.science-accueil.org\\\/wp-content\\\/uploads\\\/2024\\\/10\\\/Francais-professionnel-1110x221-1.png\",\"contentUrl\":\"https:\\\/\\\/www.science-accueil.org\\\/wp-content\\\/uploads\\\/2024\\\/10\\\/Francais-professionnel-1110x221-1.png\",\"width\":1110,\"height\":221},{\"@type\":\"BreadcrumbList\",\"@id\":\"https:\\\/\\\/www.science-accueil.org\\\/en\\\/cours-de-francais-professionnel\\\/#breadcrumb\",\"itemListElement\":[{\"@type\":\"ListItem\",\"position\":1,\"name\":\"Home\",\"item\":\"https:\\\/\\\/www.science-accueil.org\\\/en\\\/\"},{\"@type\":\"ListItem\",\"position\":2,\"name\":\"Cours de fran\u00e7ais professionnel\"}]},{\"@type\":\"WebSite\",\"@id\":\"https:\\\/\\\/www.science-accueil.org\\\/en\\\/#website\",\"url\":\"https:\\\/\\\/www.science-accueil.org\\\/en\\\/\",\"name\":\"Science Accueil\",\"description\":\"\",\"potentialAction\":[{\"@type\":\"SearchAction\",\"target\":{\"@type\":\"EntryPoint\",\"urlTemplate\":\"https:\\\/\\\/www.science-accueil.org\\\/en\\\/?s={search_term_string}\"},\"query-input\":{\"@type\":\"PropertyValueSpecification\",\"valueRequired\":true,\"valueName\":\"search_term_string\"}}],\"inLanguage\":\"en-US\"}]}<\/script>\n<!-- \/ Yoast SEO plugin. -->","yoast_head_json":{"title":"Cours de fran\u00e7ais professionnel - Science Accueil","robots":{"index":"index","follow":"follow","max-snippet":"max-snippet:-1","max-image-preview":"max-image-preview:large","max-video-preview":"max-video-preview:-1"},"canonical":"https:\/\/www.science-accueil.org\/en\/cours-de-francais-professionnel\/","og_locale":"en_US","og_type":"article","og_title":"Cours de fran\u00e7ais professionnel - Science Accueil","og_description":"[vc_row][vc_column][\/vc_column][vc_column][vc_column_text css=&#8221;&#8221;] Science Accueil organise 3 cours de fran\u00e7ais professionnel. Chaque session d\u20191h30 abordera un th\u00e8me pr\u00e9d\u00e9fini et est ind\u00e9pendante des 2 autres sessions. Ces cours sont dispens\u00e9s par une [&hellip;]","og_url":"https:\/\/www.science-accueil.org\/en\/cours-de-francais-professionnel\/","og_site_name":"Science Accueil","article_modified_time":"2025-01-29T10:12:43+00:00","og_image":[{"width":1110,"height":221,"url":"https:\/\/www.science-accueil.org\/wp-content\/uploads\/2024\/10\/Francais-professionnel-1110x221-1.png","type":"image\/png"}],"twitter_card":"summary_large_image","twitter_misc":{"Est. reading time":"1 minute"},"schema":{"@context":"https:\/\/schema.org","@graph":[{"@type":"WebPage","@id":"https:\/\/www.science-accueil.org\/en\/cours-de-francais-professionnel\/","url":"https:\/\/www.science-accueil.org\/en\/cours-de-francais-professionnel\/","name":"Cours de fran\u00e7ais professionnel - Science Accueil","isPartOf":{"@id":"https:\/\/www.science-accueil.org\/en\/#website"},"primaryImageOfPage":{"@id":"https:\/\/www.science-accueil.org\/en\/cours-de-francais-professionnel\/#primaryimage"},"image":{"@id":"https:\/\/www.science-accueil.org\/en\/cours-de-francais-professionnel\/#primaryimage"},"thumbnailUrl":"https:\/\/www.science-accueil.org\/wp-content\/uploads\/2024\/10\/Francais-professionnel-1110x221-1.png","datePublished":"2024-10-30T19:47:01+00:00","dateModified":"2025-01-29T10:12:43+00:00","breadcrumb":{"@id":"https:\/\/www.science-accueil.org\/en\/cours-de-francais-professionnel\/#breadcrumb"},"inLanguage":"en-US","potentialAction":[{"@type":"ReadAction","target":["https:\/\/www.science-accueil.org\/en\/cours-de-francais-professionnel\/"]}]},{"@type":"ImageObject","inLanguage":"en-US","@id":"https:\/\/www.science-accueil.org\/en\/cours-de-francais-professionnel\/#primaryimage","url":"https:\/\/www.science-accueil.org\/wp-content\/uploads\/2024\/10\/Francais-professionnel-1110x221-1.png","contentUrl":"https:\/\/www.science-accueil.org\/wp-content\/uploads\/2024\/10\/Francais-professionnel-1110x221-1.png","width":1110,"height":221},{"@type":"BreadcrumbList","@id":"https:\/\/www.science-accueil.org\/en\/cours-de-francais-professionnel\/#breadcrumb","itemListElement":[{"@type":"ListItem","position":1,"name":"Home","item":"https:\/\/www.science-accueil.org\/en\/"},{"@type":"ListItem","position":2,"name":"Cours de fran\u00e7ais professionnel"}]},{"@type":"WebSite","@id":"https:\/\/www.science-accueil.org\/en\/#website","url":"https:\/\/www.science-accueil.org\/en\/","name":"Science Accueil","description":"","potentialAction":[{"@type":"SearchAction","target":{"@type":"EntryPoint","urlTemplate":"https:\/\/www.science-accueil.org\/en\/?s={search_term_string}"},"query-input":{"@type":"PropertyValueSpecification","valueRequired":true,"valueName":"search_term_string"}}],"inLanguage":"en-US"}]}},"_links":{"self":[{"href":"https:\/\/www.science-accueil.org\/en\/wp-json\/wp\/v2\/pages\/21854","targetHints":{"allow":["GET"]}}],"collection":[{"href":"https:\/\/www.science-accueil.org\/en\/wp-json\/wp\/v2\/pages"}],"about":[{"href":"https:\/\/www.science-accueil.org\/en\/wp-json\/wp\/v2\/types\/page"}],"author":[{"embeddable":true,"href":"https:\/\/www.science-accueil.org\/en\/wp-json\/wp\/v2\/users\/2"}],"replies":[{"embeddable":true,"href":"https:\/\/www.science-accueil.org\/en\/wp-json\/wp\/v2\/comments?post=21854"}],"version-history":[{"count":5,"href":"https:\/\/www.science-accueil.org\/en\/wp-json\/wp\/v2\/pages\/21854\/revisions"}],"predecessor-version":[{"id":22386,"href":"https:\/\/www.science-accueil.org\/en\/wp-json\/wp\/v2\/pages\/21854\/revisions\/22386"}],"wp:featuredmedia":[{"embeddable":true,"href":"https:\/\/www.science-accueil.org\/en\/wp-json\/wp\/v2\/media\/21849"}],"wp:attachment":[{"href":"https:\/\/www.science-accueil.org\/en\/wp-json\/wp\/v2\/media?parent=21854"}],"curies":[{"name":"wp","href":"https:\/\/api.w.org\/{rel}","templated":true}]}}