{"id":19508,"date":"2023-04-03T15:32:18","date_gmt":"2023-04-03T13:32:18","guid":{"rendered":"https:\/\/www.science-accueil.org\/les-guinguettes-au-bord-de-la-marne\/"},"modified":"2025-06-17T09:19:20","modified_gmt":"2025-06-17T07:19:20","slug":"les-guinguettes-au-bord-de-la-marne","status":"publish","type":"page","link":"https:\/\/www.science-accueil.org\/en\/les-guinguettes-au-bord-de-la-marne\/","title":{"rendered":"Les Guinguettes au bord de la Marne"},"content":{"rendered":"<div class=\"wpb-content-wrapper\"><p>[vc_row][vc_column]\n        <div class=\"wtitle\">\n         \n            <h1 style=\"background: #d50851;color: #ffffff;border-color:#ffffff\">Les Guinguettes au bord de la Marne<\/h1>\n         \n        <\/div>[\/vc_column][\/vc_row][vc_row][vc_column width=&#8221;1\/2&#8243;][vc_single_image image=&#8221;19491&#8243; img_size=&#8221;477&#215;279&#8243; alignment=&#8221;center&#8221;][\/vc_column][vc_column width=&#8221;1\/2&#8243;][vc_empty_space][vc_column_text]<\/p>\n<div class=\"page\" title=\"Page 10\">\n<div class=\"section\">\n<div class=\"layoutArea\">\n<div class=\"column\">\n<div class=\"page\" title=\"Page 23\">\n<div class=\"section\">\n<div class=\"layoutArea\">\n<div class=\"column\">\n<p><em><strong>Venez revivre l\u2019esprit de la fin du 19e &#8211; premi\u00e8re moiti\u00e9 du 20e si\u00e8cle quand les ouvriers d\u00e9couvraient les loisirs au bord de l&#8217;eau, que les parisiens en qu\u00eate de vill\u00e9giatures se construisaient de belles demeures, et que les guinguettes se comptaient par centaines au bord de la Seine et de la Marne.<\/strong><\/em><\/p>\n<p><em><strong>Une promenade qui vous fera re\u0302ver de Nogent a\u0300 l\u2019Ile-de-beaute\u0301 a\u0300 travers la promenade <\/strong><\/em><em><strong>\u00ab Yvette Horner \u00bb, pour terminer chez Ge\u0301ge\u0300ne, guinguette pleine de charme cre\u0301e\u0301e en 1918 qui a conserv\u00e9 toute son authenticit\u00e9.<\/strong><\/em><\/p>\n<p><em><strong>Une sortie typiquement franc\u0327aise dans l\u2019esprit musette.<\/strong><\/em><\/p>\n<\/div>\n<\/div>\n<\/div>\n<\/div>\n<\/div>\n<\/div>\n<\/div>\n<\/div>\n<p>[\/vc_column_text][\/vc_column][\/vc_row][vc_row][vc_column]\n        <div class=\"wtitle\">\n         \n            <h2 style=\"background: #ffffff;color: #d50851;border-color:#d50851\">PROGRAMME - SAMEDI 6 JUILLET 2024<\/h2>\n         \n        <\/div>[\/vc_column][\/vc_row][vc_row][vc_column width=&#8221;1\/2&#8243;][vc_empty_space][vc_column_text]<\/p>\n<ul>\n<li><span class=\"JsGRdQ\"><strong>11h30<\/strong><span class=\"S1PPyQ\"> : Rendez-vous \u00e0 Nogent-sur-Marne<\/span><\/span><\/li>\n<li><span style=\"font-weight: 400;\">Promenade guid\u00e9e en anglais pour d\u00e9couvrir l\u2019histoire, architecture et le patrimoine exceptionnels des bords de Marne et de l\u2019Ile-de-beaut\u00e9<\/span><\/li>\n<li><span style=\"font-weight: 400;\">Travers\u00e9e de la Marne gr\u00e2ce \u00e0 un passeur<\/span>\n<div class=\"wpb_text_column wpb_content_element \">\n<div class=\"wpb_wrapper\"><\/div>\n<\/div>\n<div class=\"wpb_text_column wpb_content_element \">\n<div class=\"wpb_wrapper\"><\/div>\n<\/div>\n<\/li>\n<li><span style=\"font-weight: 400;\">Ap\u00e9ritif avec une g\u00e9n\u00e9reuse tarte aux fraises maison et d\u00e9gustation de la traditionnelle friture de petits poissons Chez G\u00e9g\u00e8ne, une des premi\u00e8res mais aussi des derni\u00e8res guinguettes, ouverte en 1918, qui a su garder son authenticit\u00e9.<\/span><\/li>\n<li><span style=\"font-weight: 400;\">Fin de la visite vers <strong>15h<\/strong><\/span><\/li>\n<\/ul>\n<p>[\/vc_column_text][\/vc_column][vc_column width=&#8221;1\/2&#8243;][vc_row_inner][vc_column_inner width=&#8221;1\/2&#8243;][vc_single_image image=&#8221;19684&#8243; img_size=&#8221;218&#215;189&#8243;][\/vc_column_inner][vc_column_inner width=&#8221;1\/2&#8243;][vc_single_image image=&#8221;19494&#8243; img_size=&#8221;218&#215;189&#8243; alignment=&#8221;center&#8221;][\/vc_column_inner][\/vc_row_inner][vc_row_inner][vc_column_inner width=&#8221;1\/2&#8243;][vc_single_image image=&#8221;19647&#8243; img_size=&#8221;218&#215;189&#8243;][\/vc_column_inner][vc_column_inner width=&#8221;1\/2&#8243;][vc_single_image image=&#8221;19641&#8243; img_size=&#8221;218&#215;189&#8243; alignment=&#8221;center&#8221;][\/vc_column_inner][\/vc_row_inner][\/vc_column][\/vc_row][vc_row][vc_column]\n        <div class=\"wtitle\">\n         \n            <h2 style=\"background: #ffffff;color: #d50851;border-color:#d50851\">TARIFS ET MODALIT\u00c9S D'INSCRIPTION<\/h2>\n         \n        <\/div>[vc_column_text]<\/p>\n<ul>\n<li>Tarif : 32\u20ac par personne.<\/li>\n<li>Modalit\u00e9s d&#8217;inscription : le paiement doit \u00eatre effectu\u00e9 lors de l&#8217;inscription.<\/li>\n<\/ul>\n<p><a href=\"https:\/\/www.science-accueil.org\/tarifs-et-conditions-generales\/\"><strong>Consulter les conditions g\u00e9n\u00e9rales<\/strong><\/a>[\/vc_column_text][vc_btn title=&#8221;R\u00e9server&#8221; color=&#8221;juicy-pink&#8221; align=&#8221;center&#8221; link=&#8221;url:https%3A%2F%2Fdocs.google.com%2Fforms%2Fd%2Fe%2F1FAIpQLSetgumCY0Q2I15F_LQYPnK-hj2xhmnhpVw3EdWA_G7tzqNQUA%2Fviewform&#8221;][vc_single_image image=&#8221;18424&#8243; img_size=&#8221;medium&#8221; alignment=&#8221;center&#8221;][\/vc_column][\/vc_row][vc_row][vc_column][vc_gmaps link=&#8221;#E-8_JTNDaWZyYW1lJTIwc3JjJTNEJTIyaHR0cHMlM0ElMkYlMkZ3d3cuZ29vZ2xlLmNvbSUyRm1hcHMlMkZlbWJlZCUzRnBiJTNEJTIxMW0xOCUyMTFtMTIlMjExbTMlMjExZDIxMDA4LjkwNDAwNzQzMzYzNCUyMTJkMi40NjM2MTkzNjk3MjUzMTElMjEzZDQ4LjgzNjk4MzIyMTQ3OTQzJTIxMm0zJTIxMWYwJTIxMmYwJTIxM2YwJTIxM20yJTIxMWkxMDI0JTIxMmk3NjglMjE0ZjEzLjElMjEzbTMlMjExbTIlMjExczB4NDdlNjBkNmJjODUxOTRiNyUyNTNBMHg0MGI4MmMzNjg4YjM4OTAlMjEyc05vZ2VudC1zdXItTWFybmUlMjE1ZTAlMjEzbTIlMjExc2ZyJTIxMnNmciUyMTR2MTY4MDU5ODM1MzI5NyUyMTVtMiUyMTFzZnIlMjEyc2ZyJTIyJTIwd2lkdGglM0QlMjI2MDAlMjIlMjBoZWlnaHQlM0QlMjI0NTAlMjIlMjBzdHlsZSUzRCUyMmJvcmRlciUzQTAlM0IlMjIlMjBhbGxvd2Z1bGxzY3JlZW4lM0QlMjIlMjIlMjBsb2FkaW5nJTNEJTIybGF6eSUyMiUyMHJlZmVycmVycG9saWN5JTNEJTIybm8tcmVmZXJyZXItd2hlbi1kb3duZ3JhZGUlMjIlM0UlM0MlMkZpZnJhbWUlM0U=&#8221; title=&#8221;Meeting point : Nogent-sur-Marne&#8221;][\/vc_column][\/vc_row]<\/p>\n<\/div>","protected":false},"excerpt":{"rendered":"<p>[vc_row][vc_column][\/vc_column][\/vc_row][vc_row][vc_column width=&#8221;1\/2&#8243;][vc_single_image image=&#8221;19491&#8243; img_size=&#8221;477&#215;279&#8243; alignment=&#8221;center&#8221;][\/vc_column][vc_column width=&#8221;1\/2&#8243;][vc_empty_space][vc_column_text] Venez revivre l\u2019esprit de la fin du 19e &#8211; premi\u00e8re moiti\u00e9 du 20e si\u00e8cle quand les ouvriers d\u00e9couvraient les loisirs au bord de l&#8217;eau, [&hellip;]<\/p>\n","protected":false},"author":9,"featured_media":19485,"parent":0,"menu_order":0,"comment_status":"closed","ping_status":"closed","template":"","meta":{"_acf_changed":false,"footnotes":""},"class_list":["post-19508","page","type-page","status-publish","has-post-thumbnail","hentry"],"acf":[],"yoast_head":"<!-- This site is optimized with the Yoast SEO plugin v27.3 - https:\/\/yoast.com\/product\/yoast-seo-wordpress\/ -->\n<title>Les Guinguettes au bord de la Marne - Science Accueil<\/title>\n<meta name=\"robots\" content=\"index, follow, max-snippet:-1, max-image-preview:large, max-video-preview:-1\" \/>\n<link rel=\"canonical\" href=\"https:\/\/www.science-accueil.org\/en\/les-guinguettes-au-bord-de-la-marne\/\" \/>\n<meta property=\"og:locale\" content=\"en_US\" \/>\n<meta property=\"og:type\" content=\"article\" \/>\n<meta property=\"og:title\" content=\"Les Guinguettes au bord de la Marne - Science Accueil\" \/>\n<meta property=\"og:description\" content=\"[vc_row][vc_column][\/vc_column][\/vc_row][vc_row][vc_column width=&#8221;1\/2&#8243;][vc_single_image image=&#8221;19491&#8243; img_size=&#8221;477&#215;279&#8243; alignment=&#8221;center&#8221;][\/vc_column][vc_column width=&#8221;1\/2&#8243;][vc_empty_space][vc_column_text] Venez revivre l\u2019esprit de la fin du 19e &#8211; premi\u00e8re moiti\u00e9 du 20e si\u00e8cle quand les ouvriers d\u00e9couvraient les loisirs au bord de l&#8217;eau, [&hellip;]\" \/>\n<meta property=\"og:url\" content=\"https:\/\/www.science-accueil.org\/en\/les-guinguettes-au-bord-de-la-marne\/\" \/>\n<meta property=\"og:site_name\" content=\"Science Accueil\" \/>\n<meta property=\"article:modified_time\" content=\"2025-06-17T07:19:20+00:00\" \/>\n<meta property=\"og:image\" content=\"https:\/\/www.science-accueil.org\/wp-content\/uploads\/2023\/04\/WhatsApp-Image-2023-04-03-at-14.46.56-1.jpeg\" \/>\n\t<meta property=\"og:image:width\" content=\"1783\" \/>\n\t<meta property=\"og:image:height\" content=\"1387\" \/>\n\t<meta property=\"og:image:type\" content=\"image\/jpeg\" \/>\n<meta name=\"twitter:card\" content=\"summary_large_image\" \/>\n<meta name=\"twitter:label1\" content=\"Est. reading time\" \/>\n\t<meta name=\"twitter:data1\" content=\"2 minutes\" \/>\n<script type=\"application\/ld+json\" class=\"yoast-schema-graph\">{\"@context\":\"https:\\\/\\\/schema.org\",\"@graph\":[{\"@type\":\"WebPage\",\"@id\":\"https:\\\/\\\/www.science-accueil.org\\\/en\\\/les-guinguettes-au-bord-de-la-marne\\\/\",\"url\":\"https:\\\/\\\/www.science-accueil.org\\\/en\\\/les-guinguettes-au-bord-de-la-marne\\\/\",\"name\":\"Les Guinguettes au bord de la Marne - Science Accueil\",\"isPartOf\":{\"@id\":\"https:\\\/\\\/www.science-accueil.org\\\/en\\\/#website\"},\"primaryImageOfPage\":{\"@id\":\"https:\\\/\\\/www.science-accueil.org\\\/en\\\/les-guinguettes-au-bord-de-la-marne\\\/#primaryimage\"},\"image\":{\"@id\":\"https:\\\/\\\/www.science-accueil.org\\\/en\\\/les-guinguettes-au-bord-de-la-marne\\\/#primaryimage\"},\"thumbnailUrl\":\"https:\\\/\\\/www.science-accueil.org\\\/wp-content\\\/uploads\\\/2023\\\/04\\\/WhatsApp-Image-2023-04-03-at-14.46.56-1.jpeg\",\"datePublished\":\"2023-04-03T13:32:18+00:00\",\"dateModified\":\"2025-06-17T07:19:20+00:00\",\"breadcrumb\":{\"@id\":\"https:\\\/\\\/www.science-accueil.org\\\/en\\\/les-guinguettes-au-bord-de-la-marne\\\/#breadcrumb\"},\"inLanguage\":\"en-US\",\"potentialAction\":[{\"@type\":\"ReadAction\",\"target\":[\"https:\\\/\\\/www.science-accueil.org\\\/en\\\/les-guinguettes-au-bord-de-la-marne\\\/\"]}]},{\"@type\":\"ImageObject\",\"inLanguage\":\"en-US\",\"@id\":\"https:\\\/\\\/www.science-accueil.org\\\/en\\\/les-guinguettes-au-bord-de-la-marne\\\/#primaryimage\",\"url\":\"https:\\\/\\\/www.science-accueil.org\\\/wp-content\\\/uploads\\\/2023\\\/04\\\/WhatsApp-Image-2023-04-03-at-14.46.56-1.jpeg\",\"contentUrl\":\"https:\\\/\\\/www.science-accueil.org\\\/wp-content\\\/uploads\\\/2023\\\/04\\\/WhatsApp-Image-2023-04-03-at-14.46.56-1.jpeg\",\"width\":1783,\"height\":1387},{\"@type\":\"BreadcrumbList\",\"@id\":\"https:\\\/\\\/www.science-accueil.org\\\/en\\\/les-guinguettes-au-bord-de-la-marne\\\/#breadcrumb\",\"itemListElement\":[{\"@type\":\"ListItem\",\"position\":1,\"name\":\"Home\",\"item\":\"https:\\\/\\\/www.science-accueil.org\\\/en\\\/\"},{\"@type\":\"ListItem\",\"position\":2,\"name\":\"Les Guinguettes au bord de la Marne\"}]},{\"@type\":\"WebSite\",\"@id\":\"https:\\\/\\\/www.science-accueil.org\\\/en\\\/#website\",\"url\":\"https:\\\/\\\/www.science-accueil.org\\\/en\\\/\",\"name\":\"Science Accueil\",\"description\":\"\",\"potentialAction\":[{\"@type\":\"SearchAction\",\"target\":{\"@type\":\"EntryPoint\",\"urlTemplate\":\"https:\\\/\\\/www.science-accueil.org\\\/en\\\/?s={search_term_string}\"},\"query-input\":{\"@type\":\"PropertyValueSpecification\",\"valueRequired\":true,\"valueName\":\"search_term_string\"}}],\"inLanguage\":\"en-US\"}]}<\/script>\n<!-- \/ Yoast SEO plugin. -->","yoast_head_json":{"title":"Les Guinguettes au bord de la Marne - Science Accueil","robots":{"index":"index","follow":"follow","max-snippet":"max-snippet:-1","max-image-preview":"max-image-preview:large","max-video-preview":"max-video-preview:-1"},"canonical":"https:\/\/www.science-accueil.org\/en\/les-guinguettes-au-bord-de-la-marne\/","og_locale":"en_US","og_type":"article","og_title":"Les Guinguettes au bord de la Marne - Science Accueil","og_description":"[vc_row][vc_column][\/vc_column][\/vc_row][vc_row][vc_column width=&#8221;1\/2&#8243;][vc_single_image image=&#8221;19491&#8243; img_size=&#8221;477&#215;279&#8243; alignment=&#8221;center&#8221;][\/vc_column][vc_column width=&#8221;1\/2&#8243;][vc_empty_space][vc_column_text] Venez revivre l\u2019esprit de la fin du 19e &#8211; premi\u00e8re moiti\u00e9 du 20e si\u00e8cle quand les ouvriers d\u00e9couvraient les loisirs au bord de l&#8217;eau, [&hellip;]","og_url":"https:\/\/www.science-accueil.org\/en\/les-guinguettes-au-bord-de-la-marne\/","og_site_name":"Science Accueil","article_modified_time":"2025-06-17T07:19:20+00:00","og_image":[{"width":1783,"height":1387,"url":"https:\/\/www.science-accueil.org\/wp-content\/uploads\/2023\/04\/WhatsApp-Image-2023-04-03-at-14.46.56-1.jpeg","type":"image\/jpeg"}],"twitter_card":"summary_large_image","twitter_misc":{"Est. reading time":"2 minutes"},"schema":{"@context":"https:\/\/schema.org","@graph":[{"@type":"WebPage","@id":"https:\/\/www.science-accueil.org\/en\/les-guinguettes-au-bord-de-la-marne\/","url":"https:\/\/www.science-accueil.org\/en\/les-guinguettes-au-bord-de-la-marne\/","name":"Les Guinguettes au bord de la Marne - Science Accueil","isPartOf":{"@id":"https:\/\/www.science-accueil.org\/en\/#website"},"primaryImageOfPage":{"@id":"https:\/\/www.science-accueil.org\/en\/les-guinguettes-au-bord-de-la-marne\/#primaryimage"},"image":{"@id":"https:\/\/www.science-accueil.org\/en\/les-guinguettes-au-bord-de-la-marne\/#primaryimage"},"thumbnailUrl":"https:\/\/www.science-accueil.org\/wp-content\/uploads\/2023\/04\/WhatsApp-Image-2023-04-03-at-14.46.56-1.jpeg","datePublished":"2023-04-03T13:32:18+00:00","dateModified":"2025-06-17T07:19:20+00:00","breadcrumb":{"@id":"https:\/\/www.science-accueil.org\/en\/les-guinguettes-au-bord-de-la-marne\/#breadcrumb"},"inLanguage":"en-US","potentialAction":[{"@type":"ReadAction","target":["https:\/\/www.science-accueil.org\/en\/les-guinguettes-au-bord-de-la-marne\/"]}]},{"@type":"ImageObject","inLanguage":"en-US","@id":"https:\/\/www.science-accueil.org\/en\/les-guinguettes-au-bord-de-la-marne\/#primaryimage","url":"https:\/\/www.science-accueil.org\/wp-content\/uploads\/2023\/04\/WhatsApp-Image-2023-04-03-at-14.46.56-1.jpeg","contentUrl":"https:\/\/www.science-accueil.org\/wp-content\/uploads\/2023\/04\/WhatsApp-Image-2023-04-03-at-14.46.56-1.jpeg","width":1783,"height":1387},{"@type":"BreadcrumbList","@id":"https:\/\/www.science-accueil.org\/en\/les-guinguettes-au-bord-de-la-marne\/#breadcrumb","itemListElement":[{"@type":"ListItem","position":1,"name":"Home","item":"https:\/\/www.science-accueil.org\/en\/"},{"@type":"ListItem","position":2,"name":"Les Guinguettes au bord de la Marne"}]},{"@type":"WebSite","@id":"https:\/\/www.science-accueil.org\/en\/#website","url":"https:\/\/www.science-accueil.org\/en\/","name":"Science Accueil","description":"","potentialAction":[{"@type":"SearchAction","target":{"@type":"EntryPoint","urlTemplate":"https:\/\/www.science-accueil.org\/en\/?s={search_term_string}"},"query-input":{"@type":"PropertyValueSpecification","valueRequired":true,"valueName":"search_term_string"}}],"inLanguage":"en-US"}]}},"_links":{"self":[{"href":"https:\/\/www.science-accueil.org\/en\/wp-json\/wp\/v2\/pages\/19508","targetHints":{"allow":["GET"]}}],"collection":[{"href":"https:\/\/www.science-accueil.org\/en\/wp-json\/wp\/v2\/pages"}],"about":[{"href":"https:\/\/www.science-accueil.org\/en\/wp-json\/wp\/v2\/types\/page"}],"author":[{"embeddable":true,"href":"https:\/\/www.science-accueil.org\/en\/wp-json\/wp\/v2\/users\/9"}],"replies":[{"embeddable":true,"href":"https:\/\/www.science-accueil.org\/en\/wp-json\/wp\/v2\/comments?post=19508"}],"version-history":[{"count":5,"href":"https:\/\/www.science-accueil.org\/en\/wp-json\/wp\/v2\/pages\/19508\/revisions"}],"predecessor-version":[{"id":23147,"href":"https:\/\/www.science-accueil.org\/en\/wp-json\/wp\/v2\/pages\/19508\/revisions\/23147"}],"wp:featuredmedia":[{"embeddable":true,"href":"https:\/\/www.science-accueil.org\/en\/wp-json\/wp\/v2\/media\/19485"}],"wp:attachment":[{"href":"https:\/\/www.science-accueil.org\/en\/wp-json\/wp\/v2\/media?parent=19508"}],"curies":[{"name":"wp","href":"https:\/\/api.w.org\/{rel}","templated":true}]}}