{"id":14832,"date":"2021-09-02T17:47:47","date_gmt":"2021-09-02T15:47:47","guid":{"rendered":"https:\/\/www.science-accueil.org\/montmartre-et-la-boheme\/"},"modified":"2023-10-26T15:13:25","modified_gmt":"2023-10-26T13:13:25","slug":"montmartre-et-la-boheme","status":"publish","type":"page","link":"https:\/\/www.science-accueil.org\/en\/montmartre-et-la-boheme\/","title":{"rendered":"Montmartre et la boh\u00e8me"},"content":{"rendered":"<div class=\"wpb-content-wrapper\"><p>[vc_row][vc_column]\n        <div class=\"wtitle\">\n         \n            <h1 style=\"background: #de0f3f;color: #ffffff;border-color:#ffffff\">Montmartre et la vie de boh\u00e8me<\/h1>\n         \n        <\/div>[\/vc_column][\/vc_row][vc_row][vc_column width=&#8221;1\/2&#8243;][vc_single_image image=&#8221;14567&#8243; img_size=&#8221;medium&#8221; alignment=&#8221;center&#8221;][\/vc_column][vc_column width=&#8221;1\/2&#8243;][vc_column_text]<em><strong>Let&#8217;s discover an era: the Montmartre of the 50s, a time when painters, writers, singers and many artists of the time developed their talents: from \u00c9dith Piaf to Boris Vian, Patachou to Guy B\u00e9art, L\u00e9o Ferr\u00e9 to Brel and Nougaro, and even Sammy Davis Junior and Franck Sinatra came to soak up the atmosphere of the neighborhood.<\/strong><\/em><\/p>\n<p><em><strong>Discover the timeless ambiences and creations that inspired Montmartre and ensure that Paris will always be Paris. Our guide will take you back in time as we walk the steep streets of this magical district.<\/strong><\/em>[\/vc_column_text][\/vc_column][\/vc_row][vc_row][vc_column width=&#8221;1\/2&#8243;]\n        <div class=\"wtitle\">\n         \n            <h2 style=\"background: #ffffff;color: #de0f3f;border-color:#de0f3f\">Tour program - Saturday, November 18, 2023<\/h2>\n         \n        <\/div>[vc_column_text]<\/p>\n<ul>\n<li><strong>2pm<\/strong> Meeting point near Pigalle metro station.<br \/>\nOur tour will take us through the charming alleyways in the footsteps of the great artists who lived a bohemian life in this district in search of uncertain fame. Discover emblematic places: the vineyards, the cabaret du lapin agile, artists&#8217; houses, Am\u00e9lie Poulain&#8217;s caf\u00e9, and other more hidden spots&#8230;<\/li>\n<li><strong>4:30 pm<\/strong> The walk ends with an aperitif at a local brasserie.<\/li>\n<\/ul>\n<p>[\/vc_column_text]\n        <div class=\"wtitle\">\n         \n            <h2 style=\"background: #ffffff;color: #de0f3f;border-color:#de0f3f\">FINANCIAL PARTICIPATION AND REGISTRATION TERMS<\/h2>\n         \n        <\/div>[vc_column_text]<\/p>\n<ul>\n<li>Participation fee: \u20ac35 per person<\/li>\n<li>Payment on registration.<\/li>\n<\/ul>\n<p><a href=\"https:\/\/www.science-accueil.org\/tarifs-et-conditions-generales\/\"><strong>General terms and conditions<\/strong><\/a>[\/vc_column_text][vc_empty_space][vc_btn title=&#8221;To register&#8221; color=&#8221;juicy-pink&#8221; align=&#8221;center&#8221; link=&#8221;url:https%3A%2F%2Fdocs.google.com%2Fforms%2Fd%2Fe%2F1FAIpQLSetgumCY0Q2I15F_LQYPnK-hj2xhmnhpVw3EdWA_G7tzqNQUA%2Fviewform&#8221;][\/vc_column][vc_column width=&#8221;1\/2&#8243;][vc_single_image image=&#8221;14816&#8243; img_size=&#8221;large&#8221;][\/vc_column][\/vc_row]<\/p>\n<\/div>","protected":false},"excerpt":{"rendered":"<p>[vc_row][vc_column][\/vc_column][\/vc_row][vc_row][vc_column width=&#8221;1\/2&#8243;][vc_single_image image=&#8221;14567&#8243; img_size=&#8221;medium&#8221; alignment=&#8221;center&#8221;][\/vc_column][vc_column width=&#8221;1\/2&#8243;][vc_column_text]Let&#8217;s discover an era: the Montmartre of the 50s, a time when painters, writers, singers and many artists of the time developed their talents: from [&hellip;]<\/p>\n","protected":false},"author":9,"featured_media":0,"parent":0,"menu_order":0,"comment_status":"closed","ping_status":"closed","template":"","meta":{"_acf_changed":false,"footnotes":""},"class_list":["post-14832","page","type-page","status-publish","hentry"],"acf":[],"yoast_head":"<!-- This site is optimized with the Yoast SEO plugin v27.4 - https:\/\/yoast.com\/product\/yoast-seo-wordpress\/ -->\n<title>Montmartre et la boh\u00e8me - Science Accueil<\/title>\n<meta name=\"robots\" content=\"index, follow, max-snippet:-1, max-image-preview:large, max-video-preview:-1\" \/>\n<link rel=\"canonical\" href=\"https:\/\/www.science-accueil.org\/en\/montmartre-et-la-boheme\/\" \/>\n<meta property=\"og:locale\" content=\"en_US\" \/>\n<meta property=\"og:type\" content=\"article\" \/>\n<meta property=\"og:title\" content=\"Montmartre et la boh\u00e8me - Science Accueil\" \/>\n<meta property=\"og:description\" content=\"[vc_row][vc_column][\/vc_column][\/vc_row][vc_row][vc_column width=&#8221;1\/2&#8243;][vc_single_image image=&#8221;14567&#8243; img_size=&#8221;medium&#8221; alignment=&#8221;center&#8221;][\/vc_column][vc_column width=&#8221;1\/2&#8243;][vc_column_text]Let&#8217;s discover an era: the Montmartre of the 50s, a time when painters, writers, singers and many artists of the time developed their talents: from [&hellip;]\" \/>\n<meta property=\"og:url\" content=\"https:\/\/www.science-accueil.org\/en\/montmartre-et-la-boheme\/\" \/>\n<meta property=\"og:site_name\" content=\"Science Accueil\" \/>\n<meta property=\"article:modified_time\" content=\"2023-10-26T13:13:25+00:00\" \/>\n<meta name=\"twitter:card\" content=\"summary_large_image\" \/>\n<meta name=\"twitter:label1\" content=\"Est. reading time\" \/>\n\t<meta name=\"twitter:data1\" content=\"2 minutes\" \/>\n<script type=\"application\/ld+json\" class=\"yoast-schema-graph\">{\"@context\":\"https:\\\/\\\/schema.org\",\"@graph\":[{\"@type\":\"WebPage\",\"@id\":\"https:\\\/\\\/www.science-accueil.org\\\/en\\\/montmartre-et-la-boheme\\\/\",\"url\":\"https:\\\/\\\/www.science-accueil.org\\\/en\\\/montmartre-et-la-boheme\\\/\",\"name\":\"Montmartre et la boh\u00e8me - Science Accueil\",\"isPartOf\":{\"@id\":\"https:\\\/\\\/www.science-accueil.org\\\/en\\\/#website\"},\"datePublished\":\"2021-09-02T15:47:47+00:00\",\"dateModified\":\"2023-10-26T13:13:25+00:00\",\"breadcrumb\":{\"@id\":\"https:\\\/\\\/www.science-accueil.org\\\/en\\\/montmartre-et-la-boheme\\\/#breadcrumb\"},\"inLanguage\":\"en-US\",\"potentialAction\":[{\"@type\":\"ReadAction\",\"target\":[\"https:\\\/\\\/www.science-accueil.org\\\/en\\\/montmartre-et-la-boheme\\\/\"]}]},{\"@type\":\"BreadcrumbList\",\"@id\":\"https:\\\/\\\/www.science-accueil.org\\\/en\\\/montmartre-et-la-boheme\\\/#breadcrumb\",\"itemListElement\":[{\"@type\":\"ListItem\",\"position\":1,\"name\":\"Home\",\"item\":\"https:\\\/\\\/www.science-accueil.org\\\/en\\\/\"},{\"@type\":\"ListItem\",\"position\":2,\"name\":\"Montmartre et la boh\u00e8me\"}]},{\"@type\":\"WebSite\",\"@id\":\"https:\\\/\\\/www.science-accueil.org\\\/en\\\/#website\",\"url\":\"https:\\\/\\\/www.science-accueil.org\\\/en\\\/\",\"name\":\"Science Accueil\",\"description\":\"\",\"potentialAction\":[{\"@type\":\"SearchAction\",\"target\":{\"@type\":\"EntryPoint\",\"urlTemplate\":\"https:\\\/\\\/www.science-accueil.org\\\/en\\\/?s={search_term_string}\"},\"query-input\":{\"@type\":\"PropertyValueSpecification\",\"valueRequired\":true,\"valueName\":\"search_term_string\"}}],\"inLanguage\":\"en-US\"}]}<\/script>\n<!-- \/ Yoast SEO plugin. -->","yoast_head_json":{"title":"Montmartre et la boh\u00e8me - Science Accueil","robots":{"index":"index","follow":"follow","max-snippet":"max-snippet:-1","max-image-preview":"max-image-preview:large","max-video-preview":"max-video-preview:-1"},"canonical":"https:\/\/www.science-accueil.org\/en\/montmartre-et-la-boheme\/","og_locale":"en_US","og_type":"article","og_title":"Montmartre et la boh\u00e8me - Science Accueil","og_description":"[vc_row][vc_column][\/vc_column][\/vc_row][vc_row][vc_column width=&#8221;1\/2&#8243;][vc_single_image image=&#8221;14567&#8243; img_size=&#8221;medium&#8221; alignment=&#8221;center&#8221;][\/vc_column][vc_column width=&#8221;1\/2&#8243;][vc_column_text]Let&#8217;s discover an era: the Montmartre of the 50s, a time when painters, writers, singers and many artists of the time developed their talents: from [&hellip;]","og_url":"https:\/\/www.science-accueil.org\/en\/montmartre-et-la-boheme\/","og_site_name":"Science Accueil","article_modified_time":"2023-10-26T13:13:25+00:00","twitter_card":"summary_large_image","twitter_misc":{"Est. reading time":"2 minutes"},"schema":{"@context":"https:\/\/schema.org","@graph":[{"@type":"WebPage","@id":"https:\/\/www.science-accueil.org\/en\/montmartre-et-la-boheme\/","url":"https:\/\/www.science-accueil.org\/en\/montmartre-et-la-boheme\/","name":"Montmartre et la boh\u00e8me - Science Accueil","isPartOf":{"@id":"https:\/\/www.science-accueil.org\/en\/#website"},"datePublished":"2021-09-02T15:47:47+00:00","dateModified":"2023-10-26T13:13:25+00:00","breadcrumb":{"@id":"https:\/\/www.science-accueil.org\/en\/montmartre-et-la-boheme\/#breadcrumb"},"inLanguage":"en-US","potentialAction":[{"@type":"ReadAction","target":["https:\/\/www.science-accueil.org\/en\/montmartre-et-la-boheme\/"]}]},{"@type":"BreadcrumbList","@id":"https:\/\/www.science-accueil.org\/en\/montmartre-et-la-boheme\/#breadcrumb","itemListElement":[{"@type":"ListItem","position":1,"name":"Home","item":"https:\/\/www.science-accueil.org\/en\/"},{"@type":"ListItem","position":2,"name":"Montmartre et la boh\u00e8me"}]},{"@type":"WebSite","@id":"https:\/\/www.science-accueil.org\/en\/#website","url":"https:\/\/www.science-accueil.org\/en\/","name":"Science Accueil","description":"","potentialAction":[{"@type":"SearchAction","target":{"@type":"EntryPoint","urlTemplate":"https:\/\/www.science-accueil.org\/en\/?s={search_term_string}"},"query-input":{"@type":"PropertyValueSpecification","valueRequired":true,"valueName":"search_term_string"}}],"inLanguage":"en-US"}]}},"_links":{"self":[{"href":"https:\/\/www.science-accueil.org\/en\/wp-json\/wp\/v2\/pages\/14832","targetHints":{"allow":["GET"]}}],"collection":[{"href":"https:\/\/www.science-accueil.org\/en\/wp-json\/wp\/v2\/pages"}],"about":[{"href":"https:\/\/www.science-accueil.org\/en\/wp-json\/wp\/v2\/types\/page"}],"author":[{"embeddable":true,"href":"https:\/\/www.science-accueil.org\/en\/wp-json\/wp\/v2\/users\/9"}],"replies":[{"embeddable":true,"href":"https:\/\/www.science-accueil.org\/en\/wp-json\/wp\/v2\/comments?post=14832"}],"version-history":[{"count":5,"href":"https:\/\/www.science-accueil.org\/en\/wp-json\/wp\/v2\/pages\/14832\/revisions"}],"predecessor-version":[{"id":20528,"href":"https:\/\/www.science-accueil.org\/en\/wp-json\/wp\/v2\/pages\/14832\/revisions\/20528"}],"wp:attachment":[{"href":"https:\/\/www.science-accueil.org\/en\/wp-json\/wp\/v2\/media?parent=14832"}],"curies":[{"name":"wp","href":"https:\/\/api.w.org\/{rel}","templated":true}]}}