{"id":14517,"date":"2021-06-10T11:28:10","date_gmt":"2021-06-10T09:28:10","guid":{"rendered":"https:\/\/www.science-accueil.org\/dematerialisation-de-la-demande-de-titre-de-sejour-pour-les-passeport-talent\/"},"modified":"2023-08-23T03:10:38","modified_gmt":"2023-08-23T01:10:38","slug":"dematerialisation-de-la-demande-de-titre-de-sejour-pour-les-passeport-talent","status":"publish","type":"page","link":"https:\/\/www.science-accueil.org\/en\/dematerialisation-de-la-demande-de-titre-de-sejour-pour-les-passeport-talent\/","title":{"rendered":"D\u00e9mat\u00e9rialisation de la demande de titre de s\u00e9jour pour les \u00ab Passeport talent \u00bb"},"content":{"rendered":"<div class=\"wpb-content-wrapper\"><p>[vc_row][vc_column]\n        <div class=\"wtitle\">\n         \n            <h1 style=\"background: #c3d312;color: #ffffff;border-color:#ffffff\">D\u00e9mat\u00e9rialisation de la demande de titre de s\u00e9jour pour les \u00ab Passeport talent \u00bb<\/h1>\n         \n        <\/div>[\/vc_column][\/vc_row][vc_row][vc_column]\n        <div class=\"wtitle\">\n         \n            <h3 style=\"background: #ffffff;color: #c3d312;border-color:#c3d312\">Qui est concern\u00e9 ?<\/h3>\n         \n        <\/div>[vc_column_text]<\/p>\n<ul>\n<li>Les chercheurs et doctorants d\u00e9tenteurs d\u2019une convention d\u2019accueil<\/li>\n<li>Les salari\u00e9s qualifi\u00e9s ayant un CDD de plus de 3 mois ou un CDI, avec un salaire annuel brut de 38\u00a0475\u00a0\u20ac \u20ac au minimum.<\/li>\n<li>Les familles d\u00e9tenteurs d\u2019un \u00ab\u00a0passeport talent famille\u00a0\u00bb<\/li>\n<li>Les emplois hautement qualifi\u00e9s ayant un contrat de travail d\u2019un an minimum et un salaire annuel brut de 53.837 \u20ac au moins.<\/li>\n<li>Les salari\u00e9s recrut\u00e9s dans une entreprise innovante (<a href=\"https:\/\/www.service-public.fr\/professionnels-entreprises\/vosdroits\/F31188\">https:\/\/www.service-public.fr\/professionnels-entreprises\/vosdroits\/F31188<\/a>) avec un salaire annuel brut de 38\u00a0475\u00a0\u20ac \u20ac minimum.<\/li>\n<li>Les salari\u00e9s en mission<\/li>\n<li>Il existe d\u2019autres types de \u00ab\u00a0passeport talent\u00a0\u00bb. Nous consulter pour plus d\u2019informations.<\/li>\n<\/ul>\n<p>&nbsp;<\/p>\n<p><strong>Bon \u00e0 savoir :<\/strong> les scientifiques alg\u00e9riens ne sont pas concern\u00e9s par la proc\u00e9dure sur l&#8217;ANEF pour l&#8217;instant, car ils n&#8217;ont pas de Passeport talent. Ils doivent d\u00e9poser leur demande de certificat de r\u00e9sidence alg\u00e9rien mention scientifique directement aupr\u00e8s de leur pr\u00e9fecture, sur rendez-vous.[\/vc_column_text][vc_empty_space]\n        <div class=\"wtitle\">\n         \n            <h3 style=\"background: #ffffff;color: #c3d312;border-color:#c3d312\">Comment s\u2019y rendre ?<\/h3>\n         \n        <\/div>[vc_column_text]<\/p>\n<div>\n<p>Pour vous rendre sur le site :<\/p><\/div>\n<div>\n<p>Il s\u2019agit du m\u00eame site que celui d\u00e9di\u00e9 \u00e0 la validation d\u2019un <a href=\"https:\/\/administration-etrangers-en-france.interieur.gouv.fr\/particuliers\/#\/\" target=\"_blank\" rel=\"noopener noreferrer\">VLS-TS<\/a><\/div>\n<p>[\/vc_column_text][vc_empty_space]\n        <div class=\"wtitle\">\n         \n            <h3 style=\"background: #ffffff;color: #c3d312;border-color:#c3d312\">Quelles pi\u00e8ces devez-vous pr\u00e9parer et scanner avant de r\u00e9aliser la proc\u00e9dure en ligne ?<\/h3>\n         \n        <\/div>[\/vc_column][\/vc_row][vc_row][vc_column][vc_empty_space][vc_column_text]<\/p>\n<div>\n<p>Le Minist\u00e8re de l\u2019Int\u00e9rieur a commenc\u00e9 la proc\u00e9dure de d\u00e9mat\u00e9rialisation pour les demandes de titres de s\u00e9jours dans le but de simplifier l\u2019acc\u00e8s aux services pour les usagers \u00e9trangers.<\/p>\n<p><span style=\"font-size: 16px;\">Dor\u00e9navant, la demande d\u00e9mat\u00e9rialis\u00e9e de titre de s\u00e9jour est ouverte au public chercheur, doctorant, salari\u00e9 qualifi\u00e9 et leurs familles titulaires d\u2019un \u00ab\u00a0passeport talent\u00a0\u00bb. Cela permet de r\u00e9aliser votre d\u00e9p\u00f4t de demande en ligne gr\u00e2ce \u00e0 la mise en \u0153uvre de l\u2019application de l\u2019ANEF.<\/span><\/div>\n<p>[\/vc_column_text][vc_empty_space]\n        <div class=\"wtitle\">\n         \n            <h3 style=\"background: #ffffff;color: #c3d312;border-color:#c3d312\">Qu\u2019est-ce que l\u2019ANEF ?<\/h3>\n         \n        <\/div>[\/vc_column][\/vc_row][vc_row][vc_column][vc_column_text]<\/p>\n<div>\n<p>L\u2019Administration Num\u00e9rique pour les Etrangers en France (ANEF) permet aux \u00e9trangers de faire une demande de titre de s\u00e9jour en ligne, depuis diff\u00e9rents moyens de connexion (smartphone, tablette, ordinateur) au sein d\u2019un portail de demande unifi\u00e9 pour am\u00e9liorer les conditions d\u2019accueil des usagers \u00e9trangers.<\/p><\/div>\n<div>\n<p>Une fois sur le site, vous devez cliquer sur\u00a0: <b>Je demande ou renouvelle un Titre de S\u00e9jour<\/b><\/div>\n<p>[\/vc_column_text][vc_empty_space]\n        <div class=\"wtitle\">\n         \n            <h3 style=\"background: #ffffff;color: #c3d312;border-color:#c3d312\">Quelles pi\u00e8ces devez-vous pr\u00e9parer et scanner avant de r\u00e9aliser la proc\u00e9dure en ligne ?<\/h3>\n         \n        <\/div>[\/vc_column][\/vc_row][vc_row][vc_column width=&#8221;2\/3&#8243;][vc_column_text]<\/p>\n<ul>\n<li>Documents li\u00e9s \u00e0 votre identit\u00e9,<\/li>\n<li>Documents li\u00e9s \u00e0 votre situation familiale,<\/li>\n<li>Justificatif de domicile,<\/li>\n<li>Documents li\u00e9s \u00e0 votre situation professionnelle,<\/li>\n<li>e-photo, vous pouvez vous rendre dans une cabine de photomaton et choisir le format e-photo pour permis de conduire ou chercher un photographe agr\u00e9\u00e9, vous devrez saisir le num\u00e9ro surlign\u00e9\u00a0 sur l\u2019image \u00e0 droite.<\/li>\n<\/ul>\n<p>&nbsp;<\/p>\n<p>&nbsp;[\/vc_column_text]\n        <div class=\"wtitle\">\n         \n            <h3 style=\"background: #ffffff;color: #c3d312;border-color:#c3d312\">Comment cr\u00e9er votre compte ?<\/h3>\n         \n        <\/div>[\/vc_column][vc_column width=&#8221;1\/3&#8243;][vc_single_image image=&#8221;13038&#8243; img_size=&#8221;medium&#8221;][\/vc_column][\/vc_row][vc_row][vc_column][vc_column_text]<\/p>\n<div>\n<p>Si vous avez d\u00e9j\u00e0 un compte ANEF : saisissez votre identifiant et votre mot de passe.<\/p><\/div>\n<div>\n<p>Si vous poss\u00e9dez un titre de s\u00e9jour mais que vous n\u2019avez pas de compte ANEF : vous devez saisir le num\u00e9ro, les dates de d\u00e9but et fin de validit\u00e9 de votre titre de s\u00e9jour puis suivre le processus pour cr\u00e9er votre compte.<\/p><\/div>\n<div>\n<p>Si vous poss\u00e9dez un visa (pas d\u2019identifiant \u00e9tranger, pas de compte ANEF) : saisissez votre num\u00e9ro de visa, les dates de d\u00e9but et fin de validit\u00e9 de votre visa puis suivez le processus qui aboutira \u00e0 la cr\u00e9ation de votre compte apr\u00e8s instruction.<\/p><\/div>\n<p>[\/vc_column_text][vc_empty_space]\n        <div class=\"wtitle\">\n         \n            <h3 style=\"background: #ffffff;color: #c3d312;border-color:#c3d312\">Quelles sont les \u00e9tapes \u00e0 suivre apr\u00e8s la cr\u00e9ation de votre compte :<\/h3>\n         \n        <\/div>[vc_column_text]Le d\u00e9p\u00f4t de votre demande en 5 \u00e9tapes\u00a0:<\/p>\n<ol>\n<li><strong>Premi\u00e8re \u00e9tape\u00a0:<\/strong><br \/>\n<strong>Informations personnelles<\/strong>, v\u00e9rifiez les informations relatives \u00e0 votre \u00e9tat civil et votre adresse. N\u2019oubliez pas de bien saisir votre num\u00e9ro de t\u00e9l\u00e9phone portable<\/li>\n<li><strong>Deuxi\u00e8me \u00e9tape\u00a0:<\/strong><br \/>\nCompl\u00e9ter le formulaire et t\u00e9l\u00e9charger les pi\u00e8ces demand\u00e9es.<\/li>\n<li><strong>Troisi\u00e8me \u00e9tape\u00a0:<\/strong><br \/>\nR\u00e9capitulatif, v\u00e9rifiez le r\u00e9capitulatif de votre demande et de vos documents. Vous pouvez v\u00e9rifier les informations saisies ou les pi\u00e8ces justificatives. Une fois la demande est d\u00e9pos\u00e9e, vous ne pouvez plus la modifier.<\/li>\n<li><strong>Quatri\u00e8me \u00e9tape\u00a0:<\/strong><br \/>\nConfirmation, le d\u00e9p\u00f4t de votre demande est confirm\u00e9. En fin de t\u00e9l\u00e9proc\u00e9dure, un message confirmant l\u2019enregistrement de la demande sera affich\u00e9. Vous recevrez un accus\u00e9 de r\u00e9ception (v\u00e9rifiez toujours la rubrique \u00ab\u00a0spam\u00a0\u00bb de votre bo\u00eete e-mail) Vous pouvez t\u00e9l\u00e9charger directement votre confirmation de d\u00e9p\u00f4t de demande. Ce document sera disponible sur votre compte ANEF<\/li>\n<\/ol>\n<p><strong>Attention : <\/strong>la \u00ab confirmation du d\u00e9p\u00f4t \u00bb ne constitue pas une preuve de r\u00e9gularit\u00e9 du s\u00e9jour et ne permet pas l\u2019ouverture de droits associ\u00e9s \u00e0 un s\u00e9jour r\u00e9gulier. Pour les premi\u00e8res demandes, le document n\u2019ouvre aucun droit et ne permet pas l\u2019exercice d\u2019une activit\u00e9 professionnelle. Les fronti\u00e8res de l\u2019espace Schengen ne peuvent pas \u00eatre franchies.<\/p>\n<p>Pour les renouvellements, une attestation de prolongation d\u2019instruction d\u2019une demande de titre de s\u00e9jour est \u00e9dit\u00e9e. L\u2019attestation autorise le s\u00e9jour en France et justifie le maintien de l\u2019ensemble des droits ouverts en raison du titre de s\u00e9jour pr\u00e9c\u00e9demment d\u00e9tenu. Si le titre permettait d\u2019exercer une activit\u00e9 professionnelle, elle peut se poursuivre pendant la dur\u00e9e de validit\u00e9 de l\u2019attestation. Elle autorise le franchissement des fronti\u00e8res Schengen. Elle ne permet pas l\u2019ouverture de droits nouveaux.<\/p>\n<ol start=\"5\">\n<li><strong>Cinqui\u00e8me \u00e9tape\u00a0:<\/strong><br \/>\nQuand la pr\u00e9fecture aura valid\u00e9 votre dossier, vous recevrez une attestation de d\u00e9cision favorable qu&#8217;il faudra t\u00e9l\u00e9charger. Cette attestation remplace le r\u00e9c\u00e9piss\u00e9. Elle vous permet de travailler et de voyager (sauf dans le cas d\u2019une premi\u00e8re demande de titre de s\u00e9jour).<br \/>\nPuis vous serez convoqu\u00e9 par la sous-pr\u00e9fecture pour r\u00e9cup\u00e9rer votre carte de s\u00e9jour, quand elle sera fabriqu\u00e9e.<\/li>\n<\/ol>\n<p>[\/vc_column_text][vc_empty_space][vc_empty_space][\/vc_column][\/vc_row][vc_row][vc_column width=&#8221;2\/3&#8243;][vc_row_inner][vc_column_inner][vc_column_text]<\/p>\n<div>\n<p><strong>IMPORTANT<\/strong> :<br \/>\nSi vous avez besoin d\u2019aide pour pr\u00e9parer ou effectuer cette proc\u00e9dure, vous pouvez vous adresser \u00e0 Science Accueil (<a href=\"https:\/\/www.science-accueil.org\/en\/etablissements-membres-de-science-accueil\/\">voir si vous \u00eates \u00e9ligible<\/a>) ou sur le Guichet d&#8217;Accueil des Talents Etrangers (<a href=\"https:\/\/gate.paris-saclay.fr\">GATE<\/a>) \u00a0pendant la p\u00e9riode d&#8217;ouverture.<\/p>\n<p>Pensez dans la mesure du possible \u00e0 vous munir des toutes les pi\u00e8ces justificatives et de l\u2019e-photo avant de vous pr\u00e9senter \u00e0 votre rendez-vous.<\/p>\n<\/div>\n<p>[\/vc_column_text][\/vc_column_inner][\/vc_row_inner][\/vc_column][vc_column width=&#8221;1\/3&#8243;][vc_empty_space][vc_single_image image=&#8221;13054&#8243; img_size=&#8221;medium&#8221;][\/vc_column][\/vc_row]<\/p>\n<\/div>","protected":false},"excerpt":{"rendered":"<p>[vc_row][vc_column][\/vc_column][\/vc_row][vc_row][vc_column][vc_column_text] Les chercheurs et doctorants d\u00e9tenteurs d\u2019une convention d\u2019accueil Les salari\u00e9s qualifi\u00e9s ayant un CDD de plus de 3 mois ou un CDI, avec un salaire annuel brut de 38\u00a0475\u00a0\u20ac [&hellip;]<\/p>\n","protected":false},"author":9,"featured_media":0,"parent":0,"menu_order":0,"comment_status":"closed","ping_status":"closed","template":"","meta":{"_acf_changed":false,"footnotes":""},"class_list":["post-14517","page","type-page","status-publish","hentry"],"acf":[],"yoast_head":"<!-- This site is optimized with the Yoast SEO plugin v27.4 - https:\/\/yoast.com\/product\/yoast-seo-wordpress\/ -->\n<title>D\u00e9mat\u00e9rialisation de la demande de titre de s\u00e9jour pour les \u00ab Passeport talent \u00bb - Science Accueil<\/title>\n<meta name=\"robots\" content=\"index, follow, max-snippet:-1, max-image-preview:large, max-video-preview:-1\" \/>\n<link rel=\"canonical\" href=\"https:\/\/www.science-accueil.org\/en\/dematerialisation-de-la-demande-de-titre-de-sejour-pour-les-passeport-talent\/\" \/>\n<meta property=\"og:locale\" content=\"en_US\" \/>\n<meta property=\"og:type\" content=\"article\" \/>\n<meta property=\"og:title\" content=\"D\u00e9mat\u00e9rialisation de la demande de titre de s\u00e9jour pour les \u00ab Passeport talent \u00bb - Science Accueil\" \/>\n<meta property=\"og:description\" content=\"[vc_row][vc_column][\/vc_column][\/vc_row][vc_row][vc_column][vc_column_text] Les chercheurs et doctorants d\u00e9tenteurs d\u2019une convention d\u2019accueil Les salari\u00e9s qualifi\u00e9s ayant un CDD de plus de 3 mois ou un CDI, avec un salaire annuel brut de 38\u00a0475\u00a0\u20ac [&hellip;]\" \/>\n<meta property=\"og:url\" content=\"https:\/\/www.science-accueil.org\/en\/dematerialisation-de-la-demande-de-titre-de-sejour-pour-les-passeport-talent\/\" \/>\n<meta property=\"og:site_name\" content=\"Science Accueil\" \/>\n<meta property=\"article:modified_time\" content=\"2023-08-23T01:10:38+00:00\" \/>\n<meta name=\"twitter:card\" content=\"summary_large_image\" \/>\n<meta name=\"twitter:label1\" content=\"Est. reading time\" \/>\n\t<meta name=\"twitter:data1\" content=\"6 minutes\" \/>\n<script type=\"application\/ld+json\" class=\"yoast-schema-graph\">{\"@context\":\"https:\\\/\\\/schema.org\",\"@graph\":[{\"@type\":\"WebPage\",\"@id\":\"https:\\\/\\\/www.science-accueil.org\\\/en\\\/dematerialisation-de-la-demande-de-titre-de-sejour-pour-les-passeport-talent\\\/\",\"url\":\"https:\\\/\\\/www.science-accueil.org\\\/en\\\/dematerialisation-de-la-demande-de-titre-de-sejour-pour-les-passeport-talent\\\/\",\"name\":\"D\u00e9mat\u00e9rialisation de la demande de titre de s\u00e9jour pour les \u00ab Passeport talent \u00bb - Science Accueil\",\"isPartOf\":{\"@id\":\"https:\\\/\\\/www.science-accueil.org\\\/en\\\/#website\"},\"datePublished\":\"2021-06-10T09:28:10+00:00\",\"dateModified\":\"2023-08-23T01:10:38+00:00\",\"breadcrumb\":{\"@id\":\"https:\\\/\\\/www.science-accueil.org\\\/en\\\/dematerialisation-de-la-demande-de-titre-de-sejour-pour-les-passeport-talent\\\/#breadcrumb\"},\"inLanguage\":\"en-US\",\"potentialAction\":[{\"@type\":\"ReadAction\",\"target\":[\"https:\\\/\\\/www.science-accueil.org\\\/en\\\/dematerialisation-de-la-demande-de-titre-de-sejour-pour-les-passeport-talent\\\/\"]}]},{\"@type\":\"BreadcrumbList\",\"@id\":\"https:\\\/\\\/www.science-accueil.org\\\/en\\\/dematerialisation-de-la-demande-de-titre-de-sejour-pour-les-passeport-talent\\\/#breadcrumb\",\"itemListElement\":[{\"@type\":\"ListItem\",\"position\":1,\"name\":\"Home\",\"item\":\"https:\\\/\\\/www.science-accueil.org\\\/en\\\/\"},{\"@type\":\"ListItem\",\"position\":2,\"name\":\"D\u00e9mat\u00e9rialisation de la demande de titre de s\u00e9jour pour les \u00ab Passeport talent \u00bb\"}]},{\"@type\":\"WebSite\",\"@id\":\"https:\\\/\\\/www.science-accueil.org\\\/en\\\/#website\",\"url\":\"https:\\\/\\\/www.science-accueil.org\\\/en\\\/\",\"name\":\"Science Accueil\",\"description\":\"\",\"potentialAction\":[{\"@type\":\"SearchAction\",\"target\":{\"@type\":\"EntryPoint\",\"urlTemplate\":\"https:\\\/\\\/www.science-accueil.org\\\/en\\\/?s={search_term_string}\"},\"query-input\":{\"@type\":\"PropertyValueSpecification\",\"valueRequired\":true,\"valueName\":\"search_term_string\"}}],\"inLanguage\":\"en-US\"}]}<\/script>\n<!-- \/ Yoast SEO plugin. -->","yoast_head_json":{"title":"D\u00e9mat\u00e9rialisation de la demande de titre de s\u00e9jour pour les \u00ab Passeport talent \u00bb - Science Accueil","robots":{"index":"index","follow":"follow","max-snippet":"max-snippet:-1","max-image-preview":"max-image-preview:large","max-video-preview":"max-video-preview:-1"},"canonical":"https:\/\/www.science-accueil.org\/en\/dematerialisation-de-la-demande-de-titre-de-sejour-pour-les-passeport-talent\/","og_locale":"en_US","og_type":"article","og_title":"D\u00e9mat\u00e9rialisation de la demande de titre de s\u00e9jour pour les \u00ab Passeport talent \u00bb - Science Accueil","og_description":"[vc_row][vc_column][\/vc_column][\/vc_row][vc_row][vc_column][vc_column_text] Les chercheurs et doctorants d\u00e9tenteurs d\u2019une convention d\u2019accueil Les salari\u00e9s qualifi\u00e9s ayant un CDD de plus de 3 mois ou un CDI, avec un salaire annuel brut de 38\u00a0475\u00a0\u20ac [&hellip;]","og_url":"https:\/\/www.science-accueil.org\/en\/dematerialisation-de-la-demande-de-titre-de-sejour-pour-les-passeport-talent\/","og_site_name":"Science Accueil","article_modified_time":"2023-08-23T01:10:38+00:00","twitter_card":"summary_large_image","twitter_misc":{"Est. reading time":"6 minutes"},"schema":{"@context":"https:\/\/schema.org","@graph":[{"@type":"WebPage","@id":"https:\/\/www.science-accueil.org\/en\/dematerialisation-de-la-demande-de-titre-de-sejour-pour-les-passeport-talent\/","url":"https:\/\/www.science-accueil.org\/en\/dematerialisation-de-la-demande-de-titre-de-sejour-pour-les-passeport-talent\/","name":"D\u00e9mat\u00e9rialisation de la demande de titre de s\u00e9jour pour les \u00ab Passeport talent \u00bb - Science Accueil","isPartOf":{"@id":"https:\/\/www.science-accueil.org\/en\/#website"},"datePublished":"2021-06-10T09:28:10+00:00","dateModified":"2023-08-23T01:10:38+00:00","breadcrumb":{"@id":"https:\/\/www.science-accueil.org\/en\/dematerialisation-de-la-demande-de-titre-de-sejour-pour-les-passeport-talent\/#breadcrumb"},"inLanguage":"en-US","potentialAction":[{"@type":"ReadAction","target":["https:\/\/www.science-accueil.org\/en\/dematerialisation-de-la-demande-de-titre-de-sejour-pour-les-passeport-talent\/"]}]},{"@type":"BreadcrumbList","@id":"https:\/\/www.science-accueil.org\/en\/dematerialisation-de-la-demande-de-titre-de-sejour-pour-les-passeport-talent\/#breadcrumb","itemListElement":[{"@type":"ListItem","position":1,"name":"Home","item":"https:\/\/www.science-accueil.org\/en\/"},{"@type":"ListItem","position":2,"name":"D\u00e9mat\u00e9rialisation de la demande de titre de s\u00e9jour pour les \u00ab Passeport talent \u00bb"}]},{"@type":"WebSite","@id":"https:\/\/www.science-accueil.org\/en\/#website","url":"https:\/\/www.science-accueil.org\/en\/","name":"Science Accueil","description":"","potentialAction":[{"@type":"SearchAction","target":{"@type":"EntryPoint","urlTemplate":"https:\/\/www.science-accueil.org\/en\/?s={search_term_string}"},"query-input":{"@type":"PropertyValueSpecification","valueRequired":true,"valueName":"search_term_string"}}],"inLanguage":"en-US"}]}},"_links":{"self":[{"href":"https:\/\/www.science-accueil.org\/en\/wp-json\/wp\/v2\/pages\/14517","targetHints":{"allow":["GET"]}}],"collection":[{"href":"https:\/\/www.science-accueil.org\/en\/wp-json\/wp\/v2\/pages"}],"about":[{"href":"https:\/\/www.science-accueil.org\/en\/wp-json\/wp\/v2\/types\/page"}],"author":[{"embeddable":true,"href":"https:\/\/www.science-accueil.org\/en\/wp-json\/wp\/v2\/users\/9"}],"replies":[{"embeddable":true,"href":"https:\/\/www.science-accueil.org\/en\/wp-json\/wp\/v2\/comments?post=14517"}],"version-history":[{"count":5,"href":"https:\/\/www.science-accueil.org\/en\/wp-json\/wp\/v2\/pages\/14517\/revisions"}],"predecessor-version":[{"id":20077,"href":"https:\/\/www.science-accueil.org\/en\/wp-json\/wp\/v2\/pages\/14517\/revisions\/20077"}],"wp:attachment":[{"href":"https:\/\/www.science-accueil.org\/en\/wp-json\/wp\/v2\/media?parent=14517"}],"curies":[{"name":"wp","href":"https:\/\/api.w.org\/{rel}","templated":true}]}}